{"id":79508,"date":"2025-07-11T17:05:50","date_gmt":"2025-07-11T14:05:50","guid":{"rendered":"https:\/\/demo8.ecube.lv\/sezona.lv\/products\/levenhuk-rainbow-50l-plus-violeta-krasa-64x-1280x\/"},"modified":"2025-07-14T15:41:15","modified_gmt":"2025-07-14T12:41:15","slug":"levenhuk-rainbow-50l-plus-violeta-krasa-64x-1280x","status":"publish","type":"product","link":"https:\/\/sezona.lv\/en\/products\/levenhuk-rainbow-50l-plus-violeta-krasa-64x-1280x\/","title":{"rendered":"Levenhuk Rainbow 50L PLUS Violet\u0101 kr\u0101s\u0101 64x &#8211; 1280x"},"content":{"rendered":"<p style=\"margin-bottom: 10px;padding: 0px\">Levenhuk  Rainbow 50L PLUS &ndash; ide\u0101la dizaina kombin\u0101cija, lieliska optika un  ergonomisks korpuss. T\u0101pat, k\u0101 citi mode\u013ci Levenhuk Rainbow \u0123imen\u0113, &scaron;ie  mikroskopi ir piem\u0113roti priek&scaron; jauniem p\u0113tniekiem. Katrs modelis n\u0101k  kop\u0101 ar Levenhuk K50 eksperimentu komplektu, kur\u0101 ir viss  nepiecie&scaron;amais, lai p\u0113t\u012btu mikrokosma m\u012bklas.<\/p>\n<p style=\"margin-bottom: 10px;padding: 0px\">Ar  to uzlaboto optiku un pla&scaron;\u0101 diapazona palielin\u0101jumiem, Levenhuk Rainbow  50L PLUS mikroskopi ir piem\u0113roti biolo\u0123ijas studentiem un laboratorijas  tehni\u0137iem. Mikroskopa optika ar vair\u0101ku sl\u0101\u0146u p\u0101rkl\u0101jumu un univers\u0101l\u0101  apgaismojuma sist\u0113ma \u013cauj skat\u012bties caursp\u012bd\u012bgu, necaurredzamu un vid\u0113ji  caurredzamus paraugus.<\/p>\n<p style=\"margin-bottom: 10px;padding: 0px\">&Scaron;o  mikroskopu \u012bpa&scaron;\u0101 iez\u012bme ir to liel\u0101 palielin\u0101juma sp\u0113jas. Pateicoties  2x Barlova l\u0113cai, j\u016bs varat ieg\u016bt 64x, 128x, 160x, 320x, 640x un pat  1280x palielin\u0101jumu! Levenhuk Rainbow 50L PLUS mikroskopi ir apr\u012bkoti ar  atsperes meh\u0101nisma l\u0113cu- ja l\u0113ca pieskaras slaidam fokus\u0113&scaron;anas procesa  laik\u0101, atsperes meh\u0101nisms pasarg\u0101s optiku no boj\u0101jumiem. Mikroskopam ir  iztur\u012bgs met\u0101la korpuss, kas nodro&scaron;ina ilgu kalpo&scaron;anas m\u016b\u017eu, pat ja tas  intens\u012bvi tiek lietots skol\u0101, augstskol\u0101s vai medic\u012bnas laboratorij\u0101s.<\/p>\n<p style=\"margin-bottom: 10px;padding: 0px\">Katrs  mikroskops n\u0101k kop\u0101 ar \u012bpa&scaron;u aizsarg\u0101jo&scaron;u plastmasas futl\u0101ri, kas  instrumentu aizsarg\u0101 no putek\u013ciem un meh\u0101niskiem boj\u0101jumiem. Levenhuk  D50L PLUS modelis ir kvalitat\u012bvs digit\u0101lais mikroskops, kas ir  izstr\u0101d\u0101ts fotogr\u0101fiju un video uz\u0146em&scaron;anai. Tas jums pal\u012bdz\u0113s dal\u012bties  ar j\u016bsu p\u0113t\u012bjumu rezult\u0101tiem ar j\u016bsu draugiem, kol\u0113\u0123iem un \u0123imenes  locek\u013ciem.<\/p>\n<p style=\"margin-bottom: 10px;padding: 0px\">Levenhuk Rainbow 50L PLUS mikroskops ir pieejams 5 spilgt\u0101s kr\u0101sas &ndash; tikai izv\u0113lieties to, kura jums vislab\u0101k pat\u012bk!<\/p>\n<p style=\"margin-bottom: 10px;padding: 0px\">Levenhuk  Rainbow 50L PLUS mikroskops k\u013c\u016bs par lielisku d\u0101vanu zin\u0101tk\u0101ram  pusaudzim, biolo\u0123ijas studentam vai laboratorijas tehni\u0137im. &Scaron;\u012b  instrumenta maksim\u0101lais palielin\u0101juma sp\u0113ks ir 1280x &ndash;piln\u012bb\u0101 pietiek,  lai izp\u0113t\u012btu mikroskopisko paraugu vissmalk\u0101kaj\u0101s deta\u013c\u0101s. Modelim ir  iztur\u012bgs un dro&scaron;s korpuss &#8211; Rainbow 50L PLUS mikroskopu var lietot m\u0101jas  instrumentu, k\u0101 ar\u012b laboratorijas darbam skol\u0101s un universit\u0101t\u0113s.<\/p>\n<p style=\"margin-bottom: 10px;padding: 0px\"><strong style=\"margin: 0px;padding: 0px\">Liels palielin\u0101juma sp\u0113ks<\/strong><br style=\"margin: 0px;padding: 0px\" \/>Komplekt\u0101  ietilpst tr\u012bs objekt\u012bva l\u0113cas. Vissp\u0113c\u012bg\u0101kais objekt\u012bvs(40xs) ir  apr\u012bkots ar aizsarg\u0101jo&scaron;o atsperu meh\u0101nismu. &Scaron;is meh\u0101nisms nodro&scaron;ina  optisko dro&scaron;\u012bbu. Pat ja J\u016bs p\u0101rm\u0113r\u012bgi pazemin\u0101t objekt\u012bva lecai un  pieskaries ar t\u0101m paraugam, l\u0113ca pa virz\u012bsies atpaka\u013c, t\u0101d\u0113j\u0101di nov\u0113r&scaron;ot  boj\u0101jumu. Komplekt\u0101 ietilpst ar\u012b 2x B\u0101rlova l\u0113cas, kas divk\u0101r&scaron;o  palielin\u0101juma sp\u0113ku. Mikroskops sav\u0101 standarta konfigur\u0101cij\u0101 nodro&scaron;ina  64x, 128x, 160x, 320x, 640x un 1280x palielin\u0101jumu!<\/p>\n<p style=\"margin-bottom: 10px;padding: 0px\">Optisk\u0101s  ier\u012bces ir izgatavotas no kvalitat\u012bva augst\u0101 m\u0113r\u0101 caurskat\u0101m\u0101 stikla.  L\u0113c\u0101m ir speci\u0101ls vair\u0101ku sl\u0101\u0146u pretatsp\u012bduma p\u0101rkl\u0101jums. Att\u0113li vienm\u0113r  b\u016bs spilgti, skaidri un kontrastaini &ndash; tas ir sevi&scaron;\u0137i svar\u012bgi, ja  str\u0101da ar augstu palielin\u0101juma pak\u0101pi.<\/p>\n<p style=\"margin-bottom: 10px;padding: 0px\"><strong style=\"margin: 0px;padding: 0px\">Kombin\u0113tais apgaismojums &ndash; izp\u0113ti lielu mikroskopa paraugu daudzumu<\/strong><br style=\"margin: 0px;padding: 0px\" \/>&Scaron;is  modelis ir apr\u012bkots ar LED apgaismojuma sist\u0113mu. Apak&scaron;\u0113jais gaismas  avots ir nepiecie&scaron;ams caurskat\u0101mo paraugu v\u0113ro&scaron;anai.Piem\u0113ram, J\u016bs  var\u0113sis izp\u0113t\u012bt bites sp\u0101rna strkt\u016bru vai atkl\u0101t organismus akv\u0101rija  \u016bden\u012b. Aug&scaron;\u0113jais apgaismojums sniedz iesp\u0113ju v\u0113rot necaurskat\u0101mus  objektus, t\u0101dus k\u0101 pap\u012brs un met\u0101ls. &Scaron;o modeli var izmantot ar\u012b darbam  ar da\u013c\u0113ji caurskat\u0101miem objektiemiem, pielietojot k\u0101 aug&scaron;\u0113jo, t\u0101 ar\u012b  apak&scaron;\u0113jo apgaismojumu vienlaic\u012bgi. Apgaismojuma sist\u0113mai ir regul\u0113jams  spilgtums.<\/p>\n<p style=\"margin-bottom: 10px;padding: 0px\"><strong style=\"margin: 0px;padding: 0px\">Ergonomisks un uzticams<\/strong><br style=\"margin: 0px;padding: 0px\" \/>Mikroskopam  ir \u013coti dro&scaron;s un iztur\u012bgs met\u0101la korpuss. Galvi\u0146a ar 45 lieces un 360  rot\u0101cijas gr\u0101diem nodro&scaron;ina \u0113rt\u0101ko instrumenta lieto&scaron;anu. Sevi&scaron;\u0137i \u0113rti,  str\u0101d\u0101jot grup\u0101, var g\u016bt lab\u0101ku redz\u0113jumu, pagrie\u017eot tikai mikroskopa  galvi\u0146u nevis visu mikroskopu.<\/p>\n<p style=\"margin-bottom: 10px;padding: 0px\">&Scaron;o mikroskopu var lietot m\u0101j\u0101s &ndash; apgaismojuma sist\u0113ma darbojas k\u0101 no rozetes, t\u0101 \u0101r\u012b no standart\u0101m AA baterij\u0101m.<\/p>\n<p style=\"margin-bottom: 10px;padding: 0px\"><strong style=\"margin: 0px;padding: 0px\">Uzman\u012bbu:<\/strong>&nbsp;L\u016bgums  skat\u012bties t\u012bkla sprieguma atbilsto&scaron;os r\u0101d\u012bt\u0101jus tabul\u0101 un nekad  nem\u0113\u0123iniet iesl\u0113gt 110 V paredz\u0113to ier\u012bci 220V sprieguma kontaktligzd\u0101,  neizmantojot str\u0101vas p\u0101rveidot\u0101ju. Atcerieties, ka t\u012bkla spriegums ASV  un Kan\u0101d\u0101 ir110V un 220-240V vair\u0101k\u0101s Eiropas valst\u012bs.<\/p>\n<p style=\"margin-bottom: 10px;padding: 0px\"><strong style=\"margin: 0px;padding: 0px\">Eksperimentu komplekts<\/strong><br style=\"margin: 0px;padding: 0px\" \/>Levenhuk  Rainbow 50L PLUS Moonstone mikroskopam ir ar\u012b speci\u0101ls eksperimentu  komplekts. Levenhuk K50 eksperimentu komplekts ir veidots b\u0113rniem un  pieaugu&scaron;ajiem- ies\u0101c\u0113jiem, kas v\u0113las veikt savus pirmos neatkar\u012bgos  eksperimentus. M\u0113s iesak\u0101m sakt nov\u0113rojumus ar gataviem paraugiem un  mazliet v\u0113l\u0101k, ieg\u016bstot nelielu pieredzi, m\u0113\u0123iniet sagatavot paraugus  pa&scaron;iem, izmantojot komplekt\u0101 iek\u013cautos instrumentus. Lieto&scaron;anas pam\u0101c\u012bba  sniedz visu nepiecie&scaron;amo inform\u0101ciju par mikroskopu un t\u0101 uzb\u016bvi,  ieteikumus mikroskopa stiklu sagatavo&scaron;anai, ka ar\u012b detaliz\u0113tus  eksperimentu aprakstus.<\/p>\n<p style=\"margin-bottom: 10px;padding: 0px\">Mikroskopam ir dro&scaron;s un \u0113rts plastmasas futl\u0101ris. Futlaris aizsarga instrument no meh\u0101niskajiem boj\u0101jumiem un putek\u013ciem.<\/p>\n<p style=\"margin-bottom: 10px;padding: 0px\"><strong style=\"margin: 0px;padding: 0px\">\u012apa&scaron;\u012bbas:<\/strong><\/p>\n<ul style=\"margin-right: 0px;margin-bottom: 15px;margin-left: 20px;padding: 0px\">\n<li style=\"margin: 0px;padding: 0px\">Biolo\u0123ijas mikroskops ar palielin\u0101jumu 64&ndash;1280x<\/li>\n<li style=\"margin: 0px;padding: 0px\">Iek\u013cautas 2x B\u0101rlova l\u0113cas<\/li>\n<li style=\"margin: 0px;padding: 0px\">Pieejams piec\u0101s ko&scaron;\u0101s kr\u0101s\u0101s<\/li>\n<li style=\"margin: 0px;padding: 0px\">Iztur\u012bgs korpuss ir izgatavots no met\u0101la<\/li>\n<li style=\"margin: 0px;padding: 0px\">Aug&scaron;\u0113j\u0101 un apak&scaron;\u0113j\u0101 LED apgaismojuma sist\u0113ma<\/li>\n<li style=\"margin: 0px;padding: 0px\">Iek\u013cauts eksperimentu komplekts<\/li>\n<li style=\"margin: 0px;padding: 0px\">Pieg\u0101de \u0113rt\u0101 plastmasas futl\u0101r\u012b<\/li>\n<\/ul>\n<p style=\"margin-bottom: 10px;padding: 0px\"><strong style=\"margin: 0px;padding: 0px\">Komplekt\u0101 ietilpst:<\/strong><\/p>\n<ul style=\"margin-right: 0px;margin-bottom: 15px;margin-left: 20px;padding: 0px\">\n<li style=\"margin: 0px;padding: 0px\">Mikroskops<\/li>\n<li style=\"margin: 0px;padding: 0px\">Objekt\u012bvi: 4x, 10x un 40xs<\/li>\n<li style=\"margin: 0px;padding: 0px\">Okul\u0101ri: WF16x<\/li>\n<li style=\"margin: 0px;padding: 0px\">2x B\u0101rlova l\u0113cas<\/li>\n<li style=\"margin: 0px;padding: 0px\">Galdi\u0146&scaron; ar stiprin\u0101jumiem<\/li>\n<li style=\"margin: 0px;padding: 0px\">Diska diafragma<\/li>\n<li style=\"margin: 0px;padding: 0px\">Kondensators<\/li>\n<li style=\"margin: 0px;padding: 0px\">Ieb\u016bv\u0113ts aug&scaron;da\u013cas un lejasda\u013cas LED apgaismojums<\/li>\n<li style=\"margin: 0px;padding: 0px\">AC adapteris<\/li>\n<li style=\"margin: 0px;padding: 0px\">2 AA baterijas<\/li>\n<li style=\"margin: 0px;padding: 0px\">Dubultais plastika ietvars mikroskopam un aksesu\u0101riem<\/li>\n<li style=\"margin: 0px;padding: 0px\">Levenhuk K50 Eksperiment\u0101lais komplekts<\/li>\n<li style=\"margin: 0px;padding: 0px\">Lietot\u0101ja rokasgr\u0101mata un m\u016b\u017ea garantija<\/li>\n<\/ul>\n<p style=\"margin-bottom: 10px;padding: 0px\"><strong style=\"margin: 0px;padding: 0px\">Levenhuk K50 Eksperiment\u0101lais komplekts:<\/strong><\/p>\n<ul style=\"margin-right: 0px;margin-bottom: 15px;margin-left: 20px;padding: 0px\">\n<li style=\"margin: 0px;padding: 0px\">Lietot\u0101ja ce\u013cvedis &#8220;Attractive Microscope. Scrutinizing the Microcosm&#8221;<\/li>\n<li style=\"margin: 0px;padding: 0px\">Pincete<\/li>\n<li style=\"margin: 0px;padding: 0px\">Art\u0113mijas inkubators (s\u0101ls\u016bdens garneles vai j\u016bras p\u0113rti\u0137is)<\/li>\n<li style=\"margin: 0px;padding: 0px\">Mikrotoms<\/li>\n<li style=\"margin: 0px;padding: 0px\">Kolba ar raugu<\/li>\n<li style=\"margin: 0px;padding: 0px\">Kolba ar j\u016bras s\u0101li<\/li>\n<li style=\"margin: 0px;padding: 0px\">Kolba ar darvu<\/li>\n<li style=\"margin: 0px;padding: 0px\">Kolba ar s\u0101ls\u016bdens garnel\u0113m<\/li>\n<li style=\"margin: 0px;padding: 0px\">5 paraugi: mu&scaron;as \u0137erme\u0146a da\u013ca, s\u012bpols, kokvilnas k\u0101ts, koka stumbra sl\u0101nis, ananass<\/li>\n<li style=\"margin: 0px;padding: 0px\">Tuk&scaron;i stikla diapozit\u012bvi (5 gabali)<\/li>\n<li style=\"margin: 0px;padding: 0px\">Pipeti<\/li>\n<li style=\"margin: 0px;padding: 0px\">P\u0101rkl\u0101jums aizsardz\u012bbai no putek\u013ciem<\/li>\n<\/ul>\n<div>\n<table class=\"table table-bordered\" border=\"0\">\n<thead>\n<tr>\n<td colspan=\"2\"><strong>Atrib\u016bti<\/strong><\/td>\n<\/tr>\n<\/thead>\n<tbody>\n<tr>\n<td>Garantija<\/td>\n<td>999 months<\/td>\n<\/tr>\n<tr>\n<td>Iepakojuma izm\u0113ri (GxPxA):<\/td>\n<td>18.0 x 40.5 x 27.0 cm<\/td>\n<\/tr>\n<tr>\n<td>Ra\u017eot\u0101ja valsts<\/td>\n<td>PRC, controlled by Levenhuk, Inc. (USA)<\/td>\n<\/tr>\n<tr>\n<td>Svars<\/td>\n<td>3.24 kg<\/td>\n<\/tr>\n<\/tbody>\n<\/table>\n<\/div>\n","protected":false},"excerpt":{"rendered":"<p>Levenhuk Rainbow 50L PLUS &ndash; ide\u0101la dizaina kombin\u0101cija, lieliska optika un ergonomisks korpuss. T\u0101pat, k\u0101 citi mode\u013ci Levenhuk Rainbow \u0123imen\u0113, &scaron;ie mikroskopi ir piem\u0113roti priek&scaron; jauniem p\u0113tniekiem. Katrs modelis n\u0101k kop\u0101 ar Levenhuk K50 eksperimentu komplektu, kur\u0101 ir viss nepiecie&scaron;amais, lai p\u0113t\u012btu mikrokosma m\u012bklas. Ar to uzlaboto optiku un pla&scaron;\u0101 diapazona palielin\u0101jumiem, Levenhuk Rainbow 50L [&hellip;]<\/p>\n","protected":false},"featured_media":73080,"template":"","meta":[],"product_brand":[3372],"product_cat":[4938,4969],"product_tag":[],"class_list":{"0":"post-79508","1":"product","2":"type-product","3":"status-publish","4":"has-post-thumbnail","6":"product_brand-levenhuk","7":"product_cat-optics-recreation","8":"product_cat-microscopes-optics-recreation","10":"first","11":"instock","12":"shipping-taxable","13":"purchasable","14":"product-type-simple"},"_links":{"self":[{"href":"https:\/\/sezona.lv\/en\/wp-json\/wp\/v2\/product\/79508","targetHints":{"allow":["GET"]}}],"collection":[{"href":"https:\/\/sezona.lv\/en\/wp-json\/wp\/v2\/product"}],"about":[{"href":"https:\/\/sezona.lv\/en\/wp-json\/wp\/v2\/types\/product"}],"wp:featuredmedia":[{"embeddable":true,"href":"https:\/\/sezona.lv\/en\/wp-json\/wp\/v2\/media\/73080"}],"wp:attachment":[{"href":"https:\/\/sezona.lv\/en\/wp-json\/wp\/v2\/media?parent=79508"}],"wp:term":[{"taxonomy":"product_brand","embeddable":true,"href":"https:\/\/sezona.lv\/en\/wp-json\/wp\/v2\/product_brand?post=79508"},{"taxonomy":"product_cat","embeddable":true,"href":"https:\/\/sezona.lv\/en\/wp-json\/wp\/v2\/product_cat?post=79508"},{"taxonomy":"product_tag","embeddable":true,"href":"https:\/\/sezona.lv\/en\/wp-json\/wp\/v2\/product_tag?post=79508"}],"curies":[{"name":"wp","href":"https:\/\/api.w.org\/{rel}","templated":true}]}}