{"id":79509,"date":"2025-07-11T17:05:54","date_gmt":"2025-07-11T14:05:54","guid":{"rendered":"https:\/\/demo8.ecube.lv\/sezona.lv\/products\/bresser-duolucs-plus-20x-1280x-mikroskops\/"},"modified":"2025-07-14T15:41:16","modified_gmt":"2025-07-14T12:41:16","slug":"bresser-duolucs-plus-20x-1280x-mikroskops","status":"publish","type":"product","link":"https:\/\/sezona.lv\/en\/products\/bresser-duolucs-plus-20x-1280x-mikroskops\/","title":{"rendered":"Bresser DUOLUCS Plus 20x &#8211; 1280x Mikroskops"},"content":{"rendered":"<p><span id=\"docs-internal-guid-4fcee2d8-ee0b-c052-5751-c1b94077c4a1\"><span style=\"font-size: 11pt;font-family: Arial;color: #000000;background-color: transparent;vertical-align: baseline\">Duolux mikroskops ir piln\u012bgi jauns mikroskopu veids. Tas apvieno tie&scaron;\u0101 apgaismojuma mikroskopa tipu ar uztvert\u0101s gaismas mikroskopu tipu. Tam ir ieb\u016bv\u0113tu p\u0101rb\u012bd\u0101mu plaukto to viegli p\u0101rveidot no klasisk\u0101 mikroskopa tipa uz tie&scaron;\u0101 apgaismojuma mikroskopa tipu ar 38 mm darb\u012bbas lauka diametru. 45 mm main\u0101ms att\u0101lums starp objekt\u012bvu un nov\u0113rojumu plauktu \u013cauj to izmantot ar\u012b lielu objektu v\u0113ro&scaron;anai, kas ir galven\u0101 &scaron;\u012b mikroskopa priek&scaron;roc\u012bba. Gaismas avotu ir viegli regul\u0113t ar neliela sl\u0113d\u017ea pal\u012bdz\u012bbu. Abi gaismas avoti var tikt izmantoti k\u0101 ar baterij\u0101m t\u0101 220V str\u0101vas adapteri. T\u0101 pamatn\u0113 ir neliela atvilkne da\u017e\u0101du piederumu glab\u0101&scaron;anai.<\/span><\/span><\/p>\n<p><span id=\"docs-internal-guid-4fcee2d8-ee0b-c052-5751-c1b94077c4a1\"><span style=\"font-size: 11pt;font-family: Arial;color: #000000;background-color: transparent;vertical-align: baseline\"><br \/><\/span><\/span><\/p>\n<p><span id=\"docs-internal-guid-4fcee2d8-ee0b-c052-5751-c1b94077c4a1\"><span style=\"font-size: 11pt;font-family: Arial;color: #000000;background-color: transparent;vertical-align: baseline\"><br \/><\/span><\/span><\/p>\n<table style=\"font-size: 10pt;font-family: arial, sans, sans-serif;width: 0px;border: none\" dir=\"ltr\" border=\"1\" cellspacing=\"0\" cellpadding=\"0\">\n<colgroup>\n<col width=\"352\"><\/col>\n<\/colgroup>\n<tbody>\n<tr style=\"height: 21px\">\n<td style=\"border-color: #28cdff;overflow: hidden;padding: 2px 3px;vertical-align: bottom;background-color: #28cdff;font-family: Arial;font-size: 11pt;font-weight: bold;color: #ffffff;text-align: center\">Specifik\u0101cijas un komplekt\u0101cija<\/td>\n<\/tr>\n<tr style=\"height: 21px\">\n<td style=\"border-right-color: #28cdff;border-bottom-color: #28cdff;border-left-color: #28cdff;overflow: hidden;padding: 2px 3px;vertical-align: bottom;font-family: Arial;font-size: 11pt;color: #000000;text-align: center\">Apgaismojums: Tie&scaron;\u0101 un uztvert\u0101 gaisma<\/td>\n<\/tr>\n<tr style=\"height: 21px\">\n<td style=\"border-right-color: #28cdff;border-bottom-color: #28cdff;border-left-color: #28cdff;overflow: hidden;padding: 2px 3px;vertical-align: bottom;font-family: Arial;font-size: 11pt;color: #000000;text-align: center\">Palielin\u0101jums: 20\u0445-1280x<\/td>\n<\/tr>\n<tr style=\"height: 21px\">\n<td style=\"border-right-color: #28cdff;border-bottom-color: #28cdff;border-left-color: #28cdff;overflow: hidden;padding: 2px 3px;vertical-align: bottom;font-family: Arial;font-size: 11pt;color: #000000;text-align: center\">Att\u0113la m\u0113rogs: 4, 10, 40<\/td>\n<\/tr>\n<tr style=\"height: 21px\">\n<td style=\"border-right-color: #28cdff;border-bottom-color: #28cdff;border-left-color: #28cdff;overflow: hidden;padding: 2px 3px;vertical-align: bottom;font-family: Arial;font-size: 11pt;color: #000000;text-align: center\">Okul\u0101ri: WF5x,WF16x<\/td>\n<\/tr>\n<tr style=\"height: 21px\">\n<td style=\"border-right-color: #28cdff;border-bottom-color: #28cdff;border-left-color: #28cdff;overflow: hidden;padding: 2px 3px;vertical-align: bottom;font-family: Arial;font-size: 11pt;color: #000000;text-align: center\">Ener\u0123ijas avots: Str\u0101vas padeve<\/td>\n<\/tr>\n<tr style=\"height: 21px\">\n<td style=\"border-right-color: #28cdff;border-bottom-color: #28cdff;border-left-color: #28cdff;overflow: hidden;padding: 2px 3px;vertical-align: bottom;font-family: Arial;font-size: 11pt;color: #000000;text-align: center\">Konstrukcijas veids: Monokul\u0101ra<\/td>\n<\/tr>\n<tr style=\"height: 21px\">\n<td style=\"border-right-color: #28cdff;border-bottom-color: #28cdff;border-left-color: #28cdff;overflow: hidden;padding: 2px 3px;vertical-align: bottom;font-family: Arial;font-size: 11pt;color: #000000;text-align: center\">L\u0113cu tips: Ahrom\u0101tisks<\/td>\n<\/tr>\n<tr style=\"height: 21px\">\n<td style=\"border-right-color: #28cdff;border-bottom-color: #28cdff;border-left-color: #28cdff;overflow: hidden;padding: 2px 3px;vertical-align: bottom;font-family: Arial;font-size: 11pt;color: #000000;text-align: center\">Skata veids: 45 gr\u0101du sl\u012bpums<\/td>\n<\/tr>\n<tr style=\"height: 21px\">\n<td style=\"border-right-color: #28cdff;border-bottom-color: #28cdff;border-left-color: #28cdff;overflow: hidden;padding: 2px 3px;vertical-align: bottom;font-family: Arial;font-size: 11pt;color: #000000;text-align: center\">Fokus\u0113&scaron;ana: +<\/td>\n<\/tr>\n<tr style=\"height: 21px\">\n<td style=\"border-right-color: #28cdff;border-bottom-color: #28cdff;border-left-color: #28cdff;overflow: hidden;padding: 2px 3px;vertical-align: bottom;font-family: Arial;font-size: 11pt;color: #000000;text-align: center\">Filtru tur\u0113t\u0101js: Ir<\/td>\n<\/tr>\n<tr style=\"height: 21px\">\n<td style=\"border-right-color: #28cdff;border-bottom-color: #28cdff;border-left-color: #28cdff;overflow: hidden;padding: 2px 3px;vertical-align: bottom;font-family: Arial;font-size: 11pt;color: #000000;text-align: center\">Kr\u0101sa: Balta<\/td>\n<\/tr>\n<tr style=\"height: 21px\">\n<td style=\"border-right-color: #28cdff;border-bottom-color: #28cdff;border-left-color: #28cdff;overflow: hidden;padding: 2px 3px;vertical-align: bottom;font-family: Arial;font-size: 11pt;color: #000000;text-align: center\">Svars (g): 2100<\/td>\n<\/tr>\n<tr style=\"height: 21px\">\n<td style=\"border-right-color: #28cdff;border-bottom-color: #28cdff;border-left-color: #28cdff;overflow: hidden;padding: 2px 3px;vertical-align: bottom;font-family: Arial;font-size: 11pt;color: #000000;text-align: center\">Izm\u0113ri: 210x142x310<\/td>\n<\/tr>\n<tr style=\"height: 21px\">\n<td style=\"border-right-color: #28cdff;border-bottom-color: #28cdff;border-left-color: #28cdff;overflow: hidden;padding: 2px 3px;vertical-align: bottom;font-family: Arial;font-size: 11pt;color: #000000;text-align: center\">Vecuma piem\u0113rot\u012bba: No 12 gadu vecuma<\/td>\n<\/tr>\n<tr style=\"height: 21px\">\n<td style=\"border-right-color: #28cdff;border-bottom-color: #28cdff;border-left-color: #28cdff;overflow: hidden;padding: 2px 3px;vertical-align: bottom;background-color: #28cdff;font-family: Arial;font-size: 11pt;font-weight: bold;color: #ffffff;text-align: center\">Piem\u0113rojam\u012bba:<\/td>\n<\/tr>\n<tr style=\"height: 21px\">\n<td style=\"border-right-color: #28cdff;border-bottom-color: #28cdff;border-left-color: #28cdff;overflow: hidden;padding: 2px 3px;vertical-align: bottom;font-family: Arial;font-size: 11pt;color: #000000;text-align: center\">Ies\u0101c\u0113ji: J\u0101<\/td>\n<\/tr>\n<tr style=\"height: 21px\">\n<td style=\"border-right-color: #28cdff;border-bottom-color: #28cdff;border-left-color: #28cdff;overflow: hidden;padding: 2px 3px;vertical-align: bottom;font-family: Arial;font-size: 11pt;color: #000000;text-align: center\">Amatieri: J\u0101<\/td>\n<\/tr>\n<tr style=\"height: 21px\">\n<td style=\"border-right-color: #28cdff;border-bottom-color: #28cdff;border-left-color: #28cdff;overflow: hidden;padding: 2px 3px;vertical-align: bottom;font-family: Arial;font-size: 11pt;color: #000000;text-align: center\">Profesion\u0101\u013ci &#8211;<\/td>\n<\/tr>\n<\/tbody>\n<\/table>\n<table class=\"table table-bordered\" border=\"0\">\n<thead>\n<tr>\n<td colspan=\"2\"><strong>Atrib\u016bti<\/strong><\/td>\n<\/tr>\n<\/thead>\n<tbody>\n<tr>\n<td>Apgaismojums<\/td>\n<td>Starpgad\u012bjums un izstarot\u0101 gaisma<\/td>\n<\/tr>\n<tr>\n<td>Baro&scaron;anas avots<\/td>\n<td>230V 1.5V Batteries<\/td>\n<\/tr>\n<tr>\n<td>Bateriju Veids<\/td>\n<td>2x AA (Mignon), 1.5V<\/td>\n<\/tr>\n<tr>\n<td>c augstums max<\/td>\n<td>45 mm<\/td>\n<\/tr>\n<tr>\n<td>Izm\u0113ri<\/td>\n<td>210 x 142 x 310 mm  2.1 KG<\/td>\n<\/tr>\n<tr>\n<td>\u0136erme\u0146a bru\u0146as<\/td>\n<td>Alum\u012bnijs \/ plastmasa<\/td>\n<\/tr>\n<tr>\n<td>Oper\u0113t\u0101jsist\u0113ma<\/td>\n<td>Windows XP, Vista, Windows 7<\/td>\n<\/tr>\n<tr>\n<td>Optiskais dizains<\/td>\n<td>Biolo\u0123iskais<\/td>\n<\/tr>\n<tr>\n<td>Palielin\u0101jums<\/td>\n<td>20 &#8211; 1280x<\/td>\n<\/tr>\n<tr>\n<td>XY krusta posms<\/td>\n<td>p\u0113c izv\u0113les, pieejams k\u0101 piederums<\/td>\n<\/tr>\n<\/tbody>\n<\/table>\n<p>&nbsp;<\/p>\n","protected":false},"excerpt":{"rendered":"<p>Duolux mikroskops ir piln\u012bgi jauns mikroskopu veids. Tas apvieno tie&scaron;\u0101 apgaismojuma mikroskopa tipu ar uztvert\u0101s gaismas mikroskopu tipu. Tam ir ieb\u016bv\u0113tu p\u0101rb\u012bd\u0101mu plaukto to viegli p\u0101rveidot no klasisk\u0101 mikroskopa tipa uz tie&scaron;\u0101 apgaismojuma mikroskopa tipu ar 38 mm darb\u012bbas lauka diametru. 45 mm main\u0101ms att\u0101lums starp objekt\u012bvu un nov\u0113rojumu plauktu \u013cauj to izmantot ar\u012b lielu [&hellip;]<\/p>\n","protected":false},"featured_media":73101,"template":"","meta":[],"product_brand":[],"product_cat":[4938,4969],"product_tag":[],"class_list":{"0":"post-79509","1":"product","2":"type-product","3":"status-publish","4":"has-post-thumbnail","6":"product_cat-optics-recreation","7":"product_cat-microscopes-optics-recreation","9":"first","10":"instock","11":"shipping-taxable","12":"purchasable","13":"product-type-simple"},"_links":{"self":[{"href":"https:\/\/sezona.lv\/en\/wp-json\/wp\/v2\/product\/79509","targetHints":{"allow":["GET"]}}],"collection":[{"href":"https:\/\/sezona.lv\/en\/wp-json\/wp\/v2\/product"}],"about":[{"href":"https:\/\/sezona.lv\/en\/wp-json\/wp\/v2\/types\/product"}],"wp:featuredmedia":[{"embeddable":true,"href":"https:\/\/sezona.lv\/en\/wp-json\/wp\/v2\/media\/73101"}],"wp:attachment":[{"href":"https:\/\/sezona.lv\/en\/wp-json\/wp\/v2\/media?parent=79509"}],"wp:term":[{"taxonomy":"product_brand","embeddable":true,"href":"https:\/\/sezona.lv\/en\/wp-json\/wp\/v2\/product_brand?post=79509"},{"taxonomy":"product_cat","embeddable":true,"href":"https:\/\/sezona.lv\/en\/wp-json\/wp\/v2\/product_cat?post=79509"},{"taxonomy":"product_tag","embeddable":true,"href":"https:\/\/sezona.lv\/en\/wp-json\/wp\/v2\/product_tag?post=79509"}],"curies":[{"name":"wp","href":"https:\/\/api.w.org\/{rel}","templated":true}]}}