{"id":79510,"date":"2025-07-14T15:41:17","date_gmt":"2025-07-14T12:41:17","guid":{"rendered":"https:\/\/demo8.ecube.lv\/sezona.lv\/products\/bresser-national-geographics-40-1024x-mikroskops-ar-digitalo-kameru\/"},"modified":"2025-07-14T15:41:17","modified_gmt":"2025-07-14T12:41:17","slug":"bresser-national-geographics-40-1024x-mikroskops-ar-digitalo-kameru","status":"publish","type":"product","link":"https:\/\/sezona.lv\/en\/products\/bresser-national-geographics-40-1024x-mikroskops-ar-digitalo-kameru\/","title":{"rendered":"Bresser National Geographics 40\u20131024x Mikroskops ar Digit\u0101lo kameru"},"content":{"rendered":"<p style=\"margin-bottom: 10px;font-size: 14px\"><span style=\"font-family: Arial;color: #000000\">Mikroskops,  kas lieliski piem\u0113rots skolniekiem. Ar to iesp\u0113jams p\u0113t\u012bt, atkl\u0101t un  m\u0101c\u012bties. Tam ir bag\u0101ta piederumu komplekt\u0101cija &ndash; 3 l\u0113cas, USB datora  okul\u0101rs, piederumi un datora programmat\u016bra. Ar &scaron;o mikroskopu b\u016bs  interesanti v\u0113rot un saglab\u0101t bildes uz datora. Ieteicams b\u0113rniem s\u0101kot  no 8 gadu vecuma.&nbsp;<\/span><\/p>\n<p style=\"margin-bottom: 10px;font-size: 14px;line-height: 1\">&nbsp;<\/p>\n<table style=\"font-size: 10pt;font-family: arial, sans, sans-serif;width: 0px;border: none\" dir=\"ltr\" border=\"1\" cellspacing=\"0\" cellpadding=\"0\">\n<colgroup>\n<col width=\"210\"><\/col>\n<col width=\"230\"><\/col>\n<\/colgroup>\n<tbody>\n<tr style=\"height: 21px\">\n<td style=\"border-color: #28cdff;overflow: hidden;padding: 2px 3px;vertical-align: bottom;background-color: #28cdff;font-family: Arial;font-size: 11pt;font-weight: bold;color: #ffffff;text-align: center\" colspan=\"2\">Specifik\u0101cijas un Komplekt\u0101cija:<\/td>\n<\/tr>\n<tr style=\"height: 21px\">\n<td style=\"border-right-color: #28cdff;border-bottom-color: #28cdff;border-left-color: #28cdff;overflow: hidden;padding: 2px 3px;vertical-align: bottom;font-family: Arial;font-size: 11pt;font-weight: bold;color: #000000\">Palielin\u0101jums:<\/td>\n<td style=\"border-right-color: #28cdff;border-bottom-color: #28cdff;overflow: hidden;padding: 2px 3px;vertical-align: bottom;font-family: Arial;color: #000000\">20x-1024x<\/td>\n<\/tr>\n<tr style=\"height: 21px\">\n<td style=\"border-right-color: #28cdff;border-bottom-color: #28cdff;border-left-color: #28cdff;overflow: hidden;padding: 2px 3px;vertical-align: bottom;font-family: Arial;font-size: 11pt;font-weight: bold;color: #000000\">Apgaismojums:<\/td>\n<td style=\"border-right-color: #28cdff;border-bottom-color: #28cdff;overflow: hidden;padding: 2px 3px;vertical-align: bottom;font-family: Arial;color: #000000\">Ieb\u016bv\u0113t\u0101 gaisma un uztveram\u0101 gaisma<\/td>\n<\/tr>\n<tr style=\"height: 21px\">\n<td style=\"border-right-color: #28cdff;border-bottom-color: #28cdff;border-left-color: #28cdff;overflow: hidden;padding: 2px 3px;vertical-align: bottom;font-family: Arial;font-size: 11pt;font-weight: bold;color: #000000\">Lampas tips:<\/td>\n<td style=\"border-right-color: #28cdff;border-bottom-color: #28cdff;overflow: hidden;padding: 2px 3px;vertical-align: bottom;font-family: Arial;color: #000000\">LED<\/td>\n<\/tr>\n<tr style=\"height: 21px\">\n<td style=\"border-right-color: #28cdff;border-bottom-color: #28cdff;border-left-color: #28cdff;overflow: hidden;padding: 2px 3px;vertical-align: bottom;font-family: Arial;font-size: 11pt;font-weight: bold;color: #000000\">L\u0113cu tips<\/td>\n<td style=\"border-right-color: #28cdff;border-bottom-color: #28cdff;overflow: hidden;padding: 2px 3px;vertical-align: bottom;font-family: Arial;color: #000000\">Ahrom\u0101tisks<\/td>\n<\/tr>\n<tr style=\"height: 21px\">\n<td style=\"border-right-color: #28cdff;border-bottom-color: #28cdff;border-left-color: #28cdff;overflow: hidden;padding: 2px 3px;vertical-align: bottom;font-family: Arial;font-size: 11pt;font-weight: bold;color: #000000\">Okul\u0101ri:<\/td>\n<td style=\"border-right-color: #28cdff;border-bottom-color: #28cdff;overflow: hidden;padding: 2px 3px;vertical-align: bottom;font-family: Arial;color: #000000\">10,16<\/td>\n<\/tr>\n<tr style=\"height: 21px\">\n<td style=\"border-right-color: #28cdff;border-bottom-color: #28cdff;border-left-color: #28cdff;overflow: hidden;padding: 2px 3px;vertical-align: bottom;font-family: Arial;font-size: 11pt;font-weight: bold;color: #000000\">Uzb\u016bve:<\/td>\n<td style=\"border-right-color: #28cdff;border-bottom-color: #28cdff;overflow: hidden;padding: 2px 3px;vertical-align: bottom;font-family: Arial;color: #000000\">Monokul\u0101ra<\/td>\n<\/tr>\n<tr style=\"height: 21px\">\n<td style=\"border-right-color: #28cdff;border-bottom-color: #28cdff;border-left-color: #28cdff;overflow: hidden;padding: 2px 3px;vertical-align: bottom;font-family: Arial;font-size: 11pt;font-weight: bold;color: #000000\">Ieb\u016bv\u0113ta kamera:<\/td>\n<td style=\"border-right-color: #28cdff;border-bottom-color: #28cdff;overflow: hidden;padding: 2px 3px;vertical-align: bottom;font-family: Arial;color: #000000\">Ir<\/td>\n<\/tr>\n<tr style=\"height: 21px\">\n<td style=\"border-right-color: #28cdff;border-bottom-color: #28cdff;border-left-color: #28cdff;overflow: hidden;padding: 2px 3px;vertical-align: bottom;font-family: Arial;font-size: 11pt;font-weight: bold;color: #000000\">Iek\u013cautie aksesu\u0101ri:<\/td>\n<td style=\"border-right-color: #28cdff;border-bottom-color: #28cdff;overflow: hidden;padding: 2px 3px;vertical-align: bottom;font-family: Arial;color: #000000\">Koferis, piederumi<\/td>\n<\/tr>\n<tr style=\"height: 21px\">\n<td style=\"border-right-color: #28cdff;border-bottom-color: #28cdff;border-left-color: #28cdff;overflow: hidden;padding: 2px 3px;vertical-align: bottom;font-family: Arial;font-size: 11pt;font-weight: bold;color: #000000\">Savienojums:<\/td>\n<td style=\"border-right-color: #28cdff;border-bottom-color: #28cdff;overflow: hidden;padding: 2px 3px;vertical-align: bottom;font-family: Arial;color: #000000\">USB<\/td>\n<\/tr>\n<tr style=\"height: 21px\">\n<td style=\"border-right-color: #28cdff;border-bottom-color: #28cdff;border-left-color: #28cdff;overflow: hidden;padding: 2px 3px;vertical-align: bottom;font-family: Arial;font-size: 11pt;font-weight: bold;color: #000000\">Piem\u0113rojam\u012bba<\/td>\n<td style=\"border-right-color: #28cdff;border-bottom-color: #28cdff;overflow: hidden;padding: 2px 3px;vertical-align: bottom;font-family: Arial;color: #000000\">Ies\u0101c\u0113ji un Amatieri<\/td>\n<\/tr>\n<tr style=\"height: 21px\">\n<td style=\"border-right-color: #28cdff;border-bottom-color: #28cdff;border-left-color: #28cdff;overflow: hidden;padding: 2px 3px;vertical-align: bottom;font-size: 11pt;font-weight: bold;color: #000000\">Objekt\u012bvs<\/td>\n<td style=\"border-right-color: #28cdff;border-bottom-color: #28cdff;overflow: hidden;padding: 2px 3px;vertical-align: bottom;font-family: Arial;color: #000000\">(4x, 10x, 40x)<\/td>\n<\/tr>\n<\/tbody>\n<\/table>\n","protected":false},"excerpt":{"rendered":"<p>Mikroskops, kas lieliski piem\u0113rots skolniekiem. Ar to iesp\u0113jams p\u0113t\u012bt, atkl\u0101t un m\u0101c\u012bties. Tam ir bag\u0101ta piederumu komplekt\u0101cija &ndash; 3 l\u0113cas, USB datora okul\u0101rs, piederumi un datora programmat\u016bra. Ar &scaron;o mikroskopu b\u016bs interesanti v\u0113rot un saglab\u0101t bildes uz datora. Ieteicams b\u0113rniem s\u0101kot no 8 gadu vecuma.&nbsp; &nbsp; Specifik\u0101cijas un Komplekt\u0101cija: Palielin\u0101jums: 20x-1024x Apgaismojums: Ieb\u016bv\u0113t\u0101 gaisma un [&hellip;]<\/p>\n","protected":false},"featured_media":0,"template":"","meta":[],"product_brand":[],"product_cat":[4640,4938,4969],"product_tag":[],"class_list":{"0":"post-79510","1":"product","2":"type-product","3":"status-publish","5":"product_cat-recreation","6":"product_cat-optics-recreation","7":"product_cat-microscopes-optics-recreation","9":"first","10":"instock","11":"shipping-taxable","12":"purchasable","13":"product-type-simple"},"_links":{"self":[{"href":"https:\/\/sezona.lv\/en\/wp-json\/wp\/v2\/product\/79510","targetHints":{"allow":["GET"]}}],"collection":[{"href":"https:\/\/sezona.lv\/en\/wp-json\/wp\/v2\/product"}],"about":[{"href":"https:\/\/sezona.lv\/en\/wp-json\/wp\/v2\/types\/product"}],"wp:attachment":[{"href":"https:\/\/sezona.lv\/en\/wp-json\/wp\/v2\/media?parent=79510"}],"wp:term":[{"taxonomy":"product_brand","embeddable":true,"href":"https:\/\/sezona.lv\/en\/wp-json\/wp\/v2\/product_brand?post=79510"},{"taxonomy":"product_cat","embeddable":true,"href":"https:\/\/sezona.lv\/en\/wp-json\/wp\/v2\/product_cat?post=79510"},{"taxonomy":"product_tag","embeddable":true,"href":"https:\/\/sezona.lv\/en\/wp-json\/wp\/v2\/product_tag?post=79510"}],"curies":[{"name":"wp","href":"https:\/\/api.w.org\/{rel}","templated":true}]}}