{"id":79511,"date":"2025-07-14T15:41:18","date_gmt":"2025-07-14T12:41:18","guid":{"rendered":"https:\/\/demo8.ecube.lv\/sezona.lv\/products\/levenhuk-d50l-plus-2-5m-mikroskops-ar-digitalo-kameru-balta-krasa\/"},"modified":"2025-07-14T15:41:18","modified_gmt":"2025-07-14T12:41:18","slug":"levenhuk-d50l-plus-2-5m-mikroskops-ar-digitalo-kameru-balta-krasa","status":"publish","type":"product","link":"https:\/\/sezona.lv\/en\/products\/levenhuk-d50l-plus-2-5m-mikroskops-ar-digitalo-kameru-balta-krasa\/","title":{"rendered":"Levenhuk D50L PLUS 2.5M Mikroskops ar digit\u0101lo kameru Balt\u0101 Kr\u0101s\u0101"},"content":{"rendered":"<p style=\"margin-bottom: 10px;padding: 0px;font-size: 14px\"><span style=\"font-family: Arial;color: #000000\">M\u016bsdienu  tehnolo\u0123ijas, kas ien\u0101k optisk\u0101 apr\u012bkojuma tirg\u016b, b\u016btiski palielina  m\u016bsu iesp\u0113jas. Ar Levenhuk Rainbow D50L PLUS m\u0113nessakmens mikroskopu j\u016bs  ne tikai varat nov\u0113rot augu un dz\u012bvnieku &scaron;\u016bnas vai mikroorganismus, bet  j\u016bs ar\u012b varat saglab\u0101t savu p\u0113t\u012bjumu rezult\u0101tus, uz\u0146emot nov\u0113rojam\u0101  parauga att\u0113lus vai video. Komplekt\u0101 ir iek\u013cauts viss nepiecie&scaron;amais,  lai ar mikroskopu veiktu interesantus eksperimentus. J\u016bs viegli varat  dal\u012bties ar saviem atkl\u0101jumiem ar citiem, ievietojot savus att\u0113lus vai  video Facebook, Instagram un citos soci\u0101lajos port\u0101los.<\/span><\/p>\n<p style=\"margin-bottom: 10px;padding: 0px;font-size: 14px\"><span style=\"font-family: Arial;color: #000000\"><strong style=\"margin: 0px;padding: 0px\">Kvalitat\u012bva optika<\/strong><br style=\"margin: 0px;padding: 0px\" \/>Komplekt\u0101  ir iek\u013cautas tr\u012bs objekt\u012bva l\u0113cas: 4x, 10x, un 40x. Vissp\u0113c\u012bg\u0101kajam  objekt\u012bvam ir \u012bpa&scaron;s atsperes meh\u0101nisms, kas optiku pasarg\u0101 no  meh\u0101niskiem boj\u0101jumiem. Pat ja j\u016bs fokus\u0113&scaron;anas laik\u0101 nejau&scaron;i nolai\u017eat  objekt\u012bvu p\u0101r\u0101k zemu, atsperes veida l\u0113ca mazliet ievilksies, nov\u0113r&scaron;ot  jebk\u0101dus boj\u0101jumus optikai vai paraugam. 2x Barlova l\u0113ca dubulto jebkura  lietot\u0101 objekt\u012bva palielin\u0101jumu. Mikroskopa maksim\u0101lais palielin\u0101jums  ir 1280x!<\/span><\/p>\n<p style=\"margin-bottom: 10px;padding: 0px;font-size: 14px\"><span style=\"font-family: Arial;color: #000000\">Optika  ir izgatavota no kvalitat\u012bva optisk\u0101 stikla, kas ir p\u0101rkl\u0101ts ar \u012bpa&scaron;u  pret atstarojo&scaron;u p\u0101rkl\u0101jumu lab\u0101kai gaismas p\u0101rejai. Ieg\u016btie att\u0113li  vienm\u0113r ir ar labu kontrastu un \u013coti detaliz\u0113ti.<\/span><\/p>\n<p style=\"margin-bottom: 10px;padding: 0px;font-size: 14px\"><span style=\"font-family: Arial;color: #000000\"><strong style=\"margin: 0px;padding: 0px\">Digit\u0101l\u0101 kamera<\/strong><br style=\"margin: 0px;padding: 0px\" \/>Mikroskops  n\u0101k kop\u0101 ar m\u016bsdien\u012bgu 2Mpx digit\u0101lo kameru. Kameru ir j\u0101uzst\u0101da  okul\u0101ra viet\u0101 un tad to ir j\u0101pievieno pie datora. Palielin\u0101tie att\u0113li  par\u0101d\u012bsies uz j\u016bsu datora monitora. B\u0113rns var par\u0101d\u012bt vec\u0101kiem un  draugiem da\u017eus \u013coti interesantus paraugus. Skolot\u0101js skol\u0113niem var  par\u0101d\u012bt visus eksperimenta so\u013cus, un, protams, kamera jums \u013cauj uz\u0146emt  skaistus nov\u0113rojam\u0101 objekta att\u0113lus un video.<\/span><\/p>\n<p style=\"margin-bottom: 10px;padding: 0px;font-size: 14px\"><span style=\"font-family: Arial;color: #000000\"><strong style=\"margin: 0px;padding: 0px\">Kombin\u0113tais apgaismojums<\/strong><br style=\"margin: 0px;padding: 0px\" \/>Mikroskops  ir apr\u012bkots ar diviem LED gaismas avotiem. Apak&scaron;\u0113jais apgaismojums tiek  lietots, lai nov\u0113rotu caursp\u012bd\u012bgus paraugus, t\u0101dus k\u0101 vispl\u0101n\u0101k\u0101s augu  vai dz\u012bvnieku audu &scaron;\u0137\u0113l\u012btes vai mikroorganismus akv\u0101rija \u016bdens l\u0101s\u0113.  Necaurredzamus objektus, piem\u0113ram, audumu vai pap\u012bru vajag nov\u0113rot ar  aug&scaron;\u0113j\u0101 apgaismojuma pal\u012bdz\u012bbu. Lai p\u0113t\u012btu vid\u0113ji caursp\u012bd\u012bgus paraugus  jums b\u016bs j\u0101izmanto gan aug&scaron;\u0113jais, gan apak&scaron;\u0113jais apgaismojums. J\u016bs ar\u012b  varat piel\u0101got spilgtumu, lai sasniegtu konkr\u0113t\u0101 parauga vislab\u0101ko  iesp\u0113jamo skatu.<\/span><\/p>\n<p style=\"margin-bottom: 10px;padding: 0px;font-size: 14px\"><span style=\"font-family: Arial;color: #000000\"><strong style=\"margin: 0px;padding: 0px\">Iztur\u012bgs un \u0113rts korpuss<\/strong><br style=\"margin: 0px;padding: 0px\" \/>Mikroskopa  korpuss ir izgatavots no met\u0101la- t\u0101p\u0113c mikroskops ir \u013coti iztur\u012bgs un  piem\u0113rots bie\u017eai lieto&scaron;anai. Lietot\u0101ja \u0113rt\u012bbai, galva ir ieliekta 45  gr\u0101du le\u0146\u0137\u012b un t\u0101 grie\u017eas 360 gr\u0101dus ap savu asi. &Scaron;\u012b iez\u012bme ir \u013coti  paroc\u012bga, kad j\u016bs str\u0101d\u0101jat grup\u0101- jums nav j\u0101kustina pa&scaron;u mikroskopu,  jums ir tikai j\u0101pagrie\u017e t\u0101 galvu.<\/span><\/p>\n<p style=\"margin-bottom: 10px;padding: 0px;font-size: 14px\"><span style=\"font-family: Arial;color: #000000\">Mikroskops  var darboties ar mai\u0146str\u0101vas baro&scaron;anu, k\u0101 ar\u012b ar standarta baterij\u0101m,  kas ir iek\u013cautas komplekt\u0101. Kamera darbojas caur USB kabeli.<\/span><\/p>\n<p style=\"margin-bottom: 10px;padding: 0px;font-size: 14px\"><span style=\"font-family: Arial;color: #000000\"><strong style=\"margin: 0px;padding: 0px\">Uzman\u012bbu:<\/strong>&nbsp;L\u016bgums  skat\u012bties t\u012bkla sprieguma atbilsto&scaron;os r\u0101d\u012bt\u0101jus tabul\u0101 un nekad  nem\u0113\u0123iniet iesl\u0113gt 110 V paredz\u0113to ier\u012bci 220V sprieguma kontaktligzd\u0101,  neizmantojot str\u0101vas p\u0101rveidot\u0101ju. Atcerieties, ka t\u012bkla spriegums ASV  un Kan\u0101d\u0101 ir110V un 220-240V vair\u0101k\u0101s Eiropas valst\u012bs.<\/span><\/p>\n<p style=\"margin-bottom: 10px;padding: 0px;font-size: 14px\"><span style=\"font-family: Arial;color: #000000\"><strong style=\"margin: 0px;padding: 0px\">Eksperimentu komplekts<\/strong><br style=\"margin: 0px;padding: 0px\" \/>Levenhuk  K50 eksperimentu komplekts b\u016bs \u012bpa&scaron;i noder\u012bgs tiem, kuri sper tikai  pirmos so\u013cus br\u012bni&scaron;\u0137\u012bgaj\u0101 mikrokosma pasaul\u0113. Komplekt\u0101 ir iek\u013cauti jau  gatavi slaidi, \u012bpa&scaron;i darba r\u012bki, lai var\u0113tu sagatavot savus slaidus un  \u013coti izpal\u012bdz\u012bga lietot\u0101ja rokasgr\u0101mata ar ieteikumiem, padomiem un  eksperimentu aprakstiem.<\/span><\/p>\n<p style=\"margin-bottom: 10px;padding: 0px;font-size: 14px\"><span style=\"font-family: Arial;color: #000000\"><strong style=\"margin: 0px;padding: 0px\">Aizsarg\u0101jo&scaron;s futl\u0101ris<\/strong><br style=\"margin: 0px;padding: 0px\" \/>Iepakojum\u0101  iek\u013cautais plastmasa futl\u0101ris jums \u013caus tur\u0113t mikroskopu un visus t\u0101  piederumus vien\u0101 viet\u0101, l\u012bdz ar to nekas nepazud\u012bs. Tas ar\u012b pasarg\u0101  instrumentu p\u0101rvieto&scaron;anas laik\u0101.<\/span><\/p>\n<p style=\"margin-bottom: 10px;padding: 0px;font-size: 14px\"><strong style=\"margin: 0px;padding: 0px;font-family: Arial;color: #000000\">\u012apa&scaron;\u012bbas:<\/strong><\/p>\n<ul class=\"vikas-list-u\" style=\"margin-right: 0px;margin-bottom: 15px;margin-left: 20px;padding: 0px;font-size: 14px\">\n<li style=\"margin: 0px;padding: 0px\"><span style=\"font-family: Arial;color: #000000\">Digit\u0101ls mikroskops ar 64&ndash;1280x palielin\u0101jumu<\/span><\/li>\n<li style=\"margin: 0px;padding: 0px\"><span style=\"font-family: Arial;color: #000000\">Iek\u013cauta 2Mpx digit\u0101l\u0101 kamera<\/span><\/li>\n<li style=\"margin: 0px;padding: 0px\"><span style=\"font-family: Arial;color: #000000\">Iek\u013cautas 2x B\u0101rlova l\u0113cas<\/span><\/li>\n<li style=\"margin: 0px;padding: 0px\"><span style=\"font-family: Arial;color: #000000\">Iztur\u012bgs korpuss ir izgatavots no met\u0101la<\/span><\/li>\n<li style=\"margin: 0px;padding: 0px\"><span style=\"font-family: Arial;color: #000000\">Aug&scaron;\u0113j\u0101 un apak&scaron;\u0113j\u0101 LED apgaismojuma sist\u0113ma<\/span><\/li>\n<li style=\"margin: 0px;padding: 0px\"><span style=\"font-family: Arial;color: #000000\">Iek\u013cauts eksperimentu komplekts<\/span><\/li>\n<li style=\"margin: 0px;padding: 0px\"><span style=\"font-family: Arial;color: #000000\">Pieg\u0101de \u0113rt\u0101 plastmasas futl\u0101r\u012b<\/span><\/li>\n<\/ul>\n<p style=\"margin-bottom: 10px;padding: 0px;font-size: 14px\"><strong style=\"margin: 0px;padding: 0px;font-family: Arial;color: #000000\">Komplekt\u0101 ietilpst:<\/strong><\/p>\n<ul class=\"vikas-list-u\" style=\"margin-right: 0px;margin-bottom: 15px;margin-left: 20px;padding: 0px;font-size: 14px\">\n<li style=\"margin: 0px;padding: 0px\"><span style=\"font-family: Arial;color: #000000\">Mikroskops<\/span><\/li>\n<li style=\"margin: 0px;padding: 0px\"><span style=\"font-family: Arial;color: #000000\">Objectives: 4x, 10x,40xs<\/span><\/li>\n<li style=\"margin: 0px;padding: 0px\"><span style=\"font-family: Arial;color: #000000\">Okul\u0101ri: WF16x<\/span><\/li>\n<li style=\"margin: 0px;padding: 0px\"><span style=\"font-family: Arial;color: #000000\">2x B\u0101rlova l\u0113cas<\/span><\/li>\n<li style=\"margin: 0px;padding: 0px\"><span style=\"font-family: Arial;color: #000000\">Galdi\u0146&scaron; ar stiprin\u0101jumiem<\/span><\/li>\n<li style=\"margin: 0px;padding: 0px\"><span style=\"font-family: Arial;color: #000000\">Diska diafragma<\/span><\/li>\n<li style=\"margin: 0px;padding: 0px\"><span style=\"font-family: Arial;color: #000000\">Kondensators<\/span><\/li>\n<li style=\"margin: 0px;padding: 0px\"><span style=\"font-family: Arial;color: #000000\">Ieb\u016bv\u0113ts aug&scaron;da\u013cas un lejasda\u013cas LED apgaismojums<\/span><\/li>\n<li style=\"margin: 0px;padding: 0px\"><span style=\"font-family: Arial;color: #000000\">AC adapteris<\/span><\/li>\n<li style=\"margin: 0px;padding: 0px\"><span style=\"font-family: Arial;color: #000000\">2 AA baterijas<\/span><\/li>\n<li style=\"margin: 0px;padding: 0px\"><span style=\"font-family: Arial;color: #000000\">Plastmasas futl\u0101r\u012b<\/span><\/li>\n<li style=\"margin: 0px;padding: 0px\"><span style=\"font-family: Arial;color: #000000\">Levenhuk K50 Eksperiment\u0101lais komplekts<\/span><\/li>\n<li style=\"margin: 0px;padding: 0px\"><span style=\"font-family: Arial;color: #000000\">2Mpx digit\u0101l\u0101 kamera<\/span><\/li>\n<li style=\"margin: 0px;padding: 0px\"><span style=\"font-family: Arial;color: #000000\">Levenhuk ToupView programmat\u016bra (Windows versija)<\/span><\/li>\n<li style=\"margin: 0px;padding: 0px\"><span style=\"font-family: Arial;color: #000000\">USB vads<\/span><\/li>\n<li style=\"margin: 0px;padding: 0px\"><span style=\"font-family: Arial;color: #000000\">Lietot\u0101ja rokasgr\u0101mata un m\u016b\u017ea garantija<\/span><\/li>\n<\/ul>\n<p style=\"margin-bottom: 10px;padding: 0px;font-size: 14px\"><strong style=\"margin: 0px;padding: 0px;font-family: Arial;color: #000000\">Levenhuk K50 Eksperiment\u0101lais komplekts:<\/strong><\/p>\n<ul class=\"vikas-list-u\" style=\"margin-right: 0px;margin-bottom: 15px;margin-left: 20px;padding: 0px;font-size: 14px\">\n<li style=\"margin: 0px;padding: 0px\"><span style=\"font-family: Arial;color: #000000\">Lietot\u0101ja ce\u013cvedis &#8220;Attractive Microscope. Scrutinizing the Microcosm&#8221;<\/span><\/li>\n<li style=\"margin: 0px;padding: 0px\"><span style=\"font-family: Arial;color: #000000\">Pincete<\/span><\/li>\n<li style=\"margin: 0px;padding: 0px\"><span style=\"font-family: Arial;color: #000000\">Art\u0113mijas inkubators (s\u0101ls\u016bdens garneles vai j\u016bras p\u0113rti\u0137is)<\/span><\/li>\n<li style=\"margin: 0px;padding: 0px\"><span style=\"font-family: Arial;color: #000000\">Mikrotoms<\/span><\/li>\n<li style=\"margin: 0px;padding: 0px\"><span style=\"font-family: Arial;color: #000000\">Kolba ar raugu<\/span><\/li>\n<li style=\"margin: 0px;padding: 0px\"><span style=\"font-family: Arial;color: #000000\">Kolba ar j\u016bras s\u0101li<\/span><\/li>\n<li style=\"margin: 0px;padding: 0px\"><span style=\"font-family: Arial;color: #000000\">Kolba ar darvu<\/span><\/li>\n<li style=\"margin: 0px;padding: 0px\"><span style=\"font-family: Arial;color: #000000\">Kolba ar s\u0101ls\u016bdens garnel\u0113m<\/span><\/li>\n<li style=\"margin: 0px;padding: 0px\"><span style=\"font-family: Arial;color: #000000\">5 paraugi: mu&scaron;as \u0137erme\u0146a da\u013ca, s\u012bpols, kokvilnas k\u0101ts, koka stumbra sl\u0101nis, ananass<\/span><\/li>\n<li style=\"margin: 0px;padding: 0px\"><span style=\"font-family: Arial;color: #000000\">Tuk&scaron;i stikla diapozit\u012bvi (5 gabali)<\/span><\/li>\n<li style=\"margin: 0px;padding: 0px\"><span style=\"font-family: Arial;color: #000000\">Pipeti<\/span><\/li>\n<li style=\"margin: 0px;padding: 0px\"><span style=\"font-family: Arial;color: #000000\">P\u0101rkl\u0101jums aizsardz\u012bbai no putek\u013ciem<\/span><\/li>\n<\/ul>\n<table class=\"table table-bordered\" border=\"0\">\n<thead>\n<tr>\n<td colspan=\"2\"><strong>Atrib\u016bti<\/strong><\/td>\n<\/tr>\n<\/thead>\n<tbody>\n<tr>\n<td>Apgaismojums<\/td>\n<td>LED<\/td>\n<\/tr>\n<tr>\n<td>Att\u0113la form\u0101ts<\/td>\n<td>.bmp, .jpg, .jpeg, .png, .tif, .gif, .psd,, .ico, .emf, etc.<\/td>\n<\/tr>\n<tr>\n<td>Balt\u0101s kr\u0101sas balanss<\/td>\n<td>autom\u0101tisk\u0101\/meh\u0101nisk\u0101<\/td>\n<\/tr>\n<tr>\n<td>Barlow l\u0113cas<\/td>\n<td>2x<\/td>\n<\/tr>\n<tr>\n<td>Baro&scaron;anas avots<\/td>\n<td>220V 50 Hz vai 2 AA baterijas<\/td>\n<\/tr>\n<tr>\n<td>Diafragma<\/td>\n<td>diska diafragma (6 apert\u016bras)<\/td>\n<\/tr>\n<tr>\n<td>Ekspoz\u012bcijas kontrole<\/td>\n<td>autom\u0101tisk\u0101\/meh\u0101nisk\u0101<\/td>\n<\/tr>\n<tr>\n<td>Ekspoz\u012bcijas veids<\/td>\n<td>ERS (Electronic Rolling Shutter)<\/td>\n<\/tr>\n<tr>\n<td>Fokuss<\/td>\n<td>rupjais<\/td>\n<\/tr>\n<tr>\n<td>Galva<\/td>\n<td>monokul\u0101rs, rot\u0113 par 360&deg;, noliektas 45&deg;<\/td>\n<\/tr>\n<tr>\n<td>Garantija<\/td>\n<td>999 months<\/td>\n<\/tr>\n<tr>\n<td>Iepakojuma izm\u0113ri (GxPxA):<\/td>\n<td>18.0 x 40.5 x 27.0 cm<\/td>\n<\/tr>\n<tr>\n<td>Kameras baro&scaron;anas avots<\/td>\n<td>izmantojot USB kabeli<\/td>\n<\/tr>\n<tr>\n<td>Kameras slots<\/td>\n<td>USB 2.0, 480 Mb\/s<\/td>\n<\/tr>\n<tr>\n<td>Kondensers<\/td>\n<td>NA 0,65<\/td>\n<\/tr>\n<tr>\n<td>Korpusa materi\u0101ls<\/td>\n<td>met\u0101ls<\/td>\n<\/tr>\n<tr>\n<td>Lietojums<\/td>\n<td>Visp\u0101r\u012bg\u0101s lieto&scaron;anas produkts., Dr\u012bkst lietot b\u0113rni, kas ir, vec\u0101ki par 3 gadiem.<\/td>\n<\/tr>\n<tr>\n<td>Lieto&scaron;anas vieta<\/td>\n<td>okul\u0101ra caurul\u0113 (nevis okul\u0101r\u0101)<\/td>\n<\/tr>\n<tr>\n<td>Megapikse\u013ci<\/td>\n<td>2<\/td>\n<\/tr>\n<tr>\n<td>Objekt\u012bvi<\/td>\n<td>4\u0445, 10\u0445, 40\u0445s (atspere)<\/td>\n<\/tr>\n<tr>\n<td>Objekt\u012bvu revolveris<\/td>\n<td>3 objekt\u012bvi<\/td>\n<\/tr>\n<tr>\n<td>Okulaara caurules diametrs<\/td>\n<td>23,2 mm<\/td>\n<\/tr>\n<tr>\n<td>Okul\u0101ri<\/td>\n<td>WF16x<\/td>\n<\/tr>\n<tr>\n<td>Optikas materi\u0101ls<\/td>\n<td>optiskais stikls<\/td>\n<\/tr>\n<tr>\n<td>Palielin\u0101jums<\/td>\n<td>64&ndash;1280 x<\/td>\n<\/tr>\n<tr>\n<td>Priek&scaron;met-plaukti\u0146a, kust\u012bbas diapazons, izmantojot fokus\u0113&scaron;anas<\/td>\n<td>0-11, vertik\u0101ls mm<\/td>\n<\/tr>\n<tr>\n<td>Priek&scaron;met-plaukti\u0146&scaron;<\/td>\n<td>90&#215;90, ar piespied\u0113jiem mm<\/td>\n<\/tr>\n<tr>\n<td>Programmat\u016bra<\/td>\n<td>Levenhuk ToupView<\/td>\n<\/tr>\n<tr>\n<td>Programm\u0113jamas opcijas<\/td>\n<td>att\u0113la izm\u0113ru, spilgtuma, ekspoz\u012bcijas laiks<\/td>\n<\/tr>\n<tr>\n<td>Ra\u017eot\u0101ja valsts<\/td>\n<td>PRC, controlled by Levenhuk, Inc. (USA)<\/td>\n<\/tr>\n<tr>\n<td>Sist\u0113mas pras\u012bbas<\/td>\n<td>Windows XP\/Vista\/7\/8\/10 (32 un 64 bitu);, USB ports<\/td>\n<\/tr>\n<tr>\n<td>Spilgtuma regul\u0113&scaron;ana<\/td>\n<td>\u0435\u0441\u0442\u044c<\/td>\n<\/tr>\n<tr>\n<td>Svars<\/td>\n<td>3.36 kg<\/td>\n<\/tr>\n<tr>\n<td>Videoklipu ierakst\u012b&scaron;ana<\/td>\n<td>j\u0101<\/td>\n<\/tr>\n<\/tbody>\n<\/table>\n<p>&nbsp;<\/p>\n<div><\/div>\n","protected":false},"excerpt":{"rendered":"<p>M\u016bsdienu tehnolo\u0123ijas, kas ien\u0101k optisk\u0101 apr\u012bkojuma tirg\u016b, b\u016btiski palielina m\u016bsu iesp\u0113jas. Ar Levenhuk Rainbow D50L PLUS m\u0113nessakmens mikroskopu j\u016bs ne tikai varat nov\u0113rot augu un dz\u012bvnieku &scaron;\u016bnas vai mikroorganismus, bet j\u016bs ar\u012b varat saglab\u0101t savu p\u0113t\u012bjumu rezult\u0101tus, uz\u0146emot nov\u0113rojam\u0101 parauga att\u0113lus vai video. Komplekt\u0101 ir iek\u013cauts viss nepiecie&scaron;amais, lai ar mikroskopu veiktu interesantus eksperimentus. J\u016bs [&hellip;]<\/p>\n","protected":false},"featured_media":0,"template":"","meta":[],"product_brand":[3372],"product_cat":[4640,4938,4969],"product_tag":[],"class_list":{"0":"post-79511","1":"product","2":"type-product","3":"status-publish","5":"product_brand-levenhuk","6":"product_cat-recreation","7":"product_cat-optics-recreation","8":"product_cat-microscopes-optics-recreation","10":"first","11":"instock","12":"shipping-taxable","13":"purchasable","14":"product-type-simple"},"_links":{"self":[{"href":"https:\/\/sezona.lv\/en\/wp-json\/wp\/v2\/product\/79511","targetHints":{"allow":["GET"]}}],"collection":[{"href":"https:\/\/sezona.lv\/en\/wp-json\/wp\/v2\/product"}],"about":[{"href":"https:\/\/sezona.lv\/en\/wp-json\/wp\/v2\/types\/product"}],"wp:attachment":[{"href":"https:\/\/sezona.lv\/en\/wp-json\/wp\/v2\/media?parent=79511"}],"wp:term":[{"taxonomy":"product_brand","embeddable":true,"href":"https:\/\/sezona.lv\/en\/wp-json\/wp\/v2\/product_brand?post=79511"},{"taxonomy":"product_cat","embeddable":true,"href":"https:\/\/sezona.lv\/en\/wp-json\/wp\/v2\/product_cat?post=79511"},{"taxonomy":"product_tag","embeddable":true,"href":"https:\/\/sezona.lv\/en\/wp-json\/wp\/v2\/product_tag?post=79511"}],"curies":[{"name":"wp","href":"https:\/\/api.w.org\/{rel}","templated":true}]}}