{"id":79512,"date":"2025-07-14T15:41:19","date_gmt":"2025-07-14T12:41:19","guid":{"rendered":"https:\/\/demo8.ecube.lv\/sezona.lv\/products\/bresser-erudits-basics-mono-40x-400x-mikroskops\/"},"modified":"2025-07-14T15:41:19","modified_gmt":"2025-07-14T12:41:19","slug":"bresser-erudits-basics-mono-40x-400x-mikroskops","status":"publish","type":"product","link":"https:\/\/sezona.lv\/en\/products\/bresser-erudits-basics-mono-40x-400x-mikroskops\/","title":{"rendered":"Bresser ERUDITS BASICS Mono 40x &#8211; 400x Mikroskops"},"content":{"rendered":"<table class=\"table table-bordered\" border=\"0\">\n<thead>\n<tr>\n<td colspan=\"2\">\n<p style=\"line-height: 1.38;margin-top: 0pt;margin-bottom: 0pt\" dir=\"ltr\"><span style=\"font-size: 11pt;font-family: Arial;color: #000000;background-color: transparent;vertical-align: baseline\">Bresser Erudit DLX pozicion\u0113 sevi k\u0101 augstas kvalit\u0101tes, stabilu un labu apr\u012bkotu mikroskopu skolai, studij\u0101m un hobijam. Ieb\u016bv\u0113ts akumulators \u013cauj Erudit DLX darboties ar\u012b mobilai lieto&scaron;anai.<\/span><\/p>\n<p style=\"line-height: 1.38;margin-top: 0pt;margin-bottom: 0pt\" dir=\"ltr\"><span style=\"font-size: 11pt;font-family: Arial;color: #000000;background-color: transparent;vertical-align: baseline\">Apgaismo&scaron;anu Erudit DLX veic LED ar reostata funkciju ( nep\u0101rtrauktu vari\u0101ciju gaismas intensit\u0101t\u0113s) un regul\u0113jamu pamatnes augstumu. Tas \u013cauj instrumentam veikt 40x, 100x, 400x, 600x un 1000x rei\u017eu palielin\u0101jumu. Mikroskops ir 360 &deg; rot\u0113jo&scaron;u monokul\u0101ru galvu un smalku fokus\u0113&scaron;anas disku un meh\u0101nisku virsmu.<\/span><\/p>\n<div><span style=\"font-size: 11pt;font-family: Arial;color: #000000;background-color: transparent;vertical-align: baseline\"><br \/><\/span><\/div>\n<div><span style=\"font-size: 11pt;font-family: Arial;color: #000000;background-color: transparent;vertical-align: baseline\"><\/p>\n<table style=\"font-size: 10pt;font-family: arial, sans, sans-serif;width: 0px;border: none\" dir=\"ltr\" border=\"1\" cellspacing=\"0\" cellpadding=\"0\">\n<colgroup>\n<col width=\"279\"><\/col>\n<\/colgroup>\n<tbody>\n<tr style=\"height: 21px\">\n<td style=\"border-color: #28cdff;overflow: hidden;padding: 2px 3px;vertical-align: bottom;background-color: #28cdff;font-family: Arial;font-size: 11pt;font-weight: bold;color: #ffffff;text-align: center\">Specifik\u0101cijas un komplekt\u0101cija<\/td>\n<\/tr>\n<tr style=\"height: 21px\">\n<td style=\"border-right-color: #28cdff;border-bottom-color: #28cdff;border-left-color: #28cdff;overflow: hidden;padding: 2px 3px;vertical-align: bottom;font-family: Arial;text-align: center\">Veids: biolo\u0123iskais mikroskops<\/td>\n<\/tr>\n<tr style=\"height: 21px\">\n<td style=\"border-right-color: #28cdff;border-bottom-color: #28cdff;border-left-color: #28cdff;overflow: hidden;padding: 2px 3px;vertical-align: bottom;font-family: Arial;text-align: center\">Skats: Monokul\u0101rie<\/td>\n<\/tr>\n<tr style=\"height: 21px\">\n<td style=\"border-right-color: #28cdff;border-bottom-color: #28cdff;border-left-color: #28cdff;overflow: hidden;padding: 2px 3px;vertical-align: bottom;font-family: Arial;text-align: center\">Pielietojums: Biolo\u0123ija, Bot\u0101nika, izgl\u012bt\u012bba<\/td>\n<\/tr>\n<tr style=\"height: 21px\">\n<td style=\"border-right-color: #28cdff;border-bottom-color: #28cdff;border-left-color: #28cdff;overflow: hidden;padding: 2px 3px;vertical-align: bottom;font-family: Arial;text-align: center\">Apgaismojums: LED, regul\u0113jams kondensators<\/td>\n<\/tr>\n<tr style=\"height: 21px\">\n<td style=\"border-right-color: #28cdff;border-bottom-color: #28cdff;border-left-color: #28cdff;overflow: hidden;padding: 2px 3px;vertical-align: bottom;font-family: Arial;text-align: center\">L\u012bmenis: Ies\u0101c\u0113ju, Vid\u0113js<\/td>\n<\/tr>\n<tr style=\"height: 21px\">\n<td style=\"border-right-color: #28cdff;border-bottom-color: #28cdff;border-left-color: #28cdff;overflow: hidden;padding: 2px 3px;vertical-align: bottom;font-family: Arial;text-align: center\">Ekstras: Uzl\u0101d\u0113jams akumulators<\/td>\n<\/tr>\n<tr style=\"height: 21px\">\n<td style=\"border-right-color: #28cdff;border-bottom-color: #28cdff;border-left-color: #28cdff;overflow: hidden;padding: 2px 3px;vertical-align: bottom;font-family: Arial;text-align: center\">\u0112rts monokul\u0101rs skats, 360 &deg; pagrie\u017eama galva<\/td>\n<\/tr>\n<tr style=\"height: 21px\">\n<td style=\"border-right-color: #28cdff;border-bottom-color: #28cdff;border-left-color: #28cdff;overflow: hidden;padding: 2px 3px;vertical-align: bottom;font-family: Arial;text-align: center\">Palielin\u0101jums: 40x &#8211; 1000x<\/td>\n<\/tr>\n<tr style=\"height: 21px\">\n<td style=\"border-right-color: #28cdff;border-bottom-color: #28cdff;border-left-color: #28cdff;overflow: hidden;padding: 2px 3px;vertical-align: bottom;font-family: Arial;text-align: center\">Okul\u0101rs: 10x<\/td>\n<\/tr>\n<tr style=\"height: 21px\">\n<td style=\"border-right-color: #28cdff;border-bottom-color: #28cdff;border-left-color: #28cdff;overflow: hidden;padding: 2px 3px;vertical-align: bottom;font-family: Arial;text-align: center\">Okul\u0101ra diametrs: 23 mm<\/td>\n<\/tr>\n<tr style=\"height: 21px\">\n<td style=\"border-right-color: #28cdff;border-bottom-color: #28cdff;border-left-color: #28cdff;overflow: hidden;padding: 2px 3px;vertical-align: bottom;font-family: Arial;text-align: center\">Objekt\u012bvi: 4x, 10x, 40x,100x<\/td>\n<\/tr>\n<tr style=\"height: 21px\">\n<td style=\"border-right-color: #28cdff;border-bottom-color: #28cdff;border-left-color: #28cdff;overflow: hidden;padding: 2px 3px;vertical-align: bottom;font-family: Arial;text-align: center\">Baro&scaron;ana: 230V<\/td>\n<\/tr>\n<\/tbody>\n<\/table>\n<p><\/span><\/div>\n<p><strong>Atrib\u016bti<\/strong><\/p>\n<\/td>\n<\/tr>\n<\/thead>\n<tbody>\n<tr>\n<td>Apgaismojums<\/td>\n<td>Izstarot\u0101 gaisma<\/td>\n<\/tr>\n<tr>\n<td>Baro&scaron;anas avots<\/td>\n<td>1.5V Baterija<\/td>\n<\/tr>\n<tr>\n<td>Bateriju Veids<\/td>\n<td>3x AA (LR6), 1.5V<\/td>\n<\/tr>\n<tr>\n<td>Elektronisks Okul\u0101rs<\/td>\n<td>p\u0113c izv\u0113les, pieejams k\u0101 piederums<\/td>\n<\/tr>\n<tr>\n<td>Fokuss<\/td>\n<td>Rupja un smalka fokus\u0113t\u0101js<\/td>\n<\/tr>\n<tr>\n<td>Izm\u0113ri<\/td>\n<td>235 x 168 x 352 mm   2.4 KG<\/td>\n<\/tr>\n<tr>\n<td>\u0136erme\u0146a bru\u0146as<\/td>\n<td>Alum\u012bnijs \/ plastmasa<\/td>\n<\/tr>\n<tr>\n<td>kr\u0101sa<\/td>\n<td>melns balts<\/td>\n<\/tr>\n<tr>\n<td>Palielin\u0101jums<\/td>\n<td>40 &#8211; 400x<\/td>\n<\/tr>\n<tr>\n<td>Soma<\/td>\n<td>Plastmasas Soma<\/td>\n<\/tr>\n<tr>\n<td>XY krusta posms<\/td>\n<td>High End XY posms ar vienas puses darb\u012bbu<\/td>\n<\/tr>\n<\/tbody>\n<\/table>\n<p>&nbsp;<\/p>\n","protected":false},"excerpt":{"rendered":"<p>Bresser Erudit DLX pozicion\u0113 sevi k\u0101 augstas kvalit\u0101tes, stabilu un labu apr\u012bkotu mikroskopu skolai, studij\u0101m un hobijam. Ieb\u016bv\u0113ts akumulators \u013cauj Erudit DLX darboties ar\u012b mobilai lieto&scaron;anai. Apgaismo&scaron;anu Erudit DLX veic LED ar reostata funkciju ( nep\u0101rtrauktu vari\u0101ciju gaismas intensit\u0101t\u0113s) un regul\u0113jamu pamatnes augstumu. Tas \u013cauj instrumentam veikt 40x, 100x, 400x, 600x un 1000x rei\u017eu palielin\u0101jumu. [&hellip;]<\/p>\n","protected":false},"featured_media":0,"template":"","meta":[],"product_brand":[],"product_cat":[4640,4938,4969],"product_tag":[],"class_list":{"0":"post-79512","1":"product","2":"type-product","3":"status-publish","5":"product_cat-recreation","6":"product_cat-optics-recreation","7":"product_cat-microscopes-optics-recreation","9":"first","10":"instock","11":"shipping-taxable","12":"purchasable","13":"product-type-simple"},"_links":{"self":[{"href":"https:\/\/sezona.lv\/en\/wp-json\/wp\/v2\/product\/79512","targetHints":{"allow":["GET"]}}],"collection":[{"href":"https:\/\/sezona.lv\/en\/wp-json\/wp\/v2\/product"}],"about":[{"href":"https:\/\/sezona.lv\/en\/wp-json\/wp\/v2\/types\/product"}],"wp:attachment":[{"href":"https:\/\/sezona.lv\/en\/wp-json\/wp\/v2\/media?parent=79512"}],"wp:term":[{"taxonomy":"product_brand","embeddable":true,"href":"https:\/\/sezona.lv\/en\/wp-json\/wp\/v2\/product_brand?post=79512"},{"taxonomy":"product_cat","embeddable":true,"href":"https:\/\/sezona.lv\/en\/wp-json\/wp\/v2\/product_cat?post=79512"},{"taxonomy":"product_tag","embeddable":true,"href":"https:\/\/sezona.lv\/en\/wp-json\/wp\/v2\/product_tag?post=79512"}],"curies":[{"name":"wp","href":"https:\/\/api.w.org\/{rel}","templated":true}]}}