{"id":79513,"date":"2025-07-14T15:41:20","date_gmt":"2025-07-14T12:41:20","guid":{"rendered":"https:\/\/demo8.ecube.lv\/sezona.lv\/products\/bresser-advance-biolucs-20x-400x-mikroskops\/"},"modified":"2025-07-14T15:41:20","modified_gmt":"2025-07-14T12:41:20","slug":"bresser-advance-biolucs-20x-400x-mikroskops","status":"publish","type":"product","link":"https:\/\/sezona.lv\/en\/products\/bresser-advance-biolucs-20x-400x-mikroskops\/","title":{"rendered":"Bresser Advance Biolucs 20x &#8211; 400x Mikroskops"},"content":{"rendered":"<p style=\"line-height: 1.38;margin-top: 0pt;margin-bottom: 0pt\" dir=\"ltr\"><span style=\"font-size: 12pt;font-family: Arial;color: #212121;background-color: #ffffff;font-weight: 700;font-style: normal;font-variant: normal;text-decoration: none;vertical-align: baseline\">Funkcijas:<\/span><span style=\"font-size: 12pt;font-family: Arial;color: #212121;background-color: #ffffff;font-weight: 700;font-style: normal;font-variant: normal;text-decoration: none;vertical-align: baseline\"><br class=\"kix-line-break\" \/><\/span><span style=\"font-size: 10.5pt;font-family: Arial;color: #212121;background-color: #ffffff;font-weight: 400;font-style: normal;font-variant: normal;text-decoration: none;vertical-align: baseline\"><br class=\"kix-line-break\" \/><\/span><span style=\"font-size: 10.5pt;font-family: Arial;color: #212121;background-color: #ffffff;font-weight: 400;font-style: normal;font-variant: normal;text-decoration: none;vertical-align: baseline\">&bull; Ieb\u016bv\u0113ta VGA mikroskopa kamera 480&#215;640 pikse\u013cu<\/span><span style=\"font-size: 10.5pt;font-family: Arial;color: #212121;background-color: #ffffff;font-weight: 400;font-style: normal;font-variant: normal;text-decoration: none;vertical-align: baseline\"><br class=\"kix-line-break\" \/><\/span><span style=\"font-size: 10.5pt;font-family: Arial;color: #212121;background-color: #ffffff;font-weight: 400;font-style: normal;font-variant: normal;text-decoration: none;vertical-align: baseline\">&bull; Revolvera galva ar trim augstv\u0113rt\u012bgiem m\u0113r\u0137iem (4x \/ 10x \/ 40x)<\/span><span style=\"font-size: 10.5pt;font-family: Arial;color: #212121;background-color: #ffffff;font-weight: 400;font-style: normal;font-variant: normal;text-decoration: none;vertical-align: baseline\"><br class=\"kix-line-break\" \/><\/span><span style=\"font-size: 10.5pt;font-family: Arial;color: #212121;background-color: #ffffff;font-weight: 400;font-style: normal;font-variant: normal;text-decoration: none;vertical-align: baseline\">&bull; LED apgaismojums incidentu mikroskopijai<\/span><span style=\"font-size: 10.5pt;font-family: Arial;color: #212121;background-color: #ffffff;font-weight: 400;font-style: normal;font-variant: normal;text-decoration: none;vertical-align: baseline\"><br class=\"kix-line-break\" \/><\/span><span style=\"font-size: 10.5pt;font-family: Arial;color: #212121;background-color: #ffffff;font-weight: 400;font-style: normal;font-variant: normal;text-decoration: none;vertical-align: baseline\">&bull; LED apgaismojums p\u0101rraides gaismas mikroskopijai<\/span><span style=\"font-size: 10.5pt;font-family: Arial;color: #212121;background-color: #ffffff;font-weight: 400;font-style: normal;font-variant: normal;text-decoration: none;vertical-align: baseline\"><br class=\"kix-line-break\" \/><\/span><span style=\"font-size: 10.5pt;font-family: Arial;color: #212121;background-color: #ffffff;font-weight: 400;font-style: normal;font-variant: normal;text-decoration: none;vertical-align: baseline\">&bull; Sinhroniz\u0113t ar gaismas diod\u0113m abiem gaismas avotiem<\/span><span style=\"font-size: 10.5pt;font-family: Arial;color: #212121;background-color: #ffffff;font-weight: 400;font-style: normal;font-variant: normal;text-decoration: none;vertical-align: baseline\"><br class=\"kix-line-break\" \/><\/span><span style=\"font-size: 10.5pt;font-family: Arial;color: #212121;background-color: #ffffff;font-weight: 400;font-style: normal;font-variant: normal;text-decoration: none;vertical-align: baseline\">&bull; 6 kr\u0101su filtra ritenis ar izejas atv\u0113rumu<\/span><span style=\"font-size: 10.5pt;font-family: Arial;color: #212121;background-color: #ffffff;font-weight: 400;font-style: normal;font-variant: normal;text-decoration: none;vertical-align: baseline\"><br class=\"kix-line-break\" \/><\/span><span style=\"font-size: 10.5pt;font-family: Arial;color: #212121;background-color: #ffffff;font-weight: 400;font-style: normal;font-variant: normal;text-decoration: none;vertical-align: baseline\">&bull; USB ports<\/span><span style=\"font-size: 10.5pt;font-family: Arial;color: #212121;background-color: #ffffff;font-weight: 400;font-style: normal;font-variant: normal;text-decoration: none;vertical-align: baseline\"><br class=\"kix-line-break\" \/><\/span><span style=\"font-size: 10.5pt;font-family: Arial;color: #212121;background-color: #ffffff;font-weight: 400;font-style: normal;font-variant: normal;text-decoration: none;vertical-align: baseline\">&bull; Prepar\u0101ti (garne\u013cu olas, raugs, j\u016bras s\u0101ls) \/ sve\u0137u masa<\/span><span style=\"font-size: 10.5pt;font-family: Arial;color: #212121;background-color: #ffffff;font-weight: 400;font-style: normal;font-variant: normal;text-decoration: none;vertical-align: baseline\"><br class=\"kix-line-break\" \/><\/span><span style=\"font-size: 10.5pt;font-family: Arial;color: #212121;background-color: #ffffff;font-weight: 400;font-style: normal;font-variant: normal;text-decoration: none;vertical-align: baseline\">&bull; Mikroskopa piederumu komplekts \/ inkubators \/ mikrotoms (pl\u0101nas sagatavo&scaron;anas griezumiem)<\/span><span style=\"font-size: 10.5pt;font-family: Arial;color: #212121;background-color: #ffffff;font-weight: 400;font-style: normal;font-variant: normal;text-decoration: none;vertical-align: baseline\"><br class=\"kix-line-break\" \/><\/span><span style=\"font-size: 10.5pt;font-family: Arial;color: #212121;background-color: #ffffff;font-weight: 400;font-style: normal;font-variant: normal;text-decoration: none;vertical-align: baseline\">&bull; K\u0101rba ar prepar\u0101tiem, tuk&scaron;a m\u0113r\u0137a slaidi un p\u0101rseguma stikli<\/span><span style=\"font-size: 10.5pt;font-family: Arial;color: #212121;background-color: #ffffff;font-weight: 400;font-style: normal;font-variant: normal;text-decoration: none;vertical-align: baseline\"><br class=\"kix-line-break\" \/><\/span><span style=\"font-size: 10.5pt;font-family: Arial;color: #212121;background-color: #ffffff;font-weight: 400;font-style: normal;font-variant: normal;text-decoration: none;vertical-align: baseline\">&bull; USB kabelis<\/span><span style=\"font-size: 10.5pt;font-family: Arial;color: #212121;background-color: #ffffff;font-weight: 400;font-style: normal;font-variant: normal;text-decoration: none;vertical-align: baseline\"><br class=\"kix-line-break\" \/><\/span><span style=\"font-size: 10.5pt;font-family: Arial;color: #212121;background-color: #ffffff;font-weight: 400;font-style: normal;font-variant: normal;text-decoration: none;vertical-align: baseline\"> <\/span><span style=\"font-size: 10.5pt;font-family: Arial;color: #212121;background-color: #ffffff;font-weight: 400;font-style: normal;font-variant: normal;text-decoration: none;vertical-align: baseline\"><br class=\"kix-line-break\" \/><\/span><span style=\"font-size: 10.5pt;font-family: Arial;color: #212121;background-color: #ffffff;font-weight: 400;font-style: normal;font-variant: normal;text-decoration: none;vertical-align: baseline\"><br class=\"kix-line-break\" \/><\/span><span style=\"font-size: 10.5pt;font-family: Arial;color: #212121;background-color: #ffffff;font-weight: 400;font-style: normal;font-variant: normal;text-decoration: none;vertical-align: baseline\">Augstas kvalit\u0101tes mikroskops ar p\u0101rraid\u012bto un atstaroto gaismu, un integr\u0113tu digit\u0101lo kameru (iz&scaron;\u0137irtsp\u0113ja:<\/span><span style=\"font-size: 10.5pt;font-family: Arial;color: #212121;background-color: #ffffff;font-weight: 700;font-style: normal;font-variant: normal;text-decoration: none;vertical-align: baseline\"> 640&#215;480, USB savienot\u0101js<\/span><span style=\"font-size: 10.5pt;font-family: Arial;color: #212121;background-color: #ffffff;font-weight: 400;font-style: normal;font-variant: normal;text-decoration: none;vertical-align: baseline\">), lai uz\u0146emtu att\u0113lus un videoklipus ar Windows datoru<\/span><span style=\"font-size: 10.5pt;font-family: Arial;color: #212121;background-color: #ffffff;font-weight: 400;font-style: normal;font-variant: normal;text-decoration: none;vertical-align: baseline\"><br class=\"kix-line-break\" \/><\/span><span style=\"font-size: 10.5pt;font-family: Arial;color: #212121;background-color: #ffffff;font-weight: 700;font-style: normal;font-variant: normal;text-decoration: none;vertical-align: baseline\">Palielin\u0101jums: 20x-400x<\/span><span style=\"font-size: 10.5pt;font-family: Arial;color: #212121;background-color: #ffffff;font-weight: 400;font-style: normal;font-variant: normal;text-decoration: none;vertical-align: baseline\"> \/ revolvera galvas ar 3 augstas kvalit\u0101tes objekt\u012bviem (4x \/ 10x \/ 40x)<\/span><span style=\"font-size: 10.5pt;font-family: Arial;color: #212121;background-color: #ffffff;font-weight: 400;font-style: normal;font-variant: normal;text-decoration: none;vertical-align: baseline\"><br class=\"kix-line-break\" \/><\/span><span style=\"font-size: 10.5pt;font-family: Arial;color: #212121;background-color: #ffffff;font-weight: 400;font-style: normal;font-variant: normal;text-decoration: none;vertical-align: baseline\">Atstarojo&scaron;s un izstarot\u0101 gaismas avota apgaismojums (izmantojot akumulatoru)<\/span><span style=\"font-size: 10.5pt;font-family: Arial;color: #212121;background-color: #ffffff;font-weight: 400;font-style: normal;font-variant: normal;text-decoration: none;vertical-align: baseline\"><br class=\"kix-line-break\" \/><\/span><span style=\"font-size: 10.5pt;font-family: Arial;color: #212121;background-color: #ffffff;font-weight: 400;font-style: normal;font-variant: normal;text-decoration: none;vertical-align: baseline\">6 kr\u0101su filtra ritenis ar izejas atv\u0113rumu<\/span><span style=\"font-size: 10.5pt;font-family: Arial;color: #212121;background-color: #ffffff;font-weight: 400;font-style: normal;font-variant: normal;text-decoration: none;vertical-align: baseline\"><br class=\"kix-line-break\" \/><\/span><span style=\"font-size: 10.5pt;font-family: Arial;color: #212121;background-color: #ffffff;font-weight: 400;font-style: normal;font-variant: normal;text-decoration: none;vertical-align: baseline\">Pieg\u0101des apjoms: Biolux Advance, prepar\u0101ti (garne\u013cu olas, raugs, j\u016bras s\u0101ls), gumijas materi\u0101ls, mikroskopa aksesu\u0101ru komplekts, inkubators, mikrotooms (pl\u0101niem sagatavo&scaron;anas izcirt\u0146iem), k\u0101rba ar prepar\u0101tiem, tuk&scaron;a objekta slaidi un v\u0101ci\u0146i, USB kabelis, programmat\u016bra<\/span><\/p>\n<p style=\"line-height: 1.38;margin-top: 0pt;margin-bottom: 0pt\" dir=\"ltr\">&nbsp;<\/p>\n<table class=\"table table-bordered\" border=\"0\">\n<thead>\n<tr>\n<td colspan=\"2\"><strong>Atrib\u016bti<\/strong><\/td>\n<\/tr>\n<\/thead>\n<tbody>\n<tr>\n<td>Apgaismojums<\/td>\n<td>2x LED<\/td>\n<\/tr>\n<tr>\n<td>Elektronisks Okul\u0101rs<\/td>\n<td>640&#215;480 pikse\u013cu kr\u0101sa (integr\u0113ta)<\/td>\n<\/tr>\n<tr>\n<td>Fokuss<\/td>\n<td>Fokus\u0113&scaron;anas ritenis<\/td>\n<\/tr>\n<tr>\n<td>Izm\u0113ri<\/td>\n<td>120 x 215 x 280 mm  1,5 KG<\/td>\n<\/tr>\n<tr>\n<td>\u0136erme\u0146a bru\u0146as<\/td>\n<td>Met\u0101ls<\/td>\n<\/tr>\n<tr>\n<td>kr\u0101sa<\/td>\n<td>Melns balts<\/td>\n<\/tr>\n<tr>\n<td>Optiskais dizains<\/td>\n<td>Biolo\u0123iskais<\/td>\n<\/tr>\n<tr>\n<td>Palielin\u0101jums<\/td>\n<td>20-400x<\/td>\n<\/tr>\n<tr>\n<td>Programmat\u016bra<\/td>\n<td>Photomizer image editing software<\/td>\n<\/tr>\n<\/tbody>\n<\/table>\n<p style=\"line-height: 1.38;margin-top: 0pt;margin-bottom: 0pt\" dir=\"ltr\"><span style=\"font-size: 10.5pt;font-family: Arial;color: #212121;background-color: #ffffff;font-weight: 400;font-style: normal;font-variant: normal;text-decoration: none;vertical-align: baseline\"><br \/><\/span><\/p>\n<p>&nbsp;<\/p>\n<p>&nbsp;<\/p>\n","protected":false},"excerpt":{"rendered":"<p>Funkcijas:&bull; Ieb\u016bv\u0113ta VGA mikroskopa kamera 480&#215;640 pikse\u013cu&bull; Revolvera galva ar trim augstv\u0113rt\u012bgiem m\u0113r\u0137iem (4x \/ 10x \/ 40x)&bull; LED apgaismojums incidentu mikroskopijai&bull; LED apgaismojums p\u0101rraides gaismas mikroskopijai&bull; Sinhroniz\u0113t ar gaismas diod\u0113m abiem gaismas avotiem&bull; 6 kr\u0101su filtra ritenis ar izejas atv\u0113rumu&bull; USB ports&bull; Prepar\u0101ti (garne\u013cu olas, raugs, j\u016bras s\u0101ls) \/ sve\u0137u masa&bull; Mikroskopa piederumu komplekts [&hellip;]<\/p>\n","protected":false},"featured_media":0,"template":"","meta":[],"product_brand":[],"product_cat":[4640,4938,4969],"product_tag":[],"class_list":{"0":"post-79513","1":"product","2":"type-product","3":"status-publish","5":"product_cat-recreation","6":"product_cat-optics-recreation","7":"product_cat-microscopes-optics-recreation","9":"first","10":"instock","11":"shipping-taxable","12":"purchasable","13":"product-type-simple"},"_links":{"self":[{"href":"https:\/\/sezona.lv\/en\/wp-json\/wp\/v2\/product\/79513","targetHints":{"allow":["GET"]}}],"collection":[{"href":"https:\/\/sezona.lv\/en\/wp-json\/wp\/v2\/product"}],"about":[{"href":"https:\/\/sezona.lv\/en\/wp-json\/wp\/v2\/types\/product"}],"wp:attachment":[{"href":"https:\/\/sezona.lv\/en\/wp-json\/wp\/v2\/media?parent=79513"}],"wp:term":[{"taxonomy":"product_brand","embeddable":true,"href":"https:\/\/sezona.lv\/en\/wp-json\/wp\/v2\/product_brand?post=79513"},{"taxonomy":"product_cat","embeddable":true,"href":"https:\/\/sezona.lv\/en\/wp-json\/wp\/v2\/product_cat?post=79513"},{"taxonomy":"product_tag","embeddable":true,"href":"https:\/\/sezona.lv\/en\/wp-json\/wp\/v2\/product_tag?post=79513"}],"curies":[{"name":"wp","href":"https:\/\/api.w.org\/{rel}","templated":true}]}}