{"id":79514,"date":"2025-07-14T15:41:20","date_gmt":"2025-07-14T12:41:20","guid":{"rendered":"https:\/\/demo8.ecube.lv\/sezona.lv\/products\/bresser-researchers-icd-led-20x-80x-mikroskops\/"},"modified":"2025-07-14T15:41:20","modified_gmt":"2025-07-14T12:41:20","slug":"bresser-researchers-icd-led-20x-80x-mikroskops","status":"publish","type":"product","link":"https:\/\/sezona.lv\/en\/products\/bresser-researchers-icd-led-20x-80x-mikroskops\/","title":{"rendered":"Bresser RESEARCHERS ICD LED 20x-80x Mikroskops"},"content":{"rendered":"<p style=\"line-height: 1.38;margin-top: 0pt;margin-bottom: 0pt\" dir=\"ltr\"><span style=\"font-size: 11pt;font-family: Arial;color: #212121;background-color: #ffffff;font-weight: 700;font-style: normal;font-variant: normal;text-decoration: none;vertical-align: baseline\">Mikroskops Bresser RESEARCHERS ICD LED 20x-80x<\/span><span style=\"font-size: 11pt;font-family: Arial;color: #212121;background-color: #ffffff;font-weight: 400;font-style: normal;font-variant: normal;text-decoration: none;vertical-align: baseline\">: stereo mikroskops, kas ra\u017eots augst\u0101 kvalit\u0101t\u0113, pied\u0101v\u0101 ar\u012b <\/span><span style=\"font-size: 11pt;font-family: Arial;color: #212121;background-color: #ffffff;font-weight: 700;font-style: normal;font-variant: normal;text-decoration: none;vertical-align: baseline\">biolo\u0123isko stilu<\/span><span style=\"font-size: 11pt;font-family: Arial;color: #212121;background-color: #ffffff;font-weight: 400;font-style: normal;font-variant: normal;text-decoration: none;vertical-align: baseline\">. &Scaron;aj\u0101 model\u012b ir aug&scaron;\u0113j\u0101 un apak&scaron;\u0113j\u0101 <\/span><span style=\"font-size: 11pt;font-family: Arial;color: #212121;background-color: #ffffff;font-weight: 700;font-style: normal;font-variant: normal;text-decoration: none;vertical-align: baseline\">halog\u0113nu apgaismot\u0101ji,<\/span><span style=\"font-size: 11pt;font-family: Arial;color: #212121;background-color: #ffffff;font-weight: 400;font-style: normal;font-variant: normal;text-decoration: none;vertical-align: baseline\"> katram mikroskopa tipam, kurus var darbin\u0101t neatkar\u012bgi vai kop\u0101. <\/span><span style=\"font-size: 11pt;font-family: Arial;color: #212121;background-color: #ffffff;font-weight: 700;font-style: normal;font-variant: normal;text-decoration: none;vertical-align: baseline\">Apgaismot\u0101ju kop\u0113jo intensit\u0101ti var main\u012bt ar dimmeri<\/span><span style=\"font-size: 11pt;font-family: Arial;color: #212121;background-color: #ffffff;font-weight: 400;font-style: normal;font-variant: normal;text-decoration: none;vertical-align: baseline\">. <\/span><span style=\"font-size: 11pt;font-family: Arial;color: #212121;background-color: #ffffff;font-weight: 700;font-style: normal;font-variant: normal;text-decoration: none;vertical-align: baseline\">Binokul\u0101r\u0101 galva ir 360 &deg; grie\u017eama,<\/span><span style=\"font-size: 11pt;font-family: Arial;color: #212121;background-color: #ffffff;font-weight: 400;font-style: normal;font-variant: normal;text-decoration: none;vertical-align: baseline\"> un nodro&scaron;ina \u0113rtu skatu vis\u0101s nov\u0113ro&scaron;anas poz\u012bcij\u0101s. Okul\u0101rus var iestat\u012bt uz atsevi&scaron;\u0137iem acu atvieglojuma (eye relief), un ar dioptriju piel\u0101got lietot\u0101ju redzi. Mikroskops veic att\u0113lus, kas ir bag\u0101ti ar deta\u013c\u0101m un kontrastu.<\/span><span style=\"font-size: 11pt;font-family: Arial;color: #212121;background-color: #ffffff;font-weight: 400;font-style: normal;font-variant: normal;text-decoration: none;vertical-align: baseline\"><br class=\"kix-line-break\" \/><\/span><span style=\"font-size: 11pt;font-family: Arial;color: #212121;background-color: #ffffff;font-weight: 700;font-style: normal;font-variant: normal;text-decoration: none;vertical-align: baseline\"><br class=\"kix-line-break\" \/><\/span><span style=\"font-size: 11pt;font-family: Arial;color: #212121;background-color: #ffffff;font-weight: 700;font-style: normal;font-variant: normal;text-decoration: none;vertical-align: baseline\">Funkcijas:<\/span><span style=\"font-size: 11pt;font-family: Arial;color: #212121;background-color: #ffffff;font-weight: 400;font-style: normal;font-variant: normal;text-decoration: none;vertical-align: baseline\"><br class=\"kix-line-break\" \/><\/span><span style=\"font-size: 11pt;font-family: Arial;color: #212121;background-color: #ffffff;font-weight: 400;font-style: normal;font-variant: normal;text-decoration: none;vertical-align: baseline\"><br class=\"kix-line-break\" \/><\/span><span style=\"font-size: 11pt;font-family: Arial;color: #212121;background-color: #ffffff;font-weight: 400;font-style: normal;font-variant: normal;text-decoration: none;vertical-align: baseline\">apvienots stereo \/ biolo\u0123iskais mikroskops<\/span><span style=\"font-size: 11pt;font-family: Arial;color: #212121;background-color: #ffffff;font-weight: 400;font-style: normal;font-variant: normal;text-decoration: none;vertical-align: baseline\"><br class=\"kix-line-break\" \/><\/span><span style=\"font-size: 11pt;font-family: Arial;color: #212121;background-color: #ffffff;font-weight: 400;font-style: normal;font-variant: normal;text-decoration: none;vertical-align: baseline\">360 &deg; rot\u0113jo&scaron;s binoklis<\/span><span style=\"font-size: 11pt;font-family: Arial;color: #212121;background-color: #ffffff;font-weight: 400;font-style: normal;font-variant: normal;text-decoration: none;vertical-align: baseline\"><br class=\"kix-line-break\" \/><\/span><span style=\"font-size: 11pt;font-family: Arial;color: #212121;background-color: #ffffff;font-weight: 400;font-style: normal;font-variant: normal;text-decoration: none;vertical-align: baseline\">regul\u0113jams acu att\u0101lums un dioptriju regul\u0113&scaron;ana<\/span><span style=\"font-size: 11pt;font-family: Arial;color: #212121;background-color: #ffffff;font-weight: 400;font-style: normal;font-variant: normal;text-decoration: none;vertical-align: baseline\"><br class=\"kix-line-break\" \/><\/span><span style=\"font-size: 11pt;font-family: Arial;color: #212121;background-color: #ffffff;font-weight: 400;font-style: normal;font-variant: normal;text-decoration: none;vertical-align: baseline\">objekt\u012bvais palielin\u0101jums 2x \/ 4x p\u0101rsl\u0113dzams<\/span><span style=\"font-size: 11pt;font-family: Arial;color: #212121;background-color: #ffffff;font-weight: 400;font-style: normal;font-variant: normal;text-decoration: none;vertical-align: baseline\"><br class=\"kix-line-break\" \/><br class=\"kix-line-break\" \/><\/span><\/p>\n<p>&nbsp;<\/p>\n<p style=\"line-height: 1.38;margin-top: 0pt;margin-bottom: 0pt\" dir=\"ltr\"><span style=\"font-size: 11pt;font-family: Arial;color: #212121;background-color: #ffffff;font-weight: 700;font-style: normal;font-variant: normal;text-decoration: none;vertical-align: baseline\">Komplekt\u0101 ietilpst:<\/span><span style=\"font-size: 11pt;font-family: Arial;color: #212121;background-color: #ffffff;font-weight: 400;font-style: normal;font-variant: normal;text-decoration: none;vertical-align: baseline\"><br class=\"kix-line-break\" \/><\/span><span style=\"font-size: 11pt;font-family: Arial;color: #212121;background-color: #ffffff;font-weight: 400;font-style: normal;font-variant: normal;text-decoration: none;vertical-align: baseline\"><br class=\"kix-line-break\" \/><\/span><span style=\"font-size: 11pt;font-family: Arial;color: #212121;background-color: #ffffff;font-weight: 400;font-style: normal;font-variant: normal;text-decoration: none;vertical-align: baseline\">stereo mikroskops<\/span><span style=\"font-size: 11pt;font-family: Arial;color: #212121;background-color: #ffffff;font-weight: 400;font-style: normal;font-variant: normal;text-decoration: none;vertical-align: baseline\"><br class=\"kix-line-break\" \/><\/span><span style=\"font-size: 11pt;font-family: Arial;color: #212121;background-color: #ffffff;font-weight: 400;font-style: normal;font-variant: normal;text-decoration: none;vertical-align: baseline\">2x okul\u0101rs: 10x un 20x<\/span><span style=\"font-size: 11pt;font-family: Arial;color: #212121;background-color: #ffffff;font-weight: 400;font-style: normal;font-variant: normal;text-decoration: none;vertical-align: baseline\"><br class=\"kix-line-break\" \/><\/span><span style=\"font-size: 11pt;font-family: Arial;color: #212121;background-color: #ffffff;font-weight: 400;font-style: normal;font-variant: normal;text-decoration: none;vertical-align: baseline\">stikla stadija un melnbalta stadija<\/span><span style=\"font-size: 11pt;font-family: Arial;color: #212121;background-color: #ffffff;font-weight: 400;font-style: normal;font-variant: normal;text-decoration: none;vertical-align: baseline\"><br class=\"kix-line-break\" \/><\/span><span style=\"font-size: 11pt;font-family: Arial;color: #212121;background-color: #ffffff;font-weight: 400;font-style: normal;font-variant: normal;text-decoration: none;vertical-align: baseline\">t\u012bkla adapteris<\/span><span style=\"font-size: 11pt;font-family: Arial;color: #212121;background-color: #ffffff;font-weight: 400;font-style: normal;font-variant: normal;text-decoration: none;vertical-align: baseline\"><br class=\"kix-line-break\" \/><\/span><span style=\"font-size: 11pt;font-family: Arial;color: #212121;background-color: #ffffff;font-weight: 400;font-style: normal;font-variant: normal;text-decoration: none;vertical-align: baseline\">uzl\u0101d\u0113jam\u0101s baterijas (tips AA)<\/span><span style=\"font-size: 11pt;font-family: Arial;color: #212121;background-color: #ffffff;font-weight: 400;font-style: normal;font-variant: normal;text-decoration: none;vertical-align: baseline\"><br class=\"kix-line-break\" \/><\/span><span style=\"font-size: 11pt;font-family: Arial;color: #212121;background-color: #ffffff;font-weight: 400;font-style: normal;font-variant: normal;text-decoration: none;vertical-align: baseline\">putek\u013cu v\u0101ci\u0146&scaron;<\/span><\/p>\n<p style=\"line-height: 1.38;margin-top: 0pt;margin-bottom: 0pt\" dir=\"ltr\">&nbsp;<\/p>\n<table class=\"table table-bordered\" border=\"0\">\n<thead>\n<tr>\n<td colspan=\"2\"><strong>Atrib\u016bti<\/strong><\/td>\n<\/tr>\n<\/thead>\n<tbody>\n<tr>\n<td>Apgaismojums<\/td>\n<td>Starpgad\u012bjums un izstarot\u0101 gaisma, 2 LED<\/td>\n<\/tr>\n<tr>\n<td>c augstums max<\/td>\n<td>32 mm<\/td>\n<\/tr>\n<tr>\n<td>Dioptrijas iestat\u012bjums<\/td>\n<td>+<\/td>\n<\/tr>\n<tr>\n<td>Fokus\u0113&scaron;anas sist\u0113ma<\/td>\n<td>Fokus\u0113&scaron;anas ritenis<\/td>\n<\/tr>\n<tr>\n<td>Izm\u0113ri<\/td>\n<td>200 x 139 x 345 mm  2.3 KG<\/td>\n<\/tr>\n<tr>\n<td>\u0136erme\u0146a bru\u0146as<\/td>\n<td>Alum\u012bnijs<\/td>\n<\/tr>\n<tr>\n<td>Optiskais dizains<\/td>\n<td>Stereo<\/td>\n<\/tr>\n<tr>\n<td>Palielin\u0101jums<\/td>\n<td>20-80x<\/td>\n<\/tr>\n<tr>\n<td>Skats<\/td>\n<td>Binoklis<\/td>\n<\/tr>\n<tr>\n<td>XY krusta posms<\/td>\n<td>&#8211;<\/td>\n<\/tr>\n<\/tbody>\n<\/table>\n<p style=\"line-height: 1.38;margin-top: 0pt;margin-bottom: 0pt\" dir=\"ltr\"><span style=\"font-size: 11pt;font-family: Arial;color: #212121;background-color: #ffffff;font-weight: 400;font-style: normal;font-variant: normal;text-decoration: none;vertical-align: baseline\"><br \/><\/span><\/p>\n","protected":false},"excerpt":{"rendered":"<p>Mikroskops Bresser RESEARCHERS ICD LED 20x-80x: stereo mikroskops, kas ra\u017eots augst\u0101 kvalit\u0101t\u0113, pied\u0101v\u0101 ar\u012b biolo\u0123isko stilu. &Scaron;aj\u0101 model\u012b ir aug&scaron;\u0113j\u0101 un apak&scaron;\u0113j\u0101 halog\u0113nu apgaismot\u0101ji, katram mikroskopa tipam, kurus var darbin\u0101t neatkar\u012bgi vai kop\u0101. Apgaismot\u0101ju kop\u0113jo intensit\u0101ti var main\u012bt ar dimmeri. Binokul\u0101r\u0101 galva ir 360 &deg; grie\u017eama, un nodro&scaron;ina \u0113rtu skatu vis\u0101s nov\u0113ro&scaron;anas poz\u012bcij\u0101s. Okul\u0101rus var [&hellip;]<\/p>\n","protected":false},"featured_media":0,"template":"","meta":[],"product_brand":[],"product_cat":[4640,4938,4969],"product_tag":[],"class_list":{"0":"post-79514","1":"product","2":"type-product","3":"status-publish","5":"product_cat-recreation","6":"product_cat-optics-recreation","7":"product_cat-microscopes-optics-recreation","9":"first","10":"instock","11":"shipping-taxable","12":"purchasable","13":"product-type-simple"},"_links":{"self":[{"href":"https:\/\/sezona.lv\/en\/wp-json\/wp\/v2\/product\/79514","targetHints":{"allow":["GET"]}}],"collection":[{"href":"https:\/\/sezona.lv\/en\/wp-json\/wp\/v2\/product"}],"about":[{"href":"https:\/\/sezona.lv\/en\/wp-json\/wp\/v2\/types\/product"}],"wp:attachment":[{"href":"https:\/\/sezona.lv\/en\/wp-json\/wp\/v2\/media?parent=79514"}],"wp:term":[{"taxonomy":"product_brand","embeddable":true,"href":"https:\/\/sezona.lv\/en\/wp-json\/wp\/v2\/product_brand?post=79514"},{"taxonomy":"product_cat","embeddable":true,"href":"https:\/\/sezona.lv\/en\/wp-json\/wp\/v2\/product_cat?post=79514"},{"taxonomy":"product_tag","embeddable":true,"href":"https:\/\/sezona.lv\/en\/wp-json\/wp\/v2\/product_tag?post=79514"}],"curies":[{"name":"wp","href":"https:\/\/api.w.org\/{rel}","templated":true}]}}