{"id":79515,"date":"2025-07-11T17:06:15","date_gmt":"2025-07-11T14:06:15","guid":{"rendered":"https:\/\/demo8.ecube.lv\/sezona.lv\/products\/levenhuk-700m-monokularais-mikroskops\/"},"modified":"2025-07-14T15:41:21","modified_gmt":"2025-07-14T12:41:21","slug":"levenhuk-700m-monokularais-mikroskops","status":"publish","type":"product","link":"https:\/\/sezona.lv\/en\/products\/levenhuk-700m-monokularais-mikroskops\/","title":{"rendered":"Levenhuk 700M Monokul\u0101rais mikroskops"},"content":{"rendered":"<p><span style=\"font-size: 160%;font-family: arial,sans,sans-serif\">Specifik\u0101cijas<\/span><\/p>\n<table style=\"font-size: 13px;font-family: arial,sans,sans-serif;border-collapse: collapse;border: none\" dir=\"ltr\" border=\"1\" cellspacing=\"0\" cellpadding=\"0\">\n<colgroup>\n<col width=\"520\"><\/col>\n<col width=\"552\"><\/col>\n<\/colgroup>\n<tbody>\n<tr style=\"height: 21px\">\n<td style=\"padding: 2px 3px 2px 3px;vertical-align: bottom;background-color: #ffffff;font-family: Arial;font-size: 110%;color: #3a3a3a;text-align: left;border: 1px solid #000000\">Galva<\/td>\n<td style=\"padding: 2px 3px 2px 3px;vertical-align: bottom;background-color: #ffffff;border-top: 1px solid #000000;border-right: 1px solid #000000;border-bottom: 1px solid #000000;font-family: Arial;font-size: 110%;color: #3a3a3a;text-align: left\">monokul\u0101rs, rot\u0113 par 360&deg;, noliektas 45&deg;<\/td>\n<\/tr>\n<tr style=\"height: 21px\">\n<td style=\"padding: 2px 3px 2px 3px;vertical-align: bottom;background-color: #ffffff;border-right: 1px solid #000000;border-bottom: 1px solid #000000;border-left: 1px solid #000000;font-family: Arial;font-size: 110%;color: #3a3a3a;text-align: left\">Optikas materi\u0101li<\/td>\n<td style=\"padding: 2px 3px 2px 3px;vertical-align: bottom;background-color: #ffffff;border-right: 1px solid #000000;border-bottom: 1px solid #000000;font-family: Arial;font-size: 110%;color: #3a3a3a;text-align: left\">optiskais stikls<\/td>\n<\/tr>\n<tr style=\"height: 21px\">\n<td style=\"padding: 2px 3px 2px 3px;vertical-align: bottom;background-color: #ffffff;border-right: 1px solid #000000;border-bottom: 1px solid #000000;border-left: 1px solid #000000;font-family: Arial;font-size: 110%;color: #3a3a3a;text-align: left\">Palielin\u0101jums, x<\/td>\n<td style=\"padding: 2px 3px 2px 3px;vertical-align: bottom;background-color: #ffffff;border-right: 1px solid #000000;border-bottom: 1px solid #000000;font-family: Arial;font-size: 110%;color: #3a3a3a;text-align: left\">40&ndash;2000<\/td>\n<\/tr>\n<tr style=\"height: 21px\">\n<td style=\"padding: 2px 3px 2px 3px;vertical-align: bottom;background-color: #ffffff;border-right: 1px solid #000000;border-bottom: 1px solid #000000;border-left: 1px solid #000000;font-family: Arial;font-size: 110%;color: #3a3a3a;text-align: left\">Okulaara caurules diametrs, mm<\/td>\n<td style=\"padding: 2px 3px 2px 3px;vertical-align: bottom;background-color: #ffffff;border-right: 1px solid #000000;border-bottom: 1px solid #000000;font-family: Arial;font-size: 110%;color: #3a3a3a;text-align: left\">23,2<\/td>\n<\/tr>\n<tr style=\"height: 21px\">\n<td style=\"padding: 2px 3px 2px 3px;vertical-align: bottom;background-color: #ffffff;border-right: 1px solid #000000;border-bottom: 1px solid #000000;border-left: 1px solid #000000;font-family: Arial;font-size: 110%;color: #3a3a3a;text-align: left\">Okul\u0101ri<\/td>\n<td style=\"padding: 2px 3px 2px 3px;vertical-align: bottom;background-color: #ffffff;border-right: 1px solid #000000;border-bottom: 1px solid #000000;font-family: Arial;font-size: 110%;color: #3a3a3a;text-align: left\">WF10x\/18 mm, WFH20x<\/td>\n<\/tr>\n<tr style=\"height: 21px\">\n<td style=\"padding: 2px 3px 2px 3px;vertical-align: bottom;background-color: #ffffff;border-right: 1px solid #000000;border-bottom: 1px solid #000000;border-left: 1px solid #000000;font-family: Arial;font-size: 110%;color: #3a3a3a;text-align: left\">Objekt\u012bvi<\/td>\n<td style=\"padding: 2px 3px 2px 3px;vertical-align: bottom;background-color: #ffffff;border-right: 1px solid #000000;border-bottom: 1px solid #000000;font-family: Arial;font-size: 110%;color: #3a3a3a;text-align: left\">ahromatiski: 4x, 10x, 40xs, 100xs (iegremd\u0113ts e\u013c\u013c\u0101)<\/td>\n<\/tr>\n<tr style=\"height: 21px\">\n<td style=\"padding: 2px 3px 2px 3px;vertical-align: bottom;background-color: #ffffff;border-right: 1px solid #000000;border-bottom: 1px solid #000000;border-left: 1px solid #000000;font-family: Arial;font-size: 110%;color: #3a3a3a;text-align: left\">Priek&scaron;met-plaukti\u0146&scaron;, mm<\/td>\n<td style=\"padding: 2px 3px 2px 3px;vertical-align: bottom;background-color: #ffffff;border-right: 1px solid #000000;border-bottom: 1px solid #000000;font-family: Arial;font-size: 110%;color: #3a3a3a;text-align: left\">140&#215;130, divu sl\u0101\u0146u meh\u0101niskais priek&scaron;meta galdi\u0146&scaron; ar koordin\u0101tu skalu un piespraudi<\/td>\n<\/tr>\n<tr style=\"height: 21px\">\n<td style=\"padding: 2px 3px 2px 3px;vertical-align: bottom;background-color: #ffffff;border-right: 1px solid #000000;border-bottom: 1px solid #000000;border-left: 1px solid #000000;font-family: Arial;font-size: 110%;color: #3a3a3a;text-align: left\">Priek&scaron;met-plaukti\u0146a, kust\u012bbas diapazons, izmantojot fokus\u0113&scaron;anas meh\u0101nismu, mm<\/td>\n<td style=\"padding: 2px 3px 2px 3px;vertical-align: bottom;background-color: #ffffff;border-right: 1px solid #000000;border-bottom: 1px solid #000000;font-family: Arial;font-size: 110%;color: #3a3a3a;text-align: left\">vertik\u0101li: 50 mm;<br \/>horizont\u0101li: 75 mm<\/td>\n<\/tr>\n<tr style=\"height: 21px\">\n<td style=\"padding: 2px 3px 2px 3px;vertical-align: bottom;background-color: #ffffff;border-right: 1px solid #000000;border-bottom: 1px solid #000000;border-left: 1px solid #000000;font-family: Arial;font-size: 110%;color: #3a3a3a;text-align: left\">Kondensers<\/td>\n<td style=\"padding: 2px 3px 2px 3px;vertical-align: bottom;background-color: #ffffff;border-right: 1px solid #000000;border-bottom: 1px solid #000000;font-family: Arial;font-size: 110%;color: #3a3a3a;text-align: left\">Abbe N.A. 1.25<\/td>\n<\/tr>\n<tr style=\"height: 21px\">\n<td style=\"padding: 2px 3px 2px 3px;vertical-align: bottom;background-color: #ffffff;border-right: 1px solid #000000;border-bottom: 1px solid #000000;border-left: 1px solid #000000;font-family: Arial;font-size: 110%;color: #3a3a3a;text-align: left\">Diafragma<\/td>\n<td style=\"padding: 2px 3px 2px 3px;vertical-align: bottom;background-color: #ffffff;border-right: 1px solid #000000;border-bottom: 1px solid #000000;font-family: Arial;font-size: 110%;color: #3a3a3a;text-align: left\">\u012brisa<\/td>\n<\/tr>\n<tr style=\"height: 21px\">\n<td style=\"padding: 2px 3px 2px 3px;vertical-align: bottom;background-color: #ffffff;border-right: 1px solid #000000;border-bottom: 1px solid #000000;border-left: 1px solid #000000;font-family: Arial;font-size: 110%;color: #3a3a3a;text-align: left\">Fokus<\/td>\n<td style=\"padding: 2px 3px 2px 3px;vertical-align: bottom;background-color: #ffffff;border-right: 1px solid #000000;border-bottom: 1px solid #000000;font-family: Arial;font-size: 110%;color: #3a3a3a;text-align: left\">koaksi\u0101ls rupj\u0101kas un smalk\u0101kas<br \/>rupjais: 22 mm<br \/>smalkais: 0,002 mm<\/td>\n<\/tr>\n<tr style=\"height: 21px\">\n<td style=\"padding: 2px 3px 2px 3px;vertical-align: bottom;background-color: #ffffff;border-right: 1px solid #000000;border-bottom: 1px solid #000000;border-left: 1px solid #000000;font-family: Arial;font-size: 110%;color: #3a3a3a;text-align: left\">Korpusa materi\u0101ls<\/td>\n<td style=\"padding: 2px 3px 2px 3px;vertical-align: bottom;background-color: #ffffff;border-right: 1px solid #000000;border-bottom: 1px solid #000000;font-family: Arial;font-size: 110%;color: #3a3a3a;text-align: left\">alum\u012bnijs<\/td>\n<\/tr>\n<tr style=\"height: 21px\">\n<td style=\"padding: 2px 3px 2px 3px;vertical-align: bottom;background-color: #ffffff;border-right: 1px solid #000000;border-bottom: 1px solid #000000;border-left: 1px solid #000000;font-family: Arial;font-size: 110%;color: #3a3a3a;text-align: left\">Apgaismojums<\/td>\n<td style=\"padding: 2px 3px 2px 3px;vertical-align: bottom;background-color: #ffffff;border-right: 1px solid #000000;border-bottom: 1px solid #000000;font-family: Arial;font-size: 110%;color: #3a3a3a;text-align: left\">LED<\/td>\n<\/tr>\n<tr style=\"height: 21px\">\n<td style=\"padding: 2px 3px 2px 3px;vertical-align: bottom;background-color: #ffffff;border-right: 1px solid #000000;border-bottom: 1px solid #000000;border-left: 1px solid #000000;font-family: Arial;font-size: 110%;color: #3a3a3a;text-align: left\">Spilgtuma regul\u0113&scaron;ana<\/td>\n<td style=\"padding: 2px 3px 2px 3px;vertical-align: bottom;background-color: #ffffff;border-right: 1px solid #000000;border-bottom: 1px solid #000000;font-family: Arial;font-size: 110%;color: #3a3a3a;text-align: left\">j\u0101<\/td>\n<\/tr>\n<tr style=\"height: 21px\">\n<td style=\"padding: 2px 3px 2px 3px;vertical-align: bottom;background-color: #ffffff;border-right: 1px solid #000000;border-bottom: 1px solid #000000;border-left: 1px solid #000000;font-family: Arial;font-size: 110%;color: #3a3a3a;text-align: left\">Baro&scaron;anas avots<\/td>\n<td style=\"padding: 2px 3px 2px 3px;vertical-align: bottom;background-color: #ffffff;border-right: 1px solid #000000;border-bottom: 1px solid #000000;font-family: Arial;font-size: 110%;color: #3a3a3a;text-align: left\">220 V\/50 Hz<\/td>\n<\/tr>\n<tr style=\"height: 21px\">\n<td style=\"padding: 2px 3px 2px 3px;vertical-align: bottom;background-color: #ffffff;border-right: 1px solid #000000;border-bottom: 1px solid #000000;border-left: 1px solid #000000;font-family: Arial;font-size: 110%;color: #3a3a3a;text-align: left\">Filtri<\/td>\n<td style=\"padding: 2px 3px 2px 3px;vertical-align: bottom;background-color: #ffffff;border-right: 1px solid #000000;border-bottom: 1px solid #000000;font-family: Arial;font-size: 110%;color: #3a3a3a;text-align: left\">zilais, dzeltenais, za\u013cais<\/td>\n<\/tr>\n<tr style=\"height: 21px\">\n<td style=\"padding: 2px 3px 2px 3px;vertical-align: bottom;background-color: #ffffff;border-right: 1px solid #000000;border-bottom: 1px solid #000000;border-left: 1px solid #000000;font-family: Arial;font-size: 110%;color: #3a3a3a;text-align: left\">Papildu<\/td>\n<td style=\"padding: 2px 3px 2px 3px;vertical-align: bottom;background-color: #ffffff;border-right: 1px solid #000000;border-bottom: 1px solid #000000;font-family: Arial;font-size: 110%;color: #3a3a3a;text-align: left\">okul\u0101ru caurules garums: 160mm<\/td>\n<\/tr>\n<tr style=\"height: 21px\">\n<td style=\"padding: 2px 3px 2px 3px;vertical-align: bottom;background-color: #ffffff;border-right: 1px solid #000000;border-bottom: 1px solid #000000;border-left: 1px solid #000000;font-family: Arial;font-size: 110%;color: #3a3a3a;text-align: left\">Lietojums<\/td>\n<td style=\"padding: 2px 3px 2px 3px;vertical-align: bottom;background-color: #ffffff;border-right: 1px solid #000000;border-bottom: 1px solid #000000;font-family: Arial;font-size: 110%;color: #3a3a3a;text-align: left\">Visp\u0101r\u012bg\u0101s lieto&scaron;anas produkts.<br \/>Dr\u012bkst lietot b\u0113rni, kas ir<br \/>vec\u0101ki par 3 gadiem.<\/td>\n<\/tr>\n<\/tbody>\n<\/table>\n<p style=\"margin-bottom: 10px;padding: 0px;color: #3a3a3a;font-family: Vardana, sans-serif;font-size: 14px\">&nbsp;<\/p>\n<p style=\"margin-bottom: 10px;padding: 0px;color: #3a3a3a;font-family: Vardana, sans-serif;font-size: 14px\">Levenhuk  700M monokul\u0101rais mikroskops ir biolo\u0123iskais mikroskops met\u0101la korpus\u0101,  kas ir izstr\u0101d\u0101ts caurskat\u0101mo objektu izp\u0113tei caurejo&scaron;\u0101 gaism\u0101. &Scaron;o  mikroskopu var izmantot studij\u0101m un va\u013caspriekam; tas var pal\u012bdz\u0113t  medic\u012bnisko un kl\u012bnisko p\u0113t\u012bjumu veik&scaron;an\u0101, k\u0101 ar\u012b to var izmantot  bakterioskopij\u0101 un cistoskopij\u0101. Levenhuk 700M mikroskops ie\u0146ems savu  godpilno vietu m\u0101jas laboratorij\u0101 vai medic\u012bnas iest\u0101d\u0113.<\/p>\n<p style=\"margin-bottom: 10px;padding: 0px;color: #3a3a3a;font-family: Vardana, sans-serif;font-size: 14px\">Mikroskops  ir apr\u012bkots ar revolvera uzliktni ar 4 objekt\u012bva l\u0113c\u0101m. Komplekt\u0101  ietilpst bezkr\u0101sas objekt\u012bva l\u0113cas ar da\u017e\u0101du palielin\u0101juma sp\u0113ku; vienas  no t\u0101m ir imersijas tipa l\u0113cas. Imersijas (iegremd\u0113&scaron;anas) e\u013c\u013cas  izmanto&scaron;ana iev\u0113rojami palielina ar mikroskopu apskat\u0101m\u0101 objekta  spilgtumu un papla&scaron;ina palielin\u0101juma limitu. Divi pla&scaron;\u0101 lauka okul\u0101ri ir  iek\u013cauti komplekt\u0101 &ndash; 10x&nbsp;okul\u0101rs un 20x Heigensa okul\u0101rs &ndash; lieliski  papildina cits citu un sniedz iesp\u0113ju veikt pla&scaron;a spektra vizu\u0101los  nov\u0113rojumus. Pilns mikroskopa palielin\u0101juma spektrs ir 40x l\u012bdz 2000x.<\/p>\n<p style=\"margin-bottom: 10px;padding: 0px;color: #3a3a3a;font-family: Vardana, sans-serif;font-size: 14px\">Monokul\u0101r\u0101  uzlikt\u0146a lieces le\u0146\u0137is ir 45&deg;, kas ir sevi&scaron;\u0137i svar\u012bgs ilga laika  nov\u0113rojumos. &Scaron;\u0101da poz\u012bcija mazina slodzi kakla musku\u013ciem un sniedz  maksim\u0101lo komfortu v\u0113rojumu laik\u0101. \u0112rt\u0101kam darbam grup\u0101 mikroskopu var  pagriezt ap savu asi. Jums nav j\u0101pagrie\u017e viss mikroskops, lai par\u0101d\u012btu  v\u0113rojamos pAraugus kole\u0123iem vai studentiem.<\/p>\n<p style=\"margin-bottom: 10px;padding: 0px;color: #3a3a3a;font-family: Vardana, sans-serif;font-size: 14px\">Mikroskopa  priek&scaron;meta galdi\u0146&scaron; ir apgrie\u017eams vertik\u0101li un horizont\u0101li &ndash; t\u0101p\u0113c ir  \u0113rti v\u0113rot paraugus tie&scaron;i maksim\u0101l\u0101 palielin\u0101jum\u0101. Priek&scaron;meta galdi\u0146am  ir koordin\u0101tu skala, kas pal\u012bdz noteikt, cik prec\u012bzs ir pagrieziens ap  as\u012bm. Priek&scaron;meta galdi\u0146&scaron; ir manu\u0101li vad\u0101ms. Ir iesp\u0113jamas divu tipu  fokus\u0113&scaron;ana- rupj\u0101 un prec\u012bz\u0101.<\/p>\n<p style=\"margin-bottom: 10px;padding: 0px;color: #3a3a3a;font-family: Vardana, sans-serif;font-size: 14px\">Apgaismojums  ar regul\u0113jamu spilgtumu atrodas zem priek&scaron;meta galdi\u0146a. Abes  kondensators ar \u012bris diafragmu ir lietojams, lai ieg\u016btu lab\u0101ko v\u0113rojamo  paraugu apgaismojumu. Tas vada gaismu tie&scaron;i uz v\u0113rojamo objektu.  Kondensatoram ir speci\u0101las centr\u0113&scaron;anas skr\u016bves. Apgaismojumam ir  nepiecie&scaron;ama rozete; vads ir iek\u013cauts komplekt\u0101.<\/p>\n<p style=\"margin-bottom: 10px;padding: 0px;color: #3a3a3a;font-family: Vardana, sans-serif;font-size: 14px\"><strong style=\"margin: 0px;padding: 0px\">\u012apa&scaron;\u012bbas:<\/strong><\/p>\n<ul class=\"vikas-list-u\" style=\"margin-right: 0px;margin-bottom: 15px;margin-left: 20px;padding: 0px;color: #3a3a3a;font-family: Vardana, sans-serif;font-size: 14px\">\n<li style=\"margin: 0px;padding: 0px\">Palielin\u0101jums: 40-2000x<\/li>\n<li style=\"margin: 0px;padding: 0px\">Bezkr\u0101sas objekt\u012bvs<\/li>\n<li style=\"margin: 0px;padding: 0px\">Iegremd\u0113&scaron;anas jeb imersijas e\u013c\u013c\u0101<\/li>\n<li style=\"margin: 0px;padding: 0px\">Abes kondensators<\/li>\n<li style=\"margin: 0px;padding: 0px\">Divu asu priek&scaron;meta galdi\u0146&scaron;<\/li>\n<li style=\"margin: 0px;padding: 0px\">Pagrie\u017eam\u0101 galva<\/li>\n<li style=\"margin: 0px;padding: 0px\">Rupj&scaron; un sprec\u012bza fokus\u0113&scaron;anas meh\u0101nisms ar kop\u012bgu asi<\/li>\n<li style=\"margin: 0px;padding: 0px\">LED apgaismojums<\/li>\n<li style=\"margin: 0px;padding: 0px\">M\u0101jas energoapg\u0101de<\/li>\n<\/ul>\n<p style=\"margin-bottom: 10px;padding: 0px;color: #3a3a3a;font-family: Vardana, sans-serif;font-size: 14px\"><strong style=\"margin: 0px;padding: 0px\">Komplekt\u0101 ietilpst:<\/strong><\/p>\n<ul class=\"vikas-list-u\" style=\"margin-right: 0px;margin-bottom: 15px;margin-left: 20px;padding: 0px;color: #3a3a3a;font-family: Vardana, sans-serif;font-size: 14px\">\n<li style=\"margin: 0px;padding: 0px\">Mikroskopa stat\u012bvs ar pamatni<\/li>\n<li style=\"margin: 0px;padding: 0px\">Monokul\u0101r\u0101 galva<\/li>\n<li style=\"margin: 0px;padding: 0px\">Bezkr\u0101sas objekt\u012bva l\u0113cas: 4x, 10x, 40xs, and 100xs (e\u013c\u013ca)<\/li>\n<li style=\"margin: 0px;padding: 0px\">Okul\u0101ri: WF10x and WFH20x<\/li>\n<li style=\"margin: 0px;padding: 0px\">Filtri (zilais, dzeltenais, za\u013cais)<\/li>\n<li style=\"margin: 0px;padding: 0px\">Pudele iegremd\u0113&scaron;anai e\u013c\u013c\u0101<\/li>\n<li style=\"margin: 0px;padding: 0px\">Aizsegs pret putek\u013ciem<\/li>\n<li style=\"margin: 0px;padding: 0px\">Lietot\u0101ja rokasgr\u0101mata<\/li>\n<li style=\"margin: 0px;padding: 0px\">M\u016b\u017ea garantija<\/li>\n<\/ul>\n<p style=\"margin-bottom: 10px;padding: 0px;color: #3a3a3a;font-family: Vardana, sans-serif;font-size: 14px\"><strong style=\"margin: 0px;padding: 0px\">Uzman\u012bbu:<\/strong>&nbsp;L\u016bgums  skat\u012bties t\u012bkla sprieguma atbilsto&scaron;os r\u0101d\u012bt\u0101jus tabul\u0101 un nekad  nem\u0113\u0123iniet iesl\u0113gt 110 V paredz\u0113to ier\u012bci 220V sprieguma kontaktligzd\u0101,  neizmantojot str\u0101vas p\u0101rveidot\u0101ju. Atcerieties, ka t\u012bkla spriegums ASV  un Kan\u0101d\u0101 ir 110V un 220-240V vair\u0101k\u0101s Eiropas valst\u012bs.<\/p>\n<table class=\"table table-bordered\" border=\"0\">\n<thead>\n<tr>\n<td colspan=\"2\"><strong>Atrib\u016bti<\/strong><\/td>\n<\/tr>\n<\/thead>\n<tbody>\n<tr>\n<td>Apgaismojums<\/td>\n<td>LED<\/td>\n<\/tr>\n<tr>\n<td>Baro&scaron;anas avots<\/td>\n<td>220 V\/50 Hz<\/td>\n<\/tr>\n<tr>\n<td>Diafragma<\/td>\n<td>\u012brisa<\/td>\n<\/tr>\n<tr>\n<td>Filtri<\/td>\n<td>j\u0101<\/td>\n<\/tr>\n<tr>\n<td>Fokuss<\/td>\n<td>koaksi\u0101ls rupj\u0101kas un smalk\u0101kas, rupjais: 22 mm, smalkais: 0,002 mm<\/td>\n<\/tr>\n<tr>\n<td>Galva<\/td>\n<td>monokul\u0101rs, rot\u0113 par 360&deg;, noliektas 45&deg;<\/td>\n<\/tr>\n<tr>\n<td>Iepakojuma izm\u0113ri (GxPxA):<\/td>\n<td>49.0 x 40.0 x 27.0 cm<\/td>\n<\/tr>\n<tr>\n<td>Kondensers<\/td>\n<td>Abbe N.A. 1.25<\/td>\n<\/tr>\n<tr>\n<td>Korpusa materi\u0101ls<\/td>\n<td>alum\u012bnijs<\/td>\n<\/tr>\n<tr>\n<td>Lietojums<\/td>\n<td>Visp\u0101r\u012bg\u0101s lieto&scaron;anas produkts., Dr\u012bkst lietot b\u0113rni, kas ir, vec\u0101ki par 3 gadiem.<\/td>\n<\/tr>\n<tr>\n<td>Objekt\u012bvi<\/td>\n<td>ahromatiski: 4x, 10x, 40xs, 100xs (iegremd\u0113ts e\u013c\u013c\u0101)<\/td>\n<\/tr>\n<tr>\n<td>Okulaara caurules diametrs<\/td>\n<td>23,2 mm<\/td>\n<\/tr>\n<tr>\n<td>Okul\u0101ri<\/td>\n<td>WF10x\/18 mm, H20x<\/td>\n<\/tr>\n<tr>\n<td>Optikas materi\u0101ls<\/td>\n<td>optiskais stikls<\/td>\n<\/tr>\n<tr>\n<td>Palielin\u0101jums<\/td>\n<td>40&ndash;2000 x<\/td>\n<\/tr>\n<tr>\n<td>Papildu<\/td>\n<td>okul\u0101ru caurules garums: 160mm<\/td>\n<\/tr>\n<tr>\n<td>Priek&scaron;met-plaukti\u0146a, kust\u012bbas diapazons, izmantojot fokus\u0113&scaron;anas<\/td>\n<td>vertik\u0101li: 50 mm;, horizont\u0101li: 75 mm mm<\/td>\n<\/tr>\n<tr>\n<td>Priek&scaron;met-plaukti\u0146&scaron;<\/td>\n<td>140&#215;130, divu sl\u0101\u0146u meh\u0101niskais priek&scaron;meta galdi\u0146&scaron;  ar koordin\u0101tu skalu  un piespraudi mm<\/td>\n<\/tr>\n<tr>\n<td>Ra\u017eot\u0101ja valsts<\/td>\n<td>PRC, controlled by Levenhuk, Inc. (USA)<\/td>\n<\/tr>\n<tr>\n<td>Spilgtuma regul\u0113&scaron;ana<\/td>\n<td>\u0435\u0441\u0442\u044c<\/td>\n<\/tr>\n<tr>\n<td>Svars<\/td>\n<td>5.1 kg<\/td>\n<\/tr>\n<tr>\n<td>\u0422\u0438\u043f \u043b\u0430\u043c\u043f\u044b \u043f\u043e\u0434\u0441\u0432\u0435\u0442\u043a\u0438<\/td>\n<td>LED 0,5 W<\/td>\n<\/tr>\n<\/tbody>\n<\/table>\n<p style=\"margin-bottom: 10px;padding: 0px;color: #3a3a3a;font-family: Vardana, sans-serif;font-size: 14px\">&nbsp;<\/p>\n","protected":false},"excerpt":{"rendered":"<p>Specifik\u0101cijas Galva monokul\u0101rs, rot\u0113 par 360&deg;, noliektas 45&deg; Optikas materi\u0101li optiskais stikls Palielin\u0101jums, x 40&ndash;2000 Okulaara caurules diametrs, mm 23,2 Okul\u0101ri WF10x\/18 mm, WFH20x Objekt\u012bvi ahromatiski: 4x, 10x, 40xs, 100xs (iegremd\u0113ts e\u013c\u013c\u0101) Priek&scaron;met-plaukti\u0146&scaron;, mm 140&#215;130, divu sl\u0101\u0146u meh\u0101niskais priek&scaron;meta galdi\u0146&scaron; ar koordin\u0101tu skalu un piespraudi Priek&scaron;met-plaukti\u0146a, kust\u012bbas diapazons, izmantojot fokus\u0113&scaron;anas meh\u0101nismu, mm vertik\u0101li: 50 mm;horizont\u0101li: [&hellip;]<\/p>\n","protected":false},"featured_media":73148,"template":"","meta":[],"product_brand":[3372],"product_cat":[4938,4969],"product_tag":[],"class_list":{"0":"post-79515","1":"product","2":"type-product","3":"status-publish","4":"has-post-thumbnail","6":"product_brand-levenhuk","7":"product_cat-optics-recreation","8":"product_cat-microscopes-optics-recreation","10":"first","11":"instock","12":"shipping-taxable","13":"purchasable","14":"product-type-simple"},"_links":{"self":[{"href":"https:\/\/sezona.lv\/en\/wp-json\/wp\/v2\/product\/79515","targetHints":{"allow":["GET"]}}],"collection":[{"href":"https:\/\/sezona.lv\/en\/wp-json\/wp\/v2\/product"}],"about":[{"href":"https:\/\/sezona.lv\/en\/wp-json\/wp\/v2\/types\/product"}],"wp:featuredmedia":[{"embeddable":true,"href":"https:\/\/sezona.lv\/en\/wp-json\/wp\/v2\/media\/73148"}],"wp:attachment":[{"href":"https:\/\/sezona.lv\/en\/wp-json\/wp\/v2\/media?parent=79515"}],"wp:term":[{"taxonomy":"product_brand","embeddable":true,"href":"https:\/\/sezona.lv\/en\/wp-json\/wp\/v2\/product_brand?post=79515"},{"taxonomy":"product_cat","embeddable":true,"href":"https:\/\/sezona.lv\/en\/wp-json\/wp\/v2\/product_cat?post=79515"},{"taxonomy":"product_tag","embeddable":true,"href":"https:\/\/sezona.lv\/en\/wp-json\/wp\/v2\/product_tag?post=79515"}],"curies":[{"name":"wp","href":"https:\/\/api.w.org\/{rel}","templated":true}]}}