{"id":79516,"date":"2025-07-14T15:41:22","date_gmt":"2025-07-14T12:41:22","guid":{"rendered":"https:\/\/demo8.ecube.lv\/sezona.lv\/products\/bresser-erudits-dlsx-40x-600x-mikroskops\/"},"modified":"2025-07-14T15:41:22","modified_gmt":"2025-07-14T12:41:22","slug":"bresser-erudits-dlsx-40x-600x-mikroskops","status":"publish","type":"product","link":"https:\/\/sezona.lv\/en\/products\/bresser-erudits-dlsx-40x-600x-mikroskops\/","title":{"rendered":"Bresser Erudits DLSX 40x &#8211; 600x Mikroskops"},"content":{"rendered":"<p>&nbsp;<\/p>\n<p><span id=\"docs-internal-guid-4fcee2d8-ee18-6517-8e49-b4b66d6fee0f\"><span style=\"font-size: 11pt;font-family: Arial;color: #000000;background-color: transparent;vertical-align: baseline\">BRESSER Erudit DLSX ir augstas kvalit\u0101tes mikroskops, paredz\u0113ts skolas, studiju un hobija l\u012bme\u0146a izmanto&scaron;anai. Ieb\u016bv\u0113tais akumulators padara Erudit DLSX p\u0101rn\u0113s\u0101jamai lieto&scaron;anai. LED gaisma un regul\u0113jamais augstums rada optim\u0101lu apgaismojumu. Mikroskopam ir 360 &deg; groz\u0101ms monokul\u0101rs skats ar smalku fokus\u0113&scaron;anas disku, un koaksi\u0101lo meh\u0101nisko palikni.<\/span><\/span><\/p>\n<p><span id=\"docs-internal-guid-4fcee2d8-ee18-6517-8e49-b4b66d6fee0f\"><span style=\"font-size: 11pt;font-family: Arial;color: #000000;background-color: transparent;vertical-align: baseline\"><br \/><\/span><\/span><\/p>\n<p><span id=\"docs-internal-guid-4fcee2d8-ee18-6517-8e49-b4b66d6fee0f\"><span style=\"font-size: 11pt;font-family: Arial;color: #000000;background-color: transparent;vertical-align: baseline\"><\/span><\/span><\/p>\n<table style=\"font-size: 10pt;font-family: arial, sans, sans-serif;width: 0px;border: none\" dir=\"ltr\" border=\"1\" cellspacing=\"0\" cellpadding=\"0\">\n<colgroup>\n<col width=\"279\"><\/col>\n<\/colgroup>\n<tbody>\n<tr style=\"height: 21px\">\n<td style=\"border-color: #28cdff;overflow: hidden;padding: 2px 3px;vertical-align: bottom;background-color: #28cdff;font-family: Arial;font-size: 11pt;font-weight: bold;color: #ffffff;text-align: center\">Specifik\u0101cijas un komplekt\u0101cija<\/td>\n<\/tr>\n<tr style=\"height: 21px\">\n<td style=\"border-right-color: #28cdff;border-bottom-color: #28cdff;border-left-color: #28cdff;overflow: hidden;padding: 2px 3px;vertical-align: bottom;font-family: Arial;color: #000000;text-align: center\">Veids: biolo\u0123iskais mikroskops<\/td>\n<\/tr>\n<tr style=\"height: 21px\">\n<td style=\"border-right-color: #28cdff;border-bottom-color: #28cdff;border-left-color: #28cdff;overflow: hidden;padding: 2px 3px;vertical-align: bottom;font-family: Arial;color: #000000;text-align: center\">Skats: Monokul\u0101rie<\/td>\n<\/tr>\n<tr style=\"height: 21px\">\n<td style=\"border-right-color: #28cdff;border-bottom-color: #28cdff;border-left-color: #28cdff;overflow: hidden;padding: 2px 3px;vertical-align: bottom;font-family: Arial;color: #000000;text-align: center\">Pielietojums: Biolo\u0123ija, Bot\u0101nika, izgl\u012bt\u012bba<\/td>\n<\/tr>\n<tr style=\"height: 21px\">\n<td style=\"border-right-color: #28cdff;border-bottom-color: #28cdff;border-left-color: #28cdff;overflow: hidden;padding: 2px 3px;vertical-align: bottom;font-family: Arial;color: #000000;text-align: center\">Apgaismojums: LED, regul\u0113jams kondensators<\/td>\n<\/tr>\n<tr style=\"height: 21px\">\n<td style=\"border-right-color: #28cdff;border-bottom-color: #28cdff;border-left-color: #28cdff;overflow: hidden;padding: 2px 3px;vertical-align: bottom;font-family: Arial;color: #000000;text-align: center\">L\u012bmenis: Ies\u0101c\u0113ju, Vid\u0113js<\/td>\n<\/tr>\n<tr style=\"height: 21px\">\n<td style=\"border-right-color: #28cdff;border-bottom-color: #28cdff;border-left-color: #28cdff;overflow: hidden;padding: 2px 3px;vertical-align: bottom;font-family: Arial;color: #000000;text-align: center\">Ekstras: Uzl\u0101d\u0113jams akumulators<\/td>\n<\/tr>\n<tr style=\"height: 21px\">\n<td style=\"border-right-color: #28cdff;border-bottom-color: #28cdff;border-left-color: #28cdff;overflow: hidden;padding: 2px 3px;vertical-align: bottom;font-family: Arial;color: #000000;text-align: center\">\u0112rts monokul\u0101rs skats, 360 &deg; pagrie\u017eama galva<\/td>\n<\/tr>\n<tr style=\"height: 21px\">\n<td style=\"border-right-color: #28cdff;border-bottom-color: #28cdff;border-left-color: #28cdff;overflow: hidden;padding: 2px 3px;vertical-align: bottom;font-family: Arial;color: #000000;text-align: center\">Palielin\u0101jums: 40x, 100x, 400x, 600x<\/td>\n<\/tr>\n<tr style=\"height: 21px\">\n<td style=\"border-right-color: #28cdff;border-bottom-color: #28cdff;border-left-color: #28cdff;overflow: hidden;padding: 2px 3px;vertical-align: bottom;font-family: Arial;color: #000000;text-align: center\">Okul\u0101rs: 10x<\/td>\n<\/tr>\n<tr style=\"height: 21px\">\n<td style=\"border-right-color: #28cdff;border-bottom-color: #28cdff;border-left-color: #28cdff;overflow: hidden;padding: 2px 3px;vertical-align: bottom;font-family: Arial;color: #000000;text-align: center\">Okul\u0101ra diametrs: 23.2 mm<\/td>\n<\/tr>\n<tr style=\"height: 21px\">\n<td style=\"border-right-color: #28cdff;border-bottom-color: #28cdff;border-left-color: #28cdff;overflow: hidden;padding: 2px 3px;vertical-align: bottom;font-family: Arial;color: #000000;text-align: center\">Objekt\u012bvi: 4x, 10x, 40x, 60x<\/td>\n<\/tr>\n<tr style=\"height: 21px\">\n<td style=\"border-right-color: #28cdff;border-bottom-color: #28cdff;border-left-color: #28cdff;overflow: hidden;padding: 2px 3px;vertical-align: bottom;font-family: Arial;color: #000000;text-align: center\">Baro&scaron;ana: 230V<\/td>\n<\/tr>\n<\/tbody>\n<\/table>\n<table class=\"table table-bordered\" border=\"0\">\n<thead>\n<tr>\n<td colspan=\"2\"><strong>Atrib\u016bti<\/strong><\/td>\n<\/tr>\n<\/thead>\n<tbody>\n<tr>\n<td>Apgaismojums<\/td>\n<td>Izstarot\u0101 gaisma<\/td>\n<\/tr>\n<tr>\n<td>Fokuss<\/td>\n<td>Rupj&scaron; un smalks fokus\u0113t\u0101js<\/td>\n<\/tr>\n<tr>\n<td>\u0136erme\u0146a bru\u0146as<\/td>\n<td>Alum\u012bnijs \/ plastmasa<\/td>\n<\/tr>\n<tr>\n<td>kr\u0101sa<\/td>\n<td>melns balts<\/td>\n<\/tr>\n<tr>\n<td>Palielin\u0101jums<\/td>\n<td>40 &#8211; 600x<\/td>\n<\/tr>\n<tr>\n<td>Pieg\u0101des apjoms<\/td>\n<td>1 acs (10x), 4 m\u0113r\u0137i (4x, 10x, 40x, 60x), aizsargmaisss,  elektrisk\u0101 jauda 230V (5,5V \/ 300mA), skaitlisk\u0101 apert\u016bra Abbe 1.25,  regul\u0113&scaron;anas tabula<\/td>\n<\/tr>\n<tr>\n<td>Svars<\/td>\n<td>2.6 KG<\/td>\n<\/tr>\n<tr>\n<td>XY krusta posms<\/td>\n<td>High End XY posms ar vienas puses darb\u012bbu<\/td>\n<\/tr>\n<\/tbody>\n<\/table>\n<p>&nbsp;<\/p>\n","protected":false},"excerpt":{"rendered":"<p>&nbsp; BRESSER Erudit DLSX ir augstas kvalit\u0101tes mikroskops, paredz\u0113ts skolas, studiju un hobija l\u012bme\u0146a izmanto&scaron;anai. Ieb\u016bv\u0113tais akumulators padara Erudit DLSX p\u0101rn\u0113s\u0101jamai lieto&scaron;anai. LED gaisma un regul\u0113jamais augstums rada optim\u0101lu apgaismojumu. Mikroskopam ir 360 &deg; groz\u0101ms monokul\u0101rs skats ar smalku fokus\u0113&scaron;anas disku, un koaksi\u0101lo meh\u0101nisko palikni. Specifik\u0101cijas un komplekt\u0101cija Veids: biolo\u0123iskais mikroskops Skats: Monokul\u0101rie Pielietojums: Biolo\u0123ija, [&hellip;]<\/p>\n","protected":false},"featured_media":0,"template":"","meta":[],"product_brand":[],"product_cat":[4640,4938,4969],"product_tag":[],"class_list":{"0":"post-79516","1":"product","2":"type-product","3":"status-publish","5":"product_cat-recreation","6":"product_cat-optics-recreation","7":"product_cat-microscopes-optics-recreation","9":"first","10":"instock","11":"shipping-taxable","12":"purchasable","13":"product-type-simple"},"_links":{"self":[{"href":"https:\/\/sezona.lv\/en\/wp-json\/wp\/v2\/product\/79516","targetHints":{"allow":["GET"]}}],"collection":[{"href":"https:\/\/sezona.lv\/en\/wp-json\/wp\/v2\/product"}],"about":[{"href":"https:\/\/sezona.lv\/en\/wp-json\/wp\/v2\/types\/product"}],"wp:attachment":[{"href":"https:\/\/sezona.lv\/en\/wp-json\/wp\/v2\/media?parent=79516"}],"wp:term":[{"taxonomy":"product_brand","embeddable":true,"href":"https:\/\/sezona.lv\/en\/wp-json\/wp\/v2\/product_brand?post=79516"},{"taxonomy":"product_cat","embeddable":true,"href":"https:\/\/sezona.lv\/en\/wp-json\/wp\/v2\/product_cat?post=79516"},{"taxonomy":"product_tag","embeddable":true,"href":"https:\/\/sezona.lv\/en\/wp-json\/wp\/v2\/product_tag?post=79516"}],"curies":[{"name":"wp","href":"https:\/\/api.w.org\/{rel}","templated":true}]}}