{"id":79517,"date":"2025-07-11T17:06:18","date_gmt":"2025-07-11T14:06:18","guid":{"rendered":"https:\/\/demo8.ecube.lv\/sezona.lv\/products\/bresser-biolucs-touch-40x-1400x-digitalais-mikroskops\/"},"modified":"2025-07-14T15:41:23","modified_gmt":"2025-07-14T12:41:23","slug":"bresser-biolucs-touch-40x-1400x-digitalais-mikroskops","status":"publish","type":"product","link":"https:\/\/sezona.lv\/en\/products\/bresser-biolucs-touch-40x-1400x-digitalais-mikroskops\/","title":{"rendered":"Bresser Biolucs Touch 40x &#8211; 1400x Digit\u0101lais Mikroskops"},"content":{"rendered":"<p style=\"line-height: 1.38;margin-top: 0pt;margin-bottom: 0pt\" dir=\"ltr\"><span style=\"font-size: 11pt;font-family: Arial;color: #000000;background-color: transparent;font-weight: 400;font-style: normal;font-variant: normal;text-decoration: none;vertical-align: baseline\">Digit\u0101lais Mikroskops Bresser Biolucs Touch 40x &#8211; 1400x, izp\u0113tes objektus par\u0101da uz liel\u0101 LCD displeja ar palielin\u0101jumu l\u012bdz pat 1400x. Tas b\u016bs ide\u0101ls priek&scaron; m\u0101c\u012bb\u0101m, jo vair\u0101ki cilv\u0113ki vienlaic\u012bgi var apskat\u012bt objektus zem mikroskopa. Turkl\u0101t nov\u0113ro&scaron;anas rezult\u0101tus var saglab\u0101t SD atmi\u0146as kart\u0113 un p\u0113c tam ar\u012b dator\u0101. Piel\u0101gotus iestat\u012bjumus, palielin\u0101jumu un att\u0113la asumu, k\u0101 ar\u012b att\u0113la un video ierakst\u012b&scaron;anu var veikt \u0113rti un viegli, ar pirkstu uzspie\u017eot uz ekr\u0101na izv\u0113lnes.<\/span><\/p>\n<p style=\"margin-top: 0pt;margin-bottom: 0pt;line-height: 1.38;text-indent: 36pt\" dir=\"ltr\">&nbsp;<\/p>\n<p style=\"line-height: 1.38;margin-top: 0pt;margin-bottom: 0pt\" dir=\"ltr\"><span style=\"font-size: 11pt;font-family: Arial;color: #000000;background-color: transparent;font-weight: 400;font-style: normal;font-variant: normal;text-decoration: none;vertical-align: baseline\">T\u0101tad J\u016bs tagad varat s\u0101kt p\u0113t\u012bt pasauli ar mikroskopu!<\/span><\/p>\n<p style=\"line-height: 1.38;margin-top: 0pt;margin-bottom: 0pt\" dir=\"ltr\"><span style=\"font-size: 11pt;font-family: Arial;color: #000000;background-color: transparent;font-weight: 400;font-style: normal;font-variant: normal;text-decoration: none;vertical-align: baseline\"><br \/><\/span><\/p>\n<p style=\"line-height: 1.38;margin-top: 0pt;margin-bottom: 0pt\" dir=\"ltr\"><span style=\"font-size: 11pt;font-family: Arial;color: #000000;background-color: transparent;font-weight: 400;font-style: normal;font-variant: normal;text-decoration: none;vertical-align: baseline\"><\/span><\/p>\n<table style=\"font-size: 10pt;font-family: arial, sans, sans-serif;width: 0px;border: none\" dir=\"ltr\" border=\"1\" cellspacing=\"0\" cellpadding=\"0\">\n<colgroup>\n<col width=\"598\"><\/col>\n<\/colgroup>\n<tbody>\n<tr style=\"height: 21px\">\n<td style=\"border-color: #28cdff;overflow: hidden;padding: 2px 3px;vertical-align: bottom;background-color: #28cdff;font-family: Arial;font-size: 11pt;font-weight: bold;color: #ffffff;text-align: center\">Specifik\u0101cijas un komplekt\u0101cija<\/td>\n<\/tr>\n<tr style=\"height: 21px\">\n<td style=\"border-right-color: #28cdff;border-bottom-color: #28cdff;border-left-color: #28cdff;overflow: hidden;padding: 2px 3px;vertical-align: bottom;font-family: Arial;font-size: 11pt;color: #000000\">-Palielin\u0101jums: 40x-350x\/1400x<\/td>\n<\/tr>\n<tr style=\"height: 21px\">\n<td style=\"border-right-color: #28cdff;border-bottom-color: #28cdff;border-left-color: #28cdff;overflow: hidden;padding: 2px 3px;vertical-align: bottom;font-family: Arial;font-size: 11pt;color: #000000\">-Kameras iz&scaron;\u0137irtsp\u0113ja: 5MP, 3648&#215;2048 pikse\u013ci<\/td>\n<\/tr>\n<tr style=\"height: 21px\">\n<td style=\"border-right-color: #28cdff;border-bottom-color: #28cdff;border-left-color: #28cdff;overflow: hidden;padding: 2px 3px;vertical-align: bottom;font-family: Arial;font-size: 11pt;color: #000000\">-Apgaismojums: Ieb\u016bv\u0113t\u0101 gaisma un uztveram\u0101 gaisma<\/td>\n<\/tr>\n<tr style=\"height: 21px\">\n<td style=\"border-right-color: #28cdff;border-bottom-color: #28cdff;border-left-color: #28cdff;overflow: hidden;padding: 2px 3px;vertical-align: bottom;font-family: Arial;font-size: 11pt;color: #000000\">-Lampas tips: LED<\/td>\n<\/tr>\n<tr style=\"height: 21px\">\n<td style=\"border-right-color: #28cdff;border-bottom-color: #28cdff;border-left-color: #28cdff;overflow: hidden;padding: 2px 3px;vertical-align: bottom;font-family: Arial;font-size: 11pt;color: #000000\">-Ieb\u016bv\u0113ta kamera: Ir<\/td>\n<\/tr>\n<tr style=\"height: 21px\">\n<td style=\"border-right-color: #28cdff;border-bottom-color: #28cdff;border-left-color: #28cdff;overflow: hidden;padding: 2px 3px;vertical-align: bottom;font-family: Arial;font-size: 11pt;color: #000000\">-Sk\u0101rienj\u016bt\u012bgs ekr\u0101ns: LCD (4,35 collas)<\/td>\n<\/tr>\n<tr style=\"height: 21px\">\n<td style=\"border-right-color: #28cdff;border-bottom-color: #28cdff;border-left-color: #28cdff;overflow: hidden;padding: 2px 3px;vertical-align: bottom;font-family: Arial;font-size: 11pt;color: #000000\">-Ekr\u0101na iz&scaron;\u0137irtsp\u0113ja: 480&#215;272 pikse\u013ci<\/td>\n<\/tr>\n<tr style=\"height: 21px\">\n<td style=\"border-right-color: #28cdff;border-bottom-color: #28cdff;border-left-color: #28cdff;overflow: hidden;padding: 2px 3px;vertical-align: bottom;font-family: Arial;font-size: 11pt;color: #000000\">-Izm\u0113ri: 150x330x130<\/td>\n<\/tr>\n<tr style=\"height: 21px\">\n<td style=\"border-right-color: #28cdff;border-bottom-color: #28cdff;border-left-color: #28cdff;overflow: hidden;padding: 2px 3px;vertical-align: bottom;font-family: Arial;font-size: 11pt;color: #000000\">-Svars: 1400 g<\/td>\n<\/tr>\n<tr style=\"height: 21px\">\n<td style=\"border-right-color: #28cdff;border-bottom-color: #28cdff;border-left-color: #28cdff;overflow: hidden;padding: 2px 3px;vertical-align: bottom;font-family: Arial;font-size: 11pt;color: #000000\">-Iek&scaron;\u0113j\u0101 atmi\u0146a: 128 Mb<\/td>\n<\/tr>\n<tr style=\"height: 21px\">\n<td style=\"border-right-color: #28cdff;border-bottom-color: #28cdff;border-left-color: #28cdff;overflow: hidden;padding: 2px 3px;vertical-align: bottom;font-family: Arial;font-size: 11pt;color: #000000\">-Iek\u013cautie aksesu\u0101ri: L\u0101d\u0113t\u0101js, filtru tur\u0113t\u0101js, USB kabelis, paraugi un stikli\u0146i, putek\u013cu aizsargs,<\/td>\n<\/tr>\n<tr style=\"height: 21px\">\n<td style=\"border-right-color: #28cdff;border-bottom-color: #28cdff;border-left-color: #28cdff;overflow: hidden;padding: 2px 3px;vertical-align: bottom;background-color: #28cdff;font-family: Arial;font-size: 11pt;font-weight: bold;color: #ffffff;text-align: center\">Pielieto&scaron;anas joma:<\/td>\n<\/tr>\n<tr style=\"height: 21px\">\n<td style=\"border-right-color: #28cdff;border-bottom-color: #28cdff;border-left-color: #28cdff;overflow: hidden;padding: 2px 3px;vertical-align: bottom;font-family: Arial;font-size: 11pt;color: #000000;text-align: center\">biolo\u0123ija<\/td>\n<\/tr>\n<tr style=\"height: 21px\">\n<td style=\"border-right-color: #28cdff;border-bottom-color: #28cdff;border-left-color: #28cdff;overflow: hidden;padding: 2px 3px;vertical-align: bottom;font-family: Arial;font-size: 11pt;color: #000000;text-align: center\">p\u0113tniec\u012bba<\/td>\n<\/tr>\n<tr style=\"height: 21px\">\n<td style=\"border-right-color: #28cdff;border-bottom-color: #28cdff;border-left-color: #28cdff;overflow: hidden;padding: 2px 3px;vertical-align: bottom;font-family: Arial;font-size: 11pt;color: #000000;text-align: center\">entomolo\u0123ija<\/td>\n<\/tr>\n<tr style=\"height: 21px\">\n<td style=\"border-right-color: #28cdff;border-bottom-color: #28cdff;border-left-color: #28cdff;overflow: hidden;padding: 2px 3px;vertical-align: bottom;font-family: Arial;font-size: 11pt;color: #000000;text-align: center\">bot\u0101nika<\/td>\n<\/tr>\n<tr style=\"height: 21px\">\n<td style=\"border-right-color: #28cdff;border-bottom-color: #28cdff;border-left-color: #28cdff;overflow: hidden;padding: 2px 3px;vertical-align: bottom;font-family: Arial;font-size: 11pt;color: #000000;text-align: center\">Izgl\u012bt\u012bba<\/td>\n<\/tr>\n<\/tbody>\n<\/table>\n<p>&nbsp;<\/p>\n<table class=\"table table-bordered\" border=\"0\">\n<thead>\n<tr>\n<td colspan=\"2\"><strong>Atrib\u016bti<\/strong><\/td>\n<\/tr>\n<\/thead>\n<tbody>\n<tr>\n<td>Video ierakst\u012b&scaron;ana<\/td>\n<td>+<\/td>\n<\/tr>\n<tr>\n<td>Apgaismojums<\/td>\n<td>Kr\u012bto&scaron;\u0101 gaisma \/ p\u0101rraid\u012bt\u0101 gaisma<\/td>\n<\/tr>\n<tr>\n<td>Displeja veids<\/td>\n<td>LCD Ekr\u0101na diagon\u0101le &#8211; 11 cm Ekr\u0101na diagon\u0101le (collu) &#8211; 4,35 Sk\u0101rienekr\u0101ns<\/td>\n<\/tr>\n<tr>\n<td>Izm\u0113ri<\/td>\n<td>16,7 (w) x 29,5 (h) x 12,5 (d)  1,3 KG<\/td>\n<\/tr>\n<tr>\n<td>Iz&scaron;\u0137irtsp\u0113ja<\/td>\n<td>3648 x 2048<\/td>\n<\/tr>\n<tr>\n<td>L\u0113cu skaits<\/td>\n<td>3<\/td>\n<\/tr>\n<tr>\n<td>Palielin\u0101jums<\/td>\n<td>40 &#8211; 350x<\/td>\n<\/tr>\n<tr>\n<td>T\u0101lummai\u0146as funkcija<\/td>\n<td>+<\/td>\n<\/tr>\n<\/tbody>\n<\/table>\n<p>&nbsp;<\/p>\n<p>&nbsp;<\/p>\n","protected":false},"excerpt":{"rendered":"<p>Digit\u0101lais Mikroskops Bresser Biolucs Touch 40x &#8211; 1400x, izp\u0113tes objektus par\u0101da uz liel\u0101 LCD displeja ar palielin\u0101jumu l\u012bdz pat 1400x. Tas b\u016bs ide\u0101ls priek&scaron; m\u0101c\u012bb\u0101m, jo vair\u0101ki cilv\u0113ki vienlaic\u012bgi var apskat\u012bt objektus zem mikroskopa. Turkl\u0101t nov\u0113ro&scaron;anas rezult\u0101tus var saglab\u0101t SD atmi\u0146as kart\u0113 un p\u0113c tam ar\u012b dator\u0101. Piel\u0101gotus iestat\u012bjumus, palielin\u0101jumu un att\u0113la asumu, k\u0101 ar\u012b [&hellip;]<\/p>\n","protected":false},"featured_media":73171,"template":"","meta":[],"product_brand":[],"product_cat":[4938,4969],"product_tag":[],"class_list":{"0":"post-79517","1":"product","2":"type-product","3":"status-publish","4":"has-post-thumbnail","6":"product_cat-optics-recreation","7":"product_cat-microscopes-optics-recreation","9":"first","10":"instock","11":"shipping-taxable","12":"purchasable","13":"product-type-simple"},"_links":{"self":[{"href":"https:\/\/sezona.lv\/en\/wp-json\/wp\/v2\/product\/79517","targetHints":{"allow":["GET"]}}],"collection":[{"href":"https:\/\/sezona.lv\/en\/wp-json\/wp\/v2\/product"}],"about":[{"href":"https:\/\/sezona.lv\/en\/wp-json\/wp\/v2\/types\/product"}],"wp:featuredmedia":[{"embeddable":true,"href":"https:\/\/sezona.lv\/en\/wp-json\/wp\/v2\/media\/73171"}],"wp:attachment":[{"href":"https:\/\/sezona.lv\/en\/wp-json\/wp\/v2\/media?parent=79517"}],"wp:term":[{"taxonomy":"product_brand","embeddable":true,"href":"https:\/\/sezona.lv\/en\/wp-json\/wp\/v2\/product_brand?post=79517"},{"taxonomy":"product_cat","embeddable":true,"href":"https:\/\/sezona.lv\/en\/wp-json\/wp\/v2\/product_cat?post=79517"},{"taxonomy":"product_tag","embeddable":true,"href":"https:\/\/sezona.lv\/en\/wp-json\/wp\/v2\/product_tag?post=79517"}],"curies":[{"name":"wp","href":"https:\/\/api.w.org\/{rel}","templated":true}]}}