{"id":79519,"date":"2025-07-11T17:06:26","date_gmt":"2025-07-11T14:06:26","guid":{"rendered":"https:\/\/demo8.ecube.lv\/sezona.lv\/products\/levenhuk-720b-binokularais-mikroskops\/"},"modified":"2025-07-14T15:41:25","modified_gmt":"2025-07-14T12:41:25","slug":"levenhuk-720b-binokularais-mikroskops","status":"publish","type":"product","link":"https:\/\/sezona.lv\/en\/products\/levenhuk-720b-binokularais-mikroskops\/","title":{"rendered":"Levenhuk 720B Binokul\u0101rais mikroskops"},"content":{"rendered":"<p style=\"margin-bottom: 10px;padding: 0px;color: #3a3a3a;font-size: 14px\"><span style=\"font-size: 22.4px;font-family: arial, sans, sans-serif\">Specifik\u0101cijas&nbsp;<\/span><\/p>\n<p style=\"margin-bottom: 10px;padding: 0px;color: #3a3a3a;font-size: 14px\">&nbsp;<\/p>\n<table style=\"background-color: #ffffff;font-size: 13px;font-family: arial, sans, sans-serif;border: none\" dir=\"ltr\" border=\"1\" cellspacing=\"0\" cellpadding=\"0\">\n<colgroup>\n<col width=\"520\"><\/col>\n<col width=\"552\"><\/col>\n<\/colgroup>\n<tbody>\n<tr style=\"height: 21px\">\n<td style=\"padding: 2px 3px;border: 1px solid #000000;vertical-align: bottom;font-family: Arial;font-size: 14.3px;color: #3a3a3a\">Galva<\/td>\n<td style=\"padding: 2px 3px;vertical-align: bottom;font-family: Arial;font-size: 14.3px;color: #3a3a3a;border: 1px solid #000000 #000000 #000000 #cccccc\">binokul\u0101rs, rot\u0113 par 360&deg;, noliektas 45&deg;<\/td>\n<\/tr>\n<tr style=\"height: 21px\">\n<td style=\"padding: 2px 3px;vertical-align: bottom;font-family: Arial;font-size: 14.3px;color: #3a3a3a;border: 1px solid #cccccc #000000 #000000\">Optikas materi\u0101li<\/td>\n<td style=\"padding: 2px 3px;vertical-align: bottom;font-family: Arial;font-size: 14.3px;color: #3a3a3a;border: 1px solid #cccccc #000000 #000000 #cccccc\">optiskais stikls<\/td>\n<\/tr>\n<tr style=\"height: 21px\">\n<td style=\"padding: 2px 3px;vertical-align: bottom;font-family: Arial;font-size: 14.3px;color: #3a3a3a;border: 1px solid #cccccc #000000 #000000\">Palielin\u0101jums, x<\/td>\n<td style=\"padding: 2px 3px;vertical-align: bottom;font-family: Arial;font-size: 14.3px;color: #3a3a3a;border: 1px solid #cccccc #000000 #000000 #cccccc\">40&ndash;2000<\/td>\n<\/tr>\n<tr style=\"height: 21px\">\n<td style=\"padding: 2px 3px;vertical-align: bottom;font-family: Arial;font-size: 14.3px;color: #3a3a3a;border: 1px solid #cccccc #000000 #000000\">Okulaara caurules diametrs, mm<\/td>\n<td style=\"padding: 2px 3px;vertical-align: bottom;font-family: Arial;font-size: 14.3px;color: #3a3a3a;border: 1px solid #cccccc #000000 #000000 #cccccc\">23,2<\/td>\n<\/tr>\n<tr style=\"height: 21px\">\n<td style=\"padding: 2px 3px;vertical-align: bottom;font-family: Arial;font-size: 14.3px;color: #3a3a3a;border: 1px solid #cccccc #000000 #000000\">Okul\u0101ri<\/td>\n<td style=\"padding: 2px 3px;vertical-align: bottom;font-family: Arial;font-size: 14.3px;color: #3a3a3a;border: 1px solid #cccccc #000000 #000000 #cccccc\">WF10x\/18 mm, WFH20x<\/td>\n<\/tr>\n<tr style=\"height: 21px\">\n<td style=\"padding: 2px 3px;vertical-align: bottom;font-family: Arial;font-size: 14.3px;color: #3a3a3a;border: 1px solid #cccccc #000000 #000000\">Objekt\u012bvi<\/td>\n<td style=\"padding: 2px 3px;vertical-align: bottom;font-family: Arial;font-size: 14.3px;color: #3a3a3a;border: 1px solid #cccccc #000000 #000000 #cccccc\">ahromatiski: 4x, 10x, 40xs, 100xs (iegremd\u0113ts e\u013c\u013c\u0101)<\/td>\n<\/tr>\n<tr style=\"height: 21px\">\n<td style=\"padding: 2px 3px;vertical-align: bottom;font-family: Arial;font-size: 14.3px;color: #3a3a3a;border: 1px solid #cccccc #000000 #000000\">Priek&scaron;met-plaukti\u0146&scaron;, mm<\/td>\n<td style=\"padding: 2px 3px;vertical-align: bottom;font-family: Arial;font-size: 14.3px;color: #3a3a3a;border: 1px solid #cccccc #000000 #000000 #cccccc\">140\u0445130, divu sl\u0101\u0146u meh\u0101niskais priek&scaron;meta galdi\u0146&scaron; ar koordin\u0101tu skalu un piespraudi<\/td>\n<\/tr>\n<tr style=\"height: 21px\">\n<td style=\"padding: 2px 3px;vertical-align: bottom;font-family: Arial;font-size: 14.3px;color: #3a3a3a;border: 1px solid #cccccc #000000 #000000\">Priek&scaron;met-plaukti\u0146a, kust\u012bbas diapazons, izmantojot fokus\u0113&scaron;anas meh\u0101nismu, mm<\/td>\n<td style=\"padding: 2px 3px;vertical-align: bottom;font-family: Arial;font-size: 14.3px;color: #3a3a3a;border: 1px solid #cccccc #000000 #000000 #cccccc\">vertik\u0101li: 50 mm;<br \/>horizont\u0101li: 75 mm<\/td>\n<\/tr>\n<tr style=\"height: 21px\">\n<td style=\"padding: 2px 3px;vertical-align: bottom;font-family: Arial;font-size: 14.3px;color: #3a3a3a;border: 1px solid #cccccc #000000 #000000\">Kondensers<\/td>\n<td style=\"padding: 2px 3px;vertical-align: bottom;font-family: Arial;font-size: 14.3px;color: #3a3a3a;border: 1px solid #cccccc #000000 #000000 #cccccc\">Abbe N.A. 1.25<\/td>\n<\/tr>\n<tr style=\"height: 21px\">\n<td style=\"padding: 2px 3px;vertical-align: bottom;font-family: Arial;font-size: 14.3px;color: #3a3a3a;border: 1px solid #cccccc #000000 #000000\">Diafragma<\/td>\n<td style=\"padding: 2px 3px;vertical-align: bottom;font-family: Arial;font-size: 14.3px;color: #3a3a3a;border: 1px solid #cccccc #000000 #000000 #cccccc\">\u012brisa<\/td>\n<\/tr>\n<tr style=\"height: 21px\">\n<td style=\"padding: 2px 3px;vertical-align: bottom;font-family: Arial;font-size: 14.3px;color: #3a3a3a;border: 1px solid #cccccc #000000 #000000\">Fokus<\/td>\n<td style=\"padding: 2px 3px;vertical-align: bottom;font-family: Arial;font-size: 14.3px;color: #3a3a3a;border: 1px solid #cccccc #000000 #000000 #cccccc\">koaksi\u0101ls rupj\u0101kas un smalk\u0101kas<br \/>rupjais: 22 mm<br \/>smalkais: 0,002 mm<\/td>\n<\/tr>\n<tr style=\"height: 21px\">\n<td style=\"padding: 2px 3px;vertical-align: bottom;font-family: Arial;font-size: 14.3px;color: #3a3a3a;border: 1px solid #cccccc #000000 #000000\">Korpusa materi\u0101ls<\/td>\n<td style=\"padding: 2px 3px;vertical-align: bottom;font-family: Arial;font-size: 14.3px;color: #3a3a3a;border: 1px solid #cccccc #000000 #000000 #cccccc\">alum\u012bnijs<\/td>\n<\/tr>\n<tr style=\"height: 21px\">\n<td style=\"padding: 2px 3px;vertical-align: bottom;font-family: Arial;font-size: 14.3px;color: #3a3a3a;border: 1px solid #cccccc #000000 #000000\">Apgaismojums<\/td>\n<td style=\"padding: 2px 3px;vertical-align: bottom;font-family: Arial;font-size: 14.3px;color: #3a3a3a;border: 1px solid #cccccc #000000 #000000 #cccccc\">LED<\/td>\n<\/tr>\n<tr style=\"height: 21px\">\n<td style=\"padding: 2px 3px;vertical-align: bottom;font-family: Arial;font-size: 14.3px;color: #3a3a3a;border: 1px solid #cccccc #000000 #000000\">Spilgtuma regul\u0113&scaron;ana<\/td>\n<td style=\"padding: 2px 3px;vertical-align: bottom;font-family: Arial;font-size: 14.3px;color: #3a3a3a;border: 1px solid #cccccc #000000 #000000 #cccccc\">j\u0101<\/td>\n<\/tr>\n<tr style=\"height: 21px\">\n<td style=\"padding: 2px 3px;vertical-align: bottom;font-family: Arial;font-size: 14.3px;color: #3a3a3a;border: 1px solid #cccccc #000000 #000000\">Baro&scaron;anas avots<\/td>\n<td style=\"padding: 2px 3px;vertical-align: bottom;font-family: Arial;font-size: 14.3px;color: #3a3a3a;border: 1px solid #cccccc #000000 #000000 #cccccc\">220 V\/50 Hz<\/td>\n<\/tr>\n<tr style=\"height: 21px\">\n<td style=\"padding: 2px 3px;vertical-align: bottom;font-family: Arial;font-size: 14.3px;color: #3a3a3a;border: 1px solid #cccccc #000000 #000000\">Filtri<\/td>\n<td style=\"padding: 2px 3px;vertical-align: bottom;font-family: Arial;font-size: 14.3px;color: #3a3a3a;border: 1px solid #cccccc #000000 #000000 #cccccc\">zilais, dzeltenais, za\u013cais<\/td>\n<\/tr>\n<tr style=\"height: 21px\">\n<td style=\"padding: 2px 3px;vertical-align: bottom;font-family: Arial;font-size: 14.3px;color: #3a3a3a;border: 1px solid #cccccc #000000 #000000\">Papildu<\/td>\n<td style=\"padding: 2px 3px;vertical-align: bottom;font-family: Arial;font-size: 14.3px;color: #3a3a3a;border: 1px solid #cccccc #000000 #000000 #cccccc\">okul\u0101ru caurules garums: 160mm<\/td>\n<\/tr>\n<tr style=\"height: 21px\">\n<td style=\"padding: 2px 3px;vertical-align: bottom;font-family: Arial;font-size: 14.3px;color: #3a3a3a;border: 1px solid #cccccc #000000 #000000\">Lietojums<\/td>\n<td style=\"padding: 2px 3px;vertical-align: bottom;font-family: Arial;font-size: 14.3px;color: #3a3a3a;border: 1px solid #cccccc #000000 #000000 #cccccc\">Visp\u0101r\u012bg\u0101s lieto&scaron;anas produkts.<br \/>Dr\u012bkst lietot b\u0113rni, kas ir<br \/>vec\u0101ki par 3 gadiem.<\/td>\n<\/tr>\n<\/tbody>\n<\/table>\n<p style=\"margin-bottom: 10px;padding: 0px;color: #3a3a3a;font-size: 14px\"><span style=\"font-family: Arial\"><br \/><\/span><\/p>\n<p style=\"margin-bottom: 10px;padding: 0px;color: #3a3a3a;font-size: 14px\"><span style=\"font-family: Arial\">Levenhuk  720B mikroskops &ndash; binokul\u0101rais mikroskops, optim\u0101ls modelis  laboratorij\u0101m, kl\u012bniskajiem un medic\u012bniskajiem p\u0113t\u012bjumiem. &Scaron;o  instrumentu nov\u0113rt\u0113s tie, kas veic nopietnus zin\u0101tniskos p\u0113t\u012bjumus un  str\u0101d\u0101 ar caurskat\u0101miem mikroskopa paraugiem. Levenhuk 720B mikroskops  ir ieteicams m\u0101jas lieto&scaron;anai. T\u0101 jauda ir pietiekama lieto&scaron;anai skol\u0101  un m\u0101j\u0101s.<\/span><\/p>\n<p style=\"margin-bottom: 10px;padding: 0px;color: #3a3a3a;font-size: 14px\"><span style=\"font-family: Arial\">&Scaron;is  mikroskops ir apr\u012bkots ar \u0113rtu binokul\u0101ro galvu. V\u0113rot ar ab\u0101m ac\u012bm ir  daudz lab\u0101k. Ilg\u0101ki v\u0113rojumi nerada diskomfortu vai nogurumu. Galvi\u0146a ir  noliekta par 45&deg; un ir pagrie\u017eama ap savu asi. Pagrie&scaron;anas meh\u0101nisms  atbr\u012bvos J\u016bs no kust\u012bbas visa instrumenta pagrie&scaron;anai, ja J\u016bs v\u0113l\u0113sities  iepaz\u012bstin\u0101t savus kol\u0113\u0123us ar p\u0113t\u012bjuma rezult\u0101tiem.<\/span><\/p>\n<p style=\"margin-bottom: 10px;padding: 0px;color: #3a3a3a;font-size: 14px\"><span style=\"font-family: Arial\">Levenhuk  720B mikroskopi ir projekt\u0113ti caurskat\u0101mo mikroskopa paraugu  v\u0113rojumiem. Pielietojam\u0101 p\u0113t\u012bjuma metode: spilgt\u0101 lauka un e\u013c\u013cas  imersijas (iegremd\u0113&scaron;anas) metodes. Komplekt\u0101 ietilpst augstas kavlit\u0101tes  bezkr\u0101sas objekt\u012bvs un e\u013c\u013cas pudele iegremd\u0113&scaron;anai. Mikroskops ir  apr\u012bkots ar\u012b ar diviem p\u0101riem savstarp\u0113ji aizst\u0101jamo okul\u0101ru: 20x  Heigensa un 10x okul\u0101ri. Liels piederumu komplekts sniedz iesp\u0113ju  izv\u0113l\u0113ties optim\u0101lo palielin\u0101juma l\u012bmeni un redzes lauku specifisko  mikroskopa paraugu v\u0113ro&scaron;anai. Viss mikroskopa v\u0113rojumu spektrs sniedzas  no 40x l\u012bdz 2000x.<\/span><\/p>\n<p style=\"margin-bottom: 10px;padding: 0px;color: #3a3a3a;font-size: 14px\"><span style=\"font-family: Arial\">LED  apgaismojums atrodas zem priek&scaron;meta galdi\u0146a un tam ir regul\u0113jams  speilgtums. Mikroskops ir ar\u012b apr\u012bkots ar Abes kondensatoru ar \u012bris  diafragmu, kas nov\u0113r&scaron; spilgtuma samazin\u0101&scaron;anos un pal\u012bdz prec\u012bzi  nofokus\u0113t gaismas starus uz v\u0113rojam\u0101 parauga. Tam ir speci\u0101li  centr\u0113&scaron;anas gredzeni. Asumu var noregul\u0113t, izmantojot tikai vienu sviru-  fokus\u0113&scaron;anas sist\u0113mai ir rupj\u0101 un prec\u012bz\u0101 regul\u0113&scaron;anas skala.<\/span><\/p>\n<p style=\"margin-bottom: 10px;padding: 0px;color: #3a3a3a;font-size: 14px\"><span style=\"font-family: Arial\">Priek&scaron;meta  galdi\u0146&scaron; sniedz Jums iesp\u0113ju nov\u0113rot jebkuru J\u016bsu izv\u0113l\u0113to paraugu,  ieskaitot liela izm\u0113ra paraugus. Detaliz\u0113tai izp\u0113tei J\u016bs varat virz\u012bt  priek&scaron;meta galdi\u0146u pa horizont\u0101lo un vertik\u0101lo asi, prec\u012bzi nosakot  p\u0113t\u012bjuma lauku. J\u016bs var\u0113siet redz\u0113t visas J\u016bs interes\u0113jo&scaron;\u0101s deta\u013cas pat  visliel\u0101k\u0101 palielin\u0101jum\u0101. Priek&scaron;meta galdi\u0146am ir ar\u012b speci\u0101las  piespraudes parauga piestiprin\u0101&scaron;anai.<\/span><\/p>\n<p style=\"margin-bottom: 10px;padding: 0px;color: #3a3a3a;font-size: 14px\"><span style=\"font-family: Arial\">Levenhuk  720B mikroskopam ir met\u0101la korpuss, kas palielina t\u0101 dro&scaron;umu un  pagarina kalpo&scaron;anas laiku. Komplekt\u0101 ir iek\u013cauts putek\u013cu aizsegs, kas  var pal\u012bdz\u0113t, ja instruments ir j\u0101uzglab\u0101 ilg\u0101ku laiku.<\/span><\/p>\n<p style=\"margin-bottom: 10px;padding: 0px;color: #3a3a3a;font-size: 14px\"><strong style=\"margin: 0px;padding: 0px;font-family: Arial\">\u012apa&scaron;\u012bbas:<\/strong><\/p>\n<ul class=\"vikas-list-u\" style=\"margin-right: 0px;margin-bottom: 15px;margin-left: 20px;padding: 0px;color: #3a3a3a;font-size: 14px\">\n<li style=\"margin: 0px;padding: 0px\"><span style=\"font-family: Arial\">Palielin\u0101jums: 40-2000x<\/span><\/li>\n<li style=\"margin: 0px;padding: 0px\"><span style=\"font-family: Arial\">45&deg; binok\u013ca galvas liece<\/span><\/li>\n<li style=\"margin: 0px;padding: 0px\"><span style=\"font-family: Arial\">360&deg; pagrie\u017eama galva<\/span><\/li>\n<li style=\"margin: 0px;padding: 0px\"><span style=\"font-family: Arial\">Bezkr\u0101sas objekt\u012bvs<\/span><\/li>\n<li style=\"margin: 0px;padding: 0px\"><span style=\"font-family: Arial\">Savstarp\u0113ji aizst\u0101jamie p\u0101ra okul\u0101ri<\/span><\/li>\n<li style=\"margin: 0px;padding: 0px\"><span style=\"font-family: Arial\">Divu asu priek&scaron;meta galdi\u0146&scaron;<\/span><\/li>\n<li style=\"margin: 0px;padding: 0px\"><span style=\"font-family: Arial\">Rupj\u0101 un prec\u012bz\u0101 fokus\u0113&scaron;ana<\/span><\/li>\n<li style=\"margin: 0px;padding: 0px\"><span style=\"font-family: Arial\">Met\u0101la korpuss<\/span><\/li>\n<li style=\"margin: 0px;padding: 0px\"><span style=\"font-family: Arial\">LED apgaismojums (spilgtuma regul\u0113&scaron;ana)<\/span><\/li>\n<li style=\"margin: 0px;padding: 0px\"><span style=\"font-family: Arial\">M\u0101jas energoapg\u0101de<\/span><\/li>\n<li style=\"margin: 0px;padding: 0px\"><span style=\"font-family: Arial\">Iegremd\u0113&scaron;anas jeb imersijas e\u013c\u013c\u0101<\/span><\/li>\n<li style=\"margin: 0px;padding: 0px\"><span style=\"font-family: Arial\">Abes kondensators ar \u012bris diafragmu<\/span><\/li>\n<\/ul>\n<p style=\"margin-bottom: 10px;padding: 0px;color: #3a3a3a;font-size: 14px\"><strong style=\"margin: 0px;padding: 0px;font-family: Arial\">Komplekt\u0101 ietilpst:<\/strong><\/p>\n<ul class=\"vikas-list-u\" style=\"margin-right: 0px;margin-bottom: 15px;margin-left: 20px;padding: 0px;color: #3a3a3a;font-size: 14px\">\n<li style=\"margin: 0px;padding: 0px\"><span style=\"font-family: Arial\">Mikroskopa stat\u012bvs ar pamatni<\/span><\/li>\n<li style=\"margin: 0px;padding: 0px\"><span style=\"font-family: Arial\">Binokul\u0101rs galva<\/span><\/li>\n<li style=\"margin: 0px;padding: 0px\"><span style=\"font-family: Arial\">Bezkr\u0101sas objekt\u012bva l\u0113cas: 4x, 10x, 40xs, and 100xs (e\u013c\u013ca)<\/span><\/li>\n<li style=\"margin: 0px;padding: 0px\"><span style=\"font-family: Arial\">Okul\u0101ri: WF10x and WFH20x<\/span><\/li>\n<li style=\"margin: 0px;padding: 0px\"><span style=\"font-family: Arial\">Filtri (zilais, dzeltenais, za\u013cais)<\/span><\/li>\n<li style=\"margin: 0px;padding: 0px\"><span style=\"font-family: Arial\">Pudele iegremd\u0113&scaron;anai e\u013c\u013c\u0101<\/span><\/li>\n<li style=\"margin: 0px;padding: 0px\"><span style=\"font-family: Arial\">Aizsegs pret putek\u013ciem<\/span><\/li>\n<li style=\"margin: 0px;padding: 0px\"><span style=\"font-family: Arial\">Lietot\u0101ja rokasgr\u0101mata<\/span><\/li>\n<li style=\"margin: 0px;padding: 0px\"><span style=\"font-family: Arial\">M\u016b\u017ea garantija<\/span><\/li>\n<\/ul>\n<p style=\"margin-bottom: 10px;padding: 0px;color: #3a3a3a;font-size: 14px\"><span style=\"font-family: Arial\"><strong style=\"margin: 0px;padding: 0px\">Uzman\u012bbu:<\/strong>&nbsp;L\u016bgums  skat\u012bties t\u012bkla sprieguma atbilsto&scaron;os r\u0101d\u012bt\u0101jus tabul\u0101 un nekad  nem\u0113\u0123iniet iesl\u0113gt 110 V paredz\u0113to ier\u012bci 220V sprieguma kontaktligzd\u0101,  neizmantojot str\u0101vas p\u0101rveidot\u0101ju. Atcerieties, ka t\u012bkla spriegums ASV  un Kan\u0101d\u0101 ir110V un 220-240V vair\u0101k\u0101s Eiropas valst\u012bs.<\/span><\/p>\n<p style=\"margin-bottom: 10px;padding: 0px;color: #3a3a3a;font-size: 14px\">&nbsp;<\/p>\n<table class=\"table table-bordered\" border=\"0\">\n<thead>\n<tr>\n<td colspan=\"2\"><strong>Atrib\u016bti<\/strong><\/td>\n<\/tr>\n<\/thead>\n<tbody>\n<tr>\n<td>Apgaismojums<\/td>\n<td>LED<\/td>\n<\/tr>\n<tr>\n<td>Baro&scaron;anas avots<\/td>\n<td>220 V\/50 Hz<\/td>\n<\/tr>\n<tr>\n<td>Diafragma<\/td>\n<td>\u012brisa<\/td>\n<\/tr>\n<tr>\n<td>Filtri<\/td>\n<td>j\u0101<\/td>\n<\/tr>\n<tr>\n<td>Fokuss<\/td>\n<td>koaksi\u0101ls rupj\u0101kas un smalk\u0101kas, rupjais: 22 mm, smalkais: 0,002 mm<\/td>\n<\/tr>\n<tr>\n<td>Galva<\/td>\n<td>binokul\u0101rs, rot\u0113 par 360&deg;, noliektas 45&deg;<\/td>\n<\/tr>\n<tr>\n<td>Iepakojuma izm\u0113ri (GxPxA):<\/td>\n<td>49.0 x 40.0 x 27.0 cm<\/td>\n<\/tr>\n<tr>\n<td>Kondensers<\/td>\n<td>Abbe N.A. 1.25<\/td>\n<\/tr>\n<tr>\n<td>Korpusa materi\u0101ls<\/td>\n<td>alum\u012bnijs<\/td>\n<\/tr>\n<tr>\n<td>Lietojums<\/td>\n<td>Visp\u0101r\u012bg\u0101s lieto&scaron;anas produkts., Dr\u012bkst lietot b\u0113rni, kas ir, vec\u0101ki par 3 gadiem.<\/td>\n<\/tr>\n<tr>\n<td>Objekt\u012bvi<\/td>\n<td>ahromatiski: 4x, 10x, 40xs, 100xs (iegremd\u0113ts e\u013c\u013c\u0101)<\/td>\n<\/tr>\n<tr>\n<td>Okulaara caurules diametrs<\/td>\n<td>23,2 mm<\/td>\n<\/tr>\n<tr>\n<td>Okul\u0101ri<\/td>\n<td>WF10x\/18 mm, H20x<\/td>\n<\/tr>\n<tr>\n<td>Optikas materi\u0101ls<\/td>\n<td>optiskais stikls<\/td>\n<\/tr>\n<tr>\n<td>Palielin\u0101jums<\/td>\n<td>40&ndash;2000 x<\/td>\n<\/tr>\n<tr>\n<td>Papildu<\/td>\n<td>okul\u0101ru caurules garums: 160mm<\/td>\n<\/tr>\n<tr>\n<td>Priek&scaron;met-plaukti\u0146a, kust\u012bbas diapazons, izmantojot fokus\u0113&scaron;anas<\/td>\n<td>vertik\u0101li: 50 mm;, horizont\u0101li: 75 mm mm<\/td>\n<\/tr>\n<tr>\n<td>Priek&scaron;met-plaukti\u0146&scaron;<\/td>\n<td>140\u0445130, divu sl\u0101\u0146u meh\u0101niskais priek&scaron;meta galdi\u0146&scaron;  ar koordin\u0101tu skalu  un piespraudi mm<\/td>\n<\/tr>\n<tr>\n<td>Ra\u017eot\u0101ja valsts<\/td>\n<td>PRC, controlled by Levenhuk, Inc. (USA)<\/td>\n<\/tr>\n<tr>\n<td>Spilgtuma regul\u0113&scaron;ana<\/td>\n<td>\u0435\u0441\u0442\u044c<\/td>\n<\/tr>\n<tr>\n<td>Svars<\/td>\n<td>5.62 kg<\/td>\n<\/tr>\n<tr>\n<td>\u0422\u0438\u043f \u043b\u0430\u043c\u043f\u044b \u043f\u043e\u0434\u0441\u0432\u0435\u0442\u043a\u0438<\/td>\n<td>LED 0,5 W<\/td>\n<\/tr>\n<\/tbody>\n<\/table>\n<p style=\"margin-bottom: 10px;padding: 0px;color: #3a3a3a;font-size: 14px\"><span style=\"font-family: Arial\"><\/span><\/p>\n","protected":false},"excerpt":{"rendered":"<p>Specifik\u0101cijas&nbsp; &nbsp; Galva binokul\u0101rs, rot\u0113 par 360&deg;, noliektas 45&deg; Optikas materi\u0101li optiskais stikls Palielin\u0101jums, x 40&ndash;2000 Okulaara caurules diametrs, mm 23,2 Okul\u0101ri WF10x\/18 mm, WFH20x Objekt\u012bvi ahromatiski: 4x, 10x, 40xs, 100xs (iegremd\u0113ts e\u013c\u013c\u0101) Priek&scaron;met-plaukti\u0146&scaron;, mm 140\u0445130, divu sl\u0101\u0146u meh\u0101niskais priek&scaron;meta galdi\u0146&scaron; ar koordin\u0101tu skalu un piespraudi Priek&scaron;met-plaukti\u0146a, kust\u012bbas diapazons, izmantojot fokus\u0113&scaron;anas meh\u0101nismu, mm vertik\u0101li: 50 [&hellip;]<\/p>\n","protected":false},"featured_media":73180,"template":"","meta":[],"product_brand":[3372],"product_cat":[4938,4969],"product_tag":[],"class_list":{"0":"post-79519","1":"product","2":"type-product","3":"status-publish","4":"has-post-thumbnail","6":"product_brand-levenhuk","7":"product_cat-optics-recreation","8":"product_cat-microscopes-optics-recreation","10":"first","11":"instock","12":"shipping-taxable","13":"purchasable","14":"product-type-simple"},"_links":{"self":[{"href":"https:\/\/sezona.lv\/en\/wp-json\/wp\/v2\/product\/79519","targetHints":{"allow":["GET"]}}],"collection":[{"href":"https:\/\/sezona.lv\/en\/wp-json\/wp\/v2\/product"}],"about":[{"href":"https:\/\/sezona.lv\/en\/wp-json\/wp\/v2\/types\/product"}],"wp:featuredmedia":[{"embeddable":true,"href":"https:\/\/sezona.lv\/en\/wp-json\/wp\/v2\/media\/73180"}],"wp:attachment":[{"href":"https:\/\/sezona.lv\/en\/wp-json\/wp\/v2\/media?parent=79519"}],"wp:term":[{"taxonomy":"product_brand","embeddable":true,"href":"https:\/\/sezona.lv\/en\/wp-json\/wp\/v2\/product_brand?post=79519"},{"taxonomy":"product_cat","embeddable":true,"href":"https:\/\/sezona.lv\/en\/wp-json\/wp\/v2\/product_cat?post=79519"},{"taxonomy":"product_tag","embeddable":true,"href":"https:\/\/sezona.lv\/en\/wp-json\/wp\/v2\/product_tag?post=79519"}],"curies":[{"name":"wp","href":"https:\/\/api.w.org\/{rel}","templated":true}]}}