{"id":79520,"date":"2025-07-14T15:41:26","date_gmt":"2025-07-14T12:41:26","guid":{"rendered":"https:\/\/demo8.ecube.lv\/sezona.lv\/products\/bresser-sciences-etd-101-7-1-45x-biologa-stereo-mikroskops\/"},"modified":"2025-07-14T15:41:26","modified_gmt":"2025-07-14T12:41:26","slug":"bresser-sciences-etd-101-7-1-45x-biologa-stereo-mikroskops","status":"publish","type":"product","link":"https:\/\/sezona.lv\/en\/products\/bresser-sciences-etd-101-7-1-45x-biologa-stereo-mikroskops\/","title":{"rendered":"Bresser Sciences ETD 101 7.1\u2013 45x Biologa Stereo Mikroskops"},"content":{"rendered":"<p><span id=\"docs-internal-guid-4fcee2d8-ee03-bd5a-43da-666df11501ec\"><\/p>\n<p style=\"line-height: 1.38;margin-top: 0pt;margin-bottom: 0pt\" dir=\"ltr\"><span style=\"font-size: 11pt;font-family: Arial;color: #000000;background-color: transparent;vertical-align: baseline\">Profesion\u0101ls mikroskops ar 7-45 rei\u017eu palielin\u0101jumu. Tas ir piem\u0113rots lieto&scaron;anai medic\u012bn\u0101, lauksaimniec\u012bb\u0101, me\u017esaimniec\u012bb\u0101, krimin\u0101listik\u0101. Tas ir ieteicams zin\u0101tnisk\u0101s p\u0113tniec\u012bbas instit\u016btiem, skol\u0101m un elektrotehnikas remonta darbn\u012bc\u0101m. Mikroskopam ir main\u0101ms 7-45 rei\u017eu palielin\u0101jums, t\u0101 optika sniedz dzidrus, asus un kontrasta bag\u0101tus att\u0113lus. Apr\u012bkots ar 10W halog\u0113na apgaismojumu. Tam ir regul\u0113jams augstums, kas \u013cauj ar to apl\u016bkot da\u017e\u0101da lieluma objektus. Komplekt\u0101 ietilpst platle\u0146\u0137a okul\u0101ri, stereo t\u0101luma mai\u0146as objekt\u012bvs (0.7-4.5 reizes). Okul\u0101riem ir dioptriju izl\u012bdzin\u0101&scaron;ana, rot\u0113jo&scaron;a galva un 45 sl\u012bpuma regul\u0113&scaron;anas funkcija. Tas izmanto 220V str\u0101vas avotu.<\/span><\/p>\n<div><span style=\"font-size: 11pt;font-family: Arial;color: #000000;background-color: transparent;vertical-align: baseline\"><br \/><\/span><\/div>\n<div>&nbsp;&nbsp;&nbsp;&nbsp;<\/div>\n<p><\/span><\/p>\n<table style=\"font-size: 10pt;font-family: arial, sans, sans-serif;width: 0px;border: none\" dir=\"ltr\" border=\"1\" cellspacing=\"0\" cellpadding=\"0\">\n<colgroup>\n<col width=\"240\"><\/col>\n<\/colgroup>\n<tbody>\n<tr style=\"height: 21px\">\n<td style=\"border-color: #28cdff;overflow: hidden;padding: 2px 3px;vertical-align: bottom;background-color: #28cdff;font-family: Arial;font-size: 11pt;font-weight: bold;color: #ffffff;text-align: center\">Specifik\u0101cija un komplekt\u0101cija:<\/td>\n<\/tr>\n<tr style=\"height: 21px\">\n<td style=\"border-right-color: #28cdff;border-bottom-color: #28cdff;border-left-color: #28cdff;overflow: hidden;padding: 2px 3px;vertical-align: bottom;font-family: Arial;font-size: 11pt;color: #000000;text-align: center\">-Palielin\u0101jums: 7 un 45 reizes<\/td>\n<\/tr>\n<tr style=\"height: 21px\">\n<td style=\"border-right-color: #28cdff;border-bottom-color: #28cdff;border-left-color: #28cdff;overflow: hidden;padding: 2px 3px;vertical-align: bottom;font-family: Arial;font-size: 11pt;color: #000000;text-align: center\">-Apgaismojums: 12V\/10W<\/td>\n<\/tr>\n<tr style=\"height: 21px\">\n<td style=\"border-right-color: #28cdff;border-bottom-color: #28cdff;border-left-color: #28cdff;overflow: hidden;padding: 2px 3px;vertical-align: bottom;font-family: Arial;font-size: 11pt;color: #000000;text-align: center\">-Okul\u0101ri: WF 10<\/td>\n<\/tr>\n<tr style=\"height: 21px\">\n<td style=\"border-right-color: #28cdff;border-bottom-color: #28cdff;border-left-color: #28cdff;overflow: hidden;padding: 2px 3px;vertical-align: bottom;font-family: Arial;font-size: 11pt;color: #000000;text-align: center\">-Objekt\u012bvi: 0,7x-4,5x<\/td>\n<\/tr>\n<tr style=\"height: 21px\">\n<td style=\"border-right-color: #28cdff;border-bottom-color: #28cdff;border-left-color: #28cdff;overflow: hidden;padding: 2px 3px;vertical-align: bottom;font-family: Arial;font-size: 11pt;color: #000000;text-align: center\">-360 gr\u0101du rot\u0113jo&scaron;a galva<\/td>\n<\/tr>\n<tr style=\"height: 21px\">\n<td style=\"border-right-color: #28cdff;border-bottom-color: #28cdff;border-left-color: #28cdff;overflow: hidden;padding: 2px 3px;vertical-align: bottom;font-family: Arial;font-size: 11pt;color: #000000;text-align: center\">-Svars: 4.7 kg<\/td>\n<\/tr>\n<tr style=\"height: 21px\">\n<td style=\"border-right-color: #28cdff;border-bottom-color: #28cdff;border-left-color: #28cdff;overflow: hidden;padding: 2px 3px;vertical-align: bottom;font-family: Arial;font-size: 11pt;color: #000000;text-align: center\">-Izm\u0113rs: 340x260x480<\/td>\n<\/tr>\n<\/tbody>\n<\/table>\n","protected":false},"excerpt":{"rendered":"<p>Profesion\u0101ls mikroskops ar 7-45 rei\u017eu palielin\u0101jumu. Tas ir piem\u0113rots lieto&scaron;anai medic\u012bn\u0101, lauksaimniec\u012bb\u0101, me\u017esaimniec\u012bb\u0101, krimin\u0101listik\u0101. Tas ir ieteicams zin\u0101tnisk\u0101s p\u0113tniec\u012bbas instit\u016btiem, skol\u0101m un elektrotehnikas remonta darbn\u012bc\u0101m. Mikroskopam ir main\u0101ms 7-45 rei\u017eu palielin\u0101jums, t\u0101 optika sniedz dzidrus, asus un kontrasta bag\u0101tus att\u0113lus. Apr\u012bkots ar 10W halog\u0113na apgaismojumu. Tam ir regul\u0113jams augstums, kas \u013cauj ar to apl\u016bkot da\u017e\u0101da [&hellip;]<\/p>\n","protected":false},"featured_media":0,"template":"","meta":[],"product_brand":[],"product_cat":[4640,4938,4969],"product_tag":[],"class_list":{"0":"post-79520","1":"product","2":"type-product","3":"status-publish","5":"product_cat-recreation","6":"product_cat-optics-recreation","7":"product_cat-microscopes-optics-recreation","9":"first","10":"instock","11":"shipping-taxable","12":"purchasable","13":"product-type-simple"},"_links":{"self":[{"href":"https:\/\/sezona.lv\/en\/wp-json\/wp\/v2\/product\/79520","targetHints":{"allow":["GET"]}}],"collection":[{"href":"https:\/\/sezona.lv\/en\/wp-json\/wp\/v2\/product"}],"about":[{"href":"https:\/\/sezona.lv\/en\/wp-json\/wp\/v2\/types\/product"}],"wp:attachment":[{"href":"https:\/\/sezona.lv\/en\/wp-json\/wp\/v2\/media?parent=79520"}],"wp:term":[{"taxonomy":"product_brand","embeddable":true,"href":"https:\/\/sezona.lv\/en\/wp-json\/wp\/v2\/product_brand?post=79520"},{"taxonomy":"product_cat","embeddable":true,"href":"https:\/\/sezona.lv\/en\/wp-json\/wp\/v2\/product_cat?post=79520"},{"taxonomy":"product_tag","embeddable":true,"href":"https:\/\/sezona.lv\/en\/wp-json\/wp\/v2\/product_tag?post=79520"}],"curies":[{"name":"wp","href":"https:\/\/api.w.org\/{rel}","templated":true}]}}