{"id":79521,"date":"2025-07-11T17:06:33","date_gmt":"2025-07-11T14:06:33","guid":{"rendered":"https:\/\/demo8.ecube.lv\/sezona.lv\/products\/levenhuk-740t-trinokularais-mikroskops\/"},"modified":"2025-07-14T15:41:27","modified_gmt":"2025-07-14T12:41:27","slug":"levenhuk-740t-trinokularais-mikroskops","status":"publish","type":"product","link":"https:\/\/sezona.lv\/en\/products\/levenhuk-740t-trinokularais-mikroskops\/","title":{"rendered":"Levenhuk 740T Trinokul\u0101rais mikroskops"},"content":{"rendered":"<p style=\"margin-bottom: 10px;padding: 0px;color: #3a3a3a;font-family: Vardana, sans-serif;font-size: 14px\"><span style=\"font-size: 22.4px;font-family: arial, sans, sans-serif\">Specifik\u0101cijas<\/span><\/p>\n<table style=\"background-color: #ffffff;font-size: 13px;font-family: arial, sans, sans-serif;border: none\" dir=\"ltr\" border=\"1\" cellspacing=\"0\" cellpadding=\"0\">\n<colgroup>\n<col width=\"520\"><\/col>\n<col width=\"552\"><\/col>\n<\/colgroup>\n<tbody>\n<tr style=\"height: 21px\">\n<td style=\"padding: 2px 3px;border: 1px solid #000000;vertical-align: bottom;font-family: Arial;font-size: 14.3px;color: #3a3a3a\">Galva<\/td>\n<td style=\"padding: 2px 3px;vertical-align: bottom;font-family: Arial;font-size: 14.3px;color: #3a3a3a;border: 1px solid #000000 #000000 #000000 #cccccc\">trinokul\u0101rais, rot\u0113 par 360&deg;, noliektas 45&deg;<\/td>\n<\/tr>\n<tr style=\"height: 21px\">\n<td style=\"padding: 2px 3px;vertical-align: bottom;font-family: Arial;font-size: 14.3px;color: #3a3a3a;border: 1px solid #cccccc #000000 #000000\">Optikas materi\u0101li<\/td>\n<td style=\"padding: 2px 3px;vertical-align: bottom;font-family: Arial;font-size: 14.3px;color: #3a3a3a;border: 1px solid #cccccc #000000 #000000 #cccccc\">optiskais stikls<\/td>\n<\/tr>\n<tr style=\"height: 21px\">\n<td style=\"padding: 2px 3px;vertical-align: bottom;font-family: Arial;font-size: 14.3px;color: #3a3a3a;border: 1px solid #cccccc #000000 #000000\">Palielin\u0101jums, x<\/td>\n<td style=\"padding: 2px 3px;vertical-align: bottom;font-family: Arial;font-size: 14.3px;color: #3a3a3a;border: 1px solid #cccccc #000000 #000000 #cccccc\">40&ndash;2000<\/td>\n<\/tr>\n<tr style=\"height: 21px\">\n<td style=\"padding: 2px 3px;vertical-align: bottom;font-family: Arial;font-size: 14.3px;color: #3a3a3a;border: 1px solid #cccccc #000000 #000000\">Okulaara caurules diametrs, mm<\/td>\n<td style=\"padding: 2px 3px;vertical-align: bottom;font-family: Arial;font-size: 14.3px;color: #3a3a3a;border: 1px solid #cccccc #000000 #000000 #cccccc\">23,2<\/td>\n<\/tr>\n<tr style=\"height: 21px\">\n<td style=\"padding: 2px 3px;vertical-align: bottom;font-family: Arial;font-size: 14.3px;color: #3a3a3a;border: 1px solid #cccccc #000000 #000000\">Okul\u0101ri<\/td>\n<td style=\"padding: 2px 3px;vertical-align: bottom;font-family: Arial;font-size: 14.3px;color: #3a3a3a;border: 1px solid #cccccc #000000 #000000 #cccccc\">WF10x\/18 mm, WFH20x<\/td>\n<\/tr>\n<tr style=\"height: 21px\">\n<td style=\"padding: 2px 3px;vertical-align: bottom;font-family: Arial;font-size: 14.3px;color: #3a3a3a;border: 1px solid #cccccc #000000 #000000\">Objekt\u012bvi<\/td>\n<td style=\"padding: 2px 3px;vertical-align: bottom;font-family: Arial;font-size: 14.3px;color: #3a3a3a;border: 1px solid #cccccc #000000 #000000 #cccccc\">ahromatiski: 4x, 10x, 40xs, 100xs (iegremd\u0113ts e\u013c\u013c\u0101)<\/td>\n<\/tr>\n<tr style=\"height: 21px\">\n<td style=\"padding: 2px 3px;vertical-align: bottom;font-family: Arial;font-size: 14.3px;color: #3a3a3a;border: 1px solid #cccccc #000000 #000000\">Priek&scaron;met-plaukti\u0146&scaron;, mm<\/td>\n<td style=\"padding: 2px 3px;vertical-align: bottom;font-family: Arial;font-size: 14.3px;color: #3a3a3a;border: 1px solid #cccccc #000000 #000000 #cccccc\">140\u0445130, divu sl\u0101\u0146u meh\u0101niskais priek&scaron;meta galdi\u0146&scaron; ar koordin\u0101tu skalu un piespraudi<\/td>\n<\/tr>\n<tr style=\"height: 21px\">\n<td style=\"padding: 2px 3px;vertical-align: bottom;font-family: Arial;font-size: 14.3px;color: #3a3a3a;border: 1px solid #cccccc #000000 #000000\">Priek&scaron;met-plaukti\u0146a, kust\u012bbas diapazons, izmantojot fokus\u0113&scaron;anas meh\u0101nismu, mm<\/td>\n<td style=\"padding: 2px 3px;vertical-align: bottom;font-family: Arial;font-size: 14.3px;color: #3a3a3a;border: 1px solid #cccccc #000000 #000000 #cccccc\">vertik\u0101li: 50 mm;<br \/>horizont\u0101li: 75 mm<\/td>\n<\/tr>\n<tr style=\"height: 21px\">\n<td style=\"padding: 2px 3px;vertical-align: bottom;font-family: Arial;font-size: 14.3px;color: #3a3a3a;border: 1px solid #cccccc #000000 #000000\">Kondensers<\/td>\n<td style=\"padding: 2px 3px;vertical-align: bottom;font-family: Arial;font-size: 14.3px;color: #3a3a3a;border: 1px solid #cccccc #000000 #000000 #cccccc\">Abbe N.A. 1.25<\/td>\n<\/tr>\n<tr style=\"height: 21px\">\n<td style=\"padding: 2px 3px;vertical-align: bottom;font-family: Arial;font-size: 14.3px;color: #3a3a3a;border: 1px solid #cccccc #000000 #000000\">Diafragma<\/td>\n<td style=\"padding: 2px 3px;vertical-align: bottom;font-family: Arial;font-size: 14.3px;color: #3a3a3a;border: 1px solid #cccccc #000000 #000000 #cccccc\">\u012brisa<\/td>\n<\/tr>\n<tr style=\"height: 21px\">\n<td style=\"padding: 2px 3px;vertical-align: bottom;font-family: Arial;font-size: 14.3px;color: #3a3a3a;border: 1px solid #cccccc #000000 #000000\">Fokus<\/td>\n<td style=\"padding: 2px 3px;vertical-align: bottom;font-family: Arial;font-size: 14.3px;color: #3a3a3a;border: 1px solid #cccccc #000000 #000000 #cccccc\">koaksi\u0101ls rupj\u0101kas un smalk\u0101kas<br \/>rupjais: 22 mm<br \/>smalkais: 0,002 mm<\/td>\n<\/tr>\n<tr style=\"height: 21px\">\n<td style=\"padding: 2px 3px;vertical-align: bottom;font-family: Arial;font-size: 14.3px;color: #3a3a3a;border: 1px solid #cccccc #000000 #000000\">Korpusa materi\u0101ls<\/td>\n<td style=\"padding: 2px 3px;vertical-align: bottom;font-family: Arial;font-size: 14.3px;color: #3a3a3a;border: 1px solid #cccccc #000000 #000000 #cccccc\">alum\u012bnijs<\/td>\n<\/tr>\n<tr style=\"height: 21px\">\n<td style=\"padding: 2px 3px;vertical-align: bottom;font-family: Arial;font-size: 14.3px;color: #3a3a3a;border: 1px solid #cccccc #000000 #000000\">Apgaismojums<\/td>\n<td style=\"padding: 2px 3px;vertical-align: bottom;font-family: Arial;font-size: 14.3px;color: #3a3a3a;border: 1px solid #cccccc #000000 #000000 #cccccc\">LED<\/td>\n<\/tr>\n<tr style=\"height: 21px\">\n<td style=\"padding: 2px 3px;vertical-align: bottom;font-family: Arial;font-size: 14.3px;color: #3a3a3a;border: 1px solid #cccccc #000000 #000000\">Spilgtuma regul\u0113&scaron;ana<\/td>\n<td style=\"padding: 2px 3px;vertical-align: bottom;font-family: Arial;font-size: 14.3px;color: #3a3a3a;border: 1px solid #cccccc #000000 #000000 #cccccc\">j\u0101<\/td>\n<\/tr>\n<tr style=\"height: 21px\">\n<td style=\"padding: 2px 3px;vertical-align: bottom;font-family: Arial;font-size: 14.3px;color: #3a3a3a;border: 1px solid #cccccc #000000 #000000\">Baro&scaron;anas avots<\/td>\n<td style=\"padding: 2px 3px;vertical-align: bottom;font-family: Arial;font-size: 14.3px;color: #3a3a3a;border: 1px solid #cccccc #000000 #000000 #cccccc\">220 V\/50 Hz<\/td>\n<\/tr>\n<tr style=\"height: 21px\">\n<td style=\"padding: 2px 3px;vertical-align: bottom;font-family: Arial;font-size: 14.3px;color: #3a3a3a;border: 1px solid #cccccc #000000 #000000\">Filtri<\/td>\n<td style=\"padding: 2px 3px;vertical-align: bottom;font-family: Arial;font-size: 14.3px;color: #3a3a3a;border: 1px solid #cccccc #000000 #000000 #cccccc\">zilais, dzeltenais, za\u013cais<\/td>\n<\/tr>\n<tr style=\"height: 21px\">\n<td style=\"padding: 2px 3px;vertical-align: bottom;font-family: Arial;font-size: 14.3px;color: #3a3a3a;border: 1px solid #cccccc #000000 #000000\">Papildu<\/td>\n<td style=\"padding: 2px 3px;vertical-align: bottom;font-family: Arial;font-size: 14.3px;color: #3a3a3a;border: 1px solid #cccccc #000000 #000000 #cccccc\">okul\u0101ru caurules garums: 160mm<\/td>\n<\/tr>\n<tr style=\"height: 21px\">\n<td style=\"padding: 2px 3px;vertical-align: bottom;font-family: Arial;font-size: 14.3px;color: #3a3a3a;border: 1px solid #cccccc #000000 #000000\">Lietojums<\/td>\n<td style=\"padding: 2px 3px;vertical-align: bottom;font-family: Arial;font-size: 14.3px;color: #3a3a3a;border: 1px solid #cccccc #000000 #000000 #cccccc\">Visp\u0101r\u012bg\u0101s lieto&scaron;anas produkts.<br \/>Dr\u012bkst lietot b\u0113rni, kas ir<br \/>vec\u0101ki par 3 gadiem.<\/td>\n<\/tr>\n<\/tbody>\n<\/table>\n<p style=\"margin-bottom: 10px;padding: 0px;color: #3a3a3a;font-family: Vardana, sans-serif;font-size: 14px\">&nbsp;<\/p>\n<p style=\"margin-bottom: 10px;padding: 0px;color: #3a3a3a;font-family: Vardana, sans-serif;font-size: 14px\">Levenhuk  740T mikroskops &ndash; trinokul\u0101rais mikroskops, kas sniedz iesp\u0113ju veikt  klasiskos biolo\u0123iskos p\u0113t\u012bjumus un nov\u0113rojumos, izmantot jaunas  tehnolo\u0123ijas. Trinokul\u0101r\u0101 galva rada priek&scaron;nosac\u012bjumu jebkuras digit\u0101las  kameras instal\u0113&scaron;anai, kas ir piem\u0113rota 23.2mm okul\u0101ru caurulei.<\/p>\n<p style=\"margin-bottom: 10px;padding: 0px;color: #3a3a3a;font-family: Vardana, sans-serif;font-size: 14px\">Mikroskops  ir apr\u012bkots ar zem\u0101ka l\u012bme\u0146a apgaismojumu &ndash; tas noz\u012bm\u0113, ka J\u016bs varat  v\u0113rot tikai caurskat\u0101mos mikroskopa paraugus. Gaismas intensit\u0101te ir  regul\u0113jama pla&scaron;\u0101 spektr\u0101. Abes kondensators pastiprin\u0101s gaismas staru un  novirz\u012bs tie&scaron;i uz p\u0113t\u012bjuma rajonu. Mikroskops sniedz iesp\u0113ju veikt  v\u0113rojumus spilgt\u0101 lauka re\u017e\u012bm\u0101. Tas ar\u012b sniedz iesp\u0113ju izmantot e\u013c\u013casjeb  imersijas iegremd\u0113&scaron;anas metodi.<\/p>\n<p style=\"margin-bottom: 10px;padding: 0px;color: #3a3a3a;font-family: Vardana, sans-serif;font-size: 14px\">Pagrie\u017eam\u0101  galva ir rad\u012bta \u010detr\u0101m objekt\u012bva l\u0113c\u0101m. Kombin\u0113jot t\u0101s ar savstarp\u0113ji  aizst\u0101jamiem okul\u0101riem ar da\u017e\u0101du palielin\u0101jumu, J\u016bs varat ieg\u016bt pla&scaron;u  palielin\u0101juma spektru 40x-2000x diapazon\u0101. Visi komplekta okul\u0101ri ir  p\u0101ros.<\/p>\n<p style=\"margin-bottom: 10px;padding: 0px;color: #3a3a3a;font-family: Vardana, sans-serif;font-size: 14px\">Trinokul\u0101r\u0101s  galvas liece ir 45&deg; un to ir iesp\u0113jams pagriezt par 360&deg; ap savu asi.  Tas ir sevi&scaron;\u0137i \u0113rti grupu darbam, kad ir vajadz\u012bga pla&scaron;as auditorijas  pieeja v\u0113rojuma objektam &ndash; Jums ir tikai j\u0101pagrie\u017e mikroskopa galva t\u0101  viet\u0101 lai p\u0101rvietotu visu instrumentu.<\/p>\n<p style=\"margin-bottom: 10px;padding: 0px;color: #3a3a3a;font-family: Vardana, sans-serif;font-size: 14px\">Paraugi  tiek piestiprin\u0101ti prieksmeta galdi\u0146am ar divu \u0113rtu met\u0101la piesprau\u017eu  pal\u012bdz\u012bbu. Priek&scaron;meta galdi\u0146s ir pagrie\u017eams vertik\u0101li un horizont\u0101li,  sniedzot iesp\u0113ju prec\u012bzi noteikt p\u0113t\u012bjuma rajonu un koncentr\u0113ties uz  mazu parauga da\u013cu. Fokus\u0113&scaron;anas meh\u0101nisms sniedz iesp\u0113ju veikt rupjo un  prec\u012bzo regul\u0113&scaron;anu. Vair\u0101kumam amatieru mikroskopu mode\u013cu nav &scaron;\u012bs  \u012bpa&scaron;\u012bbas.<\/p>\n<p style=\"margin-bottom: 10px;padding: 0px;color: #3a3a3a;font-family: Vardana, sans-serif;font-size: 14px\">Mikroskopam ir speci\u0101lais putek\u013cu aizsegs instrumenta \u0113rtai uzglab\u0101&scaron;anai.<\/p>\n<p style=\"margin-bottom: 10px;padding: 0px;color: #3a3a3a;font-family: Vardana, sans-serif;font-size: 14px\"><strong style=\"margin: 0px;padding: 0px\">\u012apa&scaron;\u012bbas:<\/strong><\/p>\n<ul class=\"vikas-list-u\" style=\"margin-right: 0px;margin-bottom: 15px;margin-left: 20px;padding: 0px;color: #3a3a3a;font-family: Vardana, sans-serif;font-size: 14px\">\n<li style=\"margin: 0px;padding: 0px\">Pagrie\u017eama galva 4 objekt\u012bviem<\/li>\n<li style=\"margin: 0px;padding: 0px\">Iegremd\u0113&scaron;anas jeb imersijas e\u013c\u013c\u0101<\/li>\n<li style=\"margin: 0px;padding: 0px\">Abes kondensators ar \u012bris diafragmu un filtru<\/li>\n<li style=\"margin: 0px;padding: 0px\">Trinokul\u0101r\u0101 galva<\/li>\n<li style=\"margin: 0px;padding: 0px\">Iesp\u0113ja piesl\u0113gt digit\u0101lo kameru (nav iek\u013cauta)<\/li>\n<li style=\"margin: 0px;padding: 0px\">Palielin\u0101jums: 40-2000x<\/li>\n<li style=\"margin: 0px;padding: 0px\">Met\u0101la korpuss<\/li>\n<li style=\"margin: 0px;padding: 0px\">LED apgaismojums (spilgtuma regul\u0113&scaron;ana)<\/li>\n<li style=\"margin: 0px;padding: 0px\">\u0112rts prieksmeta galdi\u0146&scaron;, kas ir pagrie\u017eams vertik\u0101li un horizont\u0101li<\/li>\n<li style=\"margin: 0px;padding: 0px\">Rupj&scaron; un sprec\u012bza fokus\u0113&scaron;anas meh\u0101nisms ar kop\u012bgu asi<\/li>\n<\/ul>\n<p style=\"margin-bottom: 10px;padding: 0px;color: #3a3a3a;font-family: Vardana, sans-serif;font-size: 14px\"><strong style=\"margin: 0px;padding: 0px\">Komplekt\u0101 ietilpst:<\/strong><\/p>\n<ul class=\"vikas-list-u\" style=\"margin-right: 0px;margin-bottom: 15px;margin-left: 20px;padding: 0px;color: #3a3a3a;font-family: Vardana, sans-serif;font-size: 14px\">\n<li style=\"margin: 0px;padding: 0px\">Mikroskopa stat\u012bvs ar pamatni<\/li>\n<li style=\"margin: 0px;padding: 0px\">Trinokul\u0101r\u0101 galva<\/li>\n<li style=\"margin: 0px;padding: 0px\">Bezkr\u0101sas objekt\u012bva l\u0113cas: 4x, 10x, 40xs, and 100xs (e\u013c\u013ca)<\/li>\n<li style=\"margin: 0px;padding: 0px\">Okul\u0101ri: WF10x and WFH20x<\/li>\n<li style=\"margin: 0px;padding: 0px\">Filtri (zilais, dzeltenais, za\u013cais)<\/li>\n<li style=\"margin: 0px;padding: 0px\">Pudele iegremd\u0113&scaron;anai e\u013c\u013c\u0101<\/li>\n<li style=\"margin: 0px;padding: 0px\">Aizsegs pret putek\u013ciem<\/li>\n<li style=\"margin: 0px;padding: 0px\">Lietot\u0101ja rokasgr\u0101mata<\/li>\n<li style=\"margin: 0px;padding: 0px\">M\u016b\u017ea garantija<\/li>\n<\/ul>\n<p style=\"margin-bottom: 10px;padding: 0px;color: #3a3a3a;font-family: Vardana, sans-serif;font-size: 14px\"><strong style=\"margin: 0px;padding: 0px\">Uzman\u012bbu:<\/strong>&nbsp;L\u016bgums  skat\u012bties t\u012bkla sprieguma atbilsto&scaron;os r\u0101d\u012bt\u0101jus tabul\u0101 un nekad  nem\u0113\u0123iniet iesl\u0113gt 110 V paredz\u0113to ier\u012bci 220V sprieguma kontaktligzd\u0101,  neizmantojot str\u0101vas p\u0101rveidot\u0101ju. Atcerieties, ka t\u012bkla spriegums ASV  un Kan\u0101d\u0101 ir110V un 220-240V vair\u0101k\u0101s Eiropas valst\u012bs.<\/p>\n<table class=\"table table-bordered\" border=\"0\">\n<thead>\n<tr>\n<td colspan=\"2\"><strong>Atrib\u016bti<\/strong><\/td>\n<\/tr>\n<\/thead>\n<tbody>\n<tr>\n<td>Apgaismojums<\/td>\n<td>LED<\/td>\n<\/tr>\n<tr>\n<td>Baro&scaron;anas avots<\/td>\n<td>220 V\/50 Hz<\/td>\n<\/tr>\n<tr>\n<td>Diafragma<\/td>\n<td>\u012brisa<\/td>\n<\/tr>\n<tr>\n<td>Filtri<\/td>\n<td>j\u0101<\/td>\n<\/tr>\n<tr>\n<td>Fokuss<\/td>\n<td>koaksi\u0101ls rupj\u0101kas un smalk\u0101kas, rupjais: 22 mm, smalkais: 0,002 mm<\/td>\n<\/tr>\n<tr>\n<td>Galva<\/td>\n<td>trinokul\u0101rais, rot\u0113 par 360&deg;, noliektas 45&deg;<\/td>\n<\/tr>\n<tr>\n<td>Iepakojuma izm\u0113ri (GxPxA):<\/td>\n<td>49.0 x 40.0 x 27.0 cm<\/td>\n<\/tr>\n<tr>\n<td>Kondensers<\/td>\n<td>Abbe N.A. 1.25<\/td>\n<\/tr>\n<tr>\n<td>Korpusa materi\u0101ls<\/td>\n<td>alum\u012bnijs<\/td>\n<\/tr>\n<tr>\n<td>Lietojums<\/td>\n<td>Visp\u0101r\u012bg\u0101s lieto&scaron;anas produkts., Dr\u012bkst lietot b\u0113rni, kas ir, vec\u0101ki par 3 gadiem.<\/td>\n<\/tr>\n<tr>\n<td>Objekt\u012bvi<\/td>\n<td>ahromatiski: 4x, 10x, 40xs, 100xs (iegremd\u0113ts e\u013c\u013c\u0101)<\/td>\n<\/tr>\n<tr>\n<td>Okulaara caurules diametrs<\/td>\n<td>23,2 mm<\/td>\n<\/tr>\n<tr>\n<td>Okul\u0101ri<\/td>\n<td>WF10x\/18 mm, H20x<\/td>\n<\/tr>\n<tr>\n<td>Optikas materi\u0101ls<\/td>\n<td>optiskais stikls<\/td>\n<\/tr>\n<tr>\n<td>Palielin\u0101jums<\/td>\n<td>40&ndash;2000 x<\/td>\n<\/tr>\n<tr>\n<td>Papildu<\/td>\n<td>okul\u0101ru caurules garums: 160mm<\/td>\n<\/tr>\n<tr>\n<td>Priek&scaron;met-plaukti\u0146a, kust\u012bbas diapazons, izmantojot fokus\u0113&scaron;anas<\/td>\n<td>vertik\u0101li: 50 mm;, horizont\u0101li: 75 mm mm<\/td>\n<\/tr>\n<tr>\n<td>Priek&scaron;met-plaukti\u0146&scaron;<\/td>\n<td>140\u0445130, divu sl\u0101\u0146u meh\u0101niskais priek&scaron;meta galdi\u0146&scaron;  ar koordin\u0101tu skalu  un piespraudi mm<\/td>\n<\/tr>\n<tr>\n<td>Ra\u017eot\u0101ja valsts<\/td>\n<td>PRC, controlled by Levenhuk, Inc. (USA)<\/td>\n<\/tr>\n<tr>\n<td>Spilgtuma regul\u0113&scaron;ana<\/td>\n<td>\u0435\u0441\u0442\u044c<\/td>\n<\/tr>\n<tr>\n<td>Svars<\/td>\n<td>5.68 kg<\/td>\n<\/tr>\n<tr>\n<td>\u0422\u0438\u043f \u043b\u0430\u043c\u043f\u044b \u043f\u043e\u0434\u0441\u0432\u0435\u0442\u043a\u0438<\/td>\n<td>LED 0,5 W<\/td>\n<\/tr>\n<\/tbody>\n<\/table>\n<p style=\"margin-bottom: 10px;padding: 0px;color: #3a3a3a;font-family: Vardana, sans-serif;font-size: 14px\">&nbsp;<\/p>\n<table class=\"table table-bordered\" border=\"0\">\n<thead>\n<tr>\n<td colspan=\"2\"><\/td>\n<\/tr>\n<\/thead>\n<tbody>\n<tr>\n<td><\/td>\n<td><\/td>\n<\/tr>\n<tr>\n<td><\/td>\n<td><\/td>\n<\/tr>\n<tr>\n<td><\/td>\n<td><\/td>\n<\/tr>\n<tr>\n<td><\/td>\n<td><\/td>\n<\/tr>\n<tr>\n<td><\/td>\n<td><\/td>\n<\/tr>\n<tr>\n<td><\/td>\n<td><\/td>\n<\/tr>\n<tr>\n<td><\/td>\n<td><\/td>\n<\/tr>\n<tr>\n<td><\/td>\n<td><\/td>\n<\/tr>\n<tr>\n<td><\/td>\n<td><\/td>\n<\/tr>\n<tr>\n<td><\/td>\n<td><\/td>\n<\/tr>\n<tr>\n<td><\/td>\n<td><\/td>\n<\/tr>\n<tr>\n<td><\/td>\n<td><\/td>\n<\/tr>\n<tr>\n<td><\/td>\n<td><\/td>\n<\/tr>\n<tr>\n<td><\/td>\n<td><\/td>\n<\/tr>\n<tr>\n<td><\/td>\n<td><\/td>\n<\/tr>\n<tr>\n<td><\/td>\n<td><\/td>\n<\/tr>\n<tr>\n<td><\/td>\n<td><\/td>\n<\/tr>\n<tr>\n<td><\/td>\n<td><\/td>\n<\/tr>\n<tr>\n<td><\/td>\n<td><\/td>\n<\/tr>\n<tr>\n<td><\/td>\n<td><\/td>\n<\/tr>\n<tr>\n<td><\/td>\n<td><\/td>\n<\/tr>\n<tr>\n<td><\/td>\n<td><\/td>\n<\/tr>\n<\/tbody>\n<\/table>\n<p style=\"margin-bottom: 10px;padding: 0px;color: #3a3a3a;font-size: 14px\">&nbsp;<\/p>\n","protected":false},"excerpt":{"rendered":"<p>Specifik\u0101cijas Galva trinokul\u0101rais, rot\u0113 par 360&deg;, noliektas 45&deg; Optikas materi\u0101li optiskais stikls Palielin\u0101jums, x 40&ndash;2000 Okulaara caurules diametrs, mm 23,2 Okul\u0101ri WF10x\/18 mm, WFH20x Objekt\u012bvi ahromatiski: 4x, 10x, 40xs, 100xs (iegremd\u0113ts e\u013c\u013c\u0101) Priek&scaron;met-plaukti\u0146&scaron;, mm 140\u0445130, divu sl\u0101\u0146u meh\u0101niskais priek&scaron;meta galdi\u0146&scaron; ar koordin\u0101tu skalu un piespraudi Priek&scaron;met-plaukti\u0146a, kust\u012bbas diapazons, izmantojot fokus\u0113&scaron;anas meh\u0101nismu, mm vertik\u0101li: 50 mm;horizont\u0101li: [&hellip;]<\/p>\n","protected":false},"featured_media":73205,"template":"","meta":[],"product_brand":[3372],"product_cat":[4938,4969],"product_tag":[],"class_list":{"0":"post-79521","1":"product","2":"type-product","3":"status-publish","4":"has-post-thumbnail","6":"product_brand-levenhuk","7":"product_cat-optics-recreation","8":"product_cat-microscopes-optics-recreation","10":"first","11":"instock","12":"shipping-taxable","13":"purchasable","14":"product-type-simple"},"_links":{"self":[{"href":"https:\/\/sezona.lv\/en\/wp-json\/wp\/v2\/product\/79521","targetHints":{"allow":["GET"]}}],"collection":[{"href":"https:\/\/sezona.lv\/en\/wp-json\/wp\/v2\/product"}],"about":[{"href":"https:\/\/sezona.lv\/en\/wp-json\/wp\/v2\/types\/product"}],"wp:featuredmedia":[{"embeddable":true,"href":"https:\/\/sezona.lv\/en\/wp-json\/wp\/v2\/media\/73205"}],"wp:attachment":[{"href":"https:\/\/sezona.lv\/en\/wp-json\/wp\/v2\/media?parent=79521"}],"wp:term":[{"taxonomy":"product_brand","embeddable":true,"href":"https:\/\/sezona.lv\/en\/wp-json\/wp\/v2\/product_brand?post=79521"},{"taxonomy":"product_cat","embeddable":true,"href":"https:\/\/sezona.lv\/en\/wp-json\/wp\/v2\/product_cat?post=79521"},{"taxonomy":"product_tag","embeddable":true,"href":"https:\/\/sezona.lv\/en\/wp-json\/wp\/v2\/product_tag?post=79521"}],"curies":[{"name":"wp","href":"https:\/\/api.w.org\/{rel}","templated":true}]}}