{"id":79526,"date":"2025-07-14T15:41:33","date_gmt":"2025-07-14T12:41:33","guid":{"rendered":"https:\/\/demo8.ecube.lv\/sezona.lv\/products\/apavu-un-cimdu-zavetajs-osma-blow-elegance-10-pariem\/"},"modified":"2025-07-14T15:41:33","modified_gmt":"2025-07-14T12:41:33","slug":"apavu-un-cimdu-zavetajs-osma-blow-elegance-10-pariem","status":"publish","type":"product","link":"https:\/\/sezona.lv\/en\/products\/apavu-un-cimdu-zavetajs-osma-blow-elegance-10-pariem\/","title":{"rendered":"Apavu un cimdu \u017e\u0101v\u0113t\u0101js OSMA Blow &#8220;Elegance&#8221; 10 p\u0101riem"},"content":{"rendered":"<p>\u017d\u0101v\u0113&scaron;ana notiek ar apsild\u0101miem rokturiem un silt\u0101 gaisa pl\u016bsmu.<\/p>\n<p>M\u016bsdien\u012bga dizaina OSMA \u017e\u0101v\u0113&scaron;anas pane\u013ci &bdquo;Elegance&ldquo; nodro&scaron;ina \u0113rtu apavu \u017e\u0101v\u0113&scaron;anu \u012bs\u0101 laik\u0101.<br \/>BLOW s\u0113rijas \u017e\u0101v\u0113t\u0101jos siltais gaiss izpl\u016bstot pa atver\u0113m rokturu galos, kas da\u017eu stundu laik\u0101<br \/>iz\u017e\u0101v\u0113s ar\u012b stipri samirku&scaron;us apavus. Izliekt\u0101 rokturu forma \u013cauj viegli iz\u017e\u0101v\u0113t darba apavus, sporta<br \/>un b\u0113rnu ziemas apavus.<br \/>Apavu \u017e\u0101v\u0113&scaron;ana ir maksim\u0101li efekt\u012bva, kad apavu purngali ir v\u0113rsti uz aug&scaron;u. &Scaron;\u0101di \u017e\u0101v\u0113jot apavus<br \/>tiek nov\u0113rsta ar\u012b to deform\u0101cija. Pane\u013ca priek&scaron;\u0113j\u0101 virsma ir gluda un viegli t\u012br\u0101ma. CE sertific\u0113ts.<\/p>\n<p><strong>Priek&scaron;roc\u012bbas<\/strong><br \/>&bull; Viegli izvietot ziemas apavus un sporta<br \/>z\u0101bakus;<br \/>&bull; \u0112rta un \u0101tra \u017e\u0101v\u0113&scaron;ana;<br \/>&bull; Viegli t\u012br\u0101ma iek\u0101rta;<br \/>&bull; Program\u0113jams 24 stundu taimeris.<br \/><strong>Papildus apr\u012bkojums<\/strong><br \/>&bull; Izgaismots iesl\u0113g&scaron;an\u0101s sl\u0113dzis;<br \/>&bull; 4 h vai 6 h taimeris;<br \/>&bull; Cimdu adapteris;<br \/>&bull; Dezinfekcija ar UV gaismu;<br \/>&bull; PHI Clean Air (smaku no\u0146em&scaron;ana un<br \/>dezinfekcija).<br \/><strong>Tehnisk\u0101 inform\u0101cija<\/strong><br \/>&bull; Elektr: 230V~\/50Hz (Euro plug);<br \/>&bull; Ra\u017eots no augstas kvalit\u0101tes<br \/>ner\u016bs\u0113jos\u0101 t\u0113rauda;<br \/>&bull; 24 h taimeris;<br \/>&bull; Bezapkopes radi\u0101lais ventilators;<\/p>\n<address>* Augstums (mm): 1815<br \/><\/address>\n<address>* Platums (mm):585<\/address>\n<address>* Dzi\u013cums (mm): 380<br \/><\/address>\n<address>* Svars (kg): 31<br \/><\/address>\n<p>*Ener\u0123ijas pat\u0113ri\u0146&scaron; (W): 210<\/p>\n","protected":false},"excerpt":{"rendered":"<p>\u017d\u0101v\u0113&scaron;ana notiek ar apsild\u0101miem rokturiem un silt\u0101 gaisa pl\u016bsmu. M\u016bsdien\u012bga dizaina OSMA \u017e\u0101v\u0113&scaron;anas pane\u013ci &bdquo;Elegance&ldquo; nodro&scaron;ina \u0113rtu apavu \u017e\u0101v\u0113&scaron;anu \u012bs\u0101 laik\u0101.BLOW s\u0113rijas \u017e\u0101v\u0113t\u0101jos siltais gaiss izpl\u016bstot pa atver\u0113m rokturu galos, kas da\u017eu stundu laik\u0101iz\u017e\u0101v\u0113s ar\u012b stipri samirku&scaron;us apavus. Izliekt\u0101 rokturu forma \u013cauj viegli iz\u017e\u0101v\u0113t darba apavus, sportaun b\u0113rnu ziemas apavus.Apavu \u017e\u0101v\u0113&scaron;ana ir maksim\u0101li efekt\u012bva, kad [&hellip;]<\/p>\n","protected":false},"featured_media":0,"template":"","meta":[],"product_brand":[],"product_cat":[4582,4615,4640],"product_tag":[],"class_list":{"0":"post-79526","1":"product","2":"type-product","3":"status-publish","5":"product_cat-shoe-dryers-winter-boots","6":"product_cat-winter-boots-recreation","7":"product_cat-recreation","9":"first","10":"instock","11":"shipping-taxable","12":"purchasable","13":"product-type-simple"},"_links":{"self":[{"href":"https:\/\/sezona.lv\/en\/wp-json\/wp\/v2\/product\/79526","targetHints":{"allow":["GET"]}}],"collection":[{"href":"https:\/\/sezona.lv\/en\/wp-json\/wp\/v2\/product"}],"about":[{"href":"https:\/\/sezona.lv\/en\/wp-json\/wp\/v2\/types\/product"}],"wp:attachment":[{"href":"https:\/\/sezona.lv\/en\/wp-json\/wp\/v2\/media?parent=79526"}],"wp:term":[{"taxonomy":"product_brand","embeddable":true,"href":"https:\/\/sezona.lv\/en\/wp-json\/wp\/v2\/product_brand?post=79526"},{"taxonomy":"product_cat","embeddable":true,"href":"https:\/\/sezona.lv\/en\/wp-json\/wp\/v2\/product_cat?post=79526"},{"taxonomy":"product_tag","embeddable":true,"href":"https:\/\/sezona.lv\/en\/wp-json\/wp\/v2\/product_tag?post=79526"}],"curies":[{"name":"wp","href":"https:\/\/api.w.org\/{rel}","templated":true}]}}