{"id":79544,"date":"2025-07-14T15:41:48","date_gmt":"2025-07-14T12:41:48","guid":{"rendered":"https:\/\/demo8.ecube.lv\/sezona.lv\/products\/apavu-un-cimdu-zavetajs-osma-water-5-pariem\/"},"modified":"2025-07-14T15:41:48","modified_gmt":"2025-07-14T12:41:48","slug":"apavu-un-cimdu-zavetajs-osma-water-5-pariem","status":"publish","type":"product","link":"https:\/\/sezona.lv\/en\/products\/apavu-un-cimdu-zavetajs-osma-water-5-pariem\/","title":{"rendered":"Apavu un cimdu \u017e\u0101v\u0113t\u0101js OSMA Water 5 p\u0101riem"},"content":{"rendered":"<p>\u017d\u0101v\u0113&scaron;ana notiek ar apkures sit\u0113mas silto \u016bdeni.<\/p>\n<p>Augstas kvalit\u0101tes t\u0113rauda pane\u013ci ir paredz\u0113ti apavu un cimdu \u017e\u0101v\u0113&scaron;anai ar centr\u0101lapkures silto<br \/>\u016bdeni. &Scaron;o pane\u013cu pielietojums ir \u0113rts un izdev\u012bgs viet\u0101s, kur ir iesp\u0113jams &scaron;\u0101ds piesl\u0113gums pie<br \/>centr\u0101lapkures sist\u0113mas un apavu \u017e\u0101v\u0113&scaron;ana galvenok\u0101rt ir nepiecie&scaron;ama apkures sezonas<br \/>m\u0113ne&scaron;os.<br \/>Zems ener\u0123ijas pat\u0113ri\u0146&scaron;, k\u0101 ar\u012b zems remonta iesp\u0113jam\u012bbas risks pamato &scaron;o \u017e\u0101v\u0113&scaron;anas sist\u0113mas<br \/>uzst\u0101d\u012b&scaron;anu. Pane\u013ca priek&scaron;\u0113j\u0101 virsma ir gluda un viegli t\u012br\u0101ma.<\/p>\n<p>Ra\u017eot\u0101js- OSMA TrockNERsysteme GmbH (Austrija).<\/p>\n<p><strong>Tehnisk\u0101 inform\u0101cija<\/strong><br \/>&bull; Piesl\u0113gums pie centr\u0101lapkures<br \/>sist\u0113mas;<br \/>&bull; Ra\u017eots no augstas kvalit\u0101tes<br \/>ner\u016bs\u0113jos\u0101 t\u0113rauda;<\/p>\n<address>* Augstums (mm): 1640<br \/><\/address>\n<address>* Platums (mm): 340<br \/><\/address>\n<address>* Dzi\u013cums (mm): 380<br \/><\/address>\n<address>* Svars (kg): 15<br \/><\/address>\n<address>* Apr\u0113\u0137in\u0101tais ener\u0123ijas pat\u0113ri\u0146&scaron; (W): 500<br \/><\/address>\n<address>* Apr\u0113\u0137in\u0101t\u0101 temperat\u016bras ieeja\/izeja (C): 55\/50<br \/><\/address>\n<p>* Att\u0101lums starp caurul\u0113m (mm): 160<\/p>\n","protected":false},"excerpt":{"rendered":"<p>\u017d\u0101v\u0113&scaron;ana notiek ar apkures sit\u0113mas silto \u016bdeni. Augstas kvalit\u0101tes t\u0113rauda pane\u013ci ir paredz\u0113ti apavu un cimdu \u017e\u0101v\u0113&scaron;anai ar centr\u0101lapkures silto\u016bdeni. &Scaron;o pane\u013cu pielietojums ir \u0113rts un izdev\u012bgs viet\u0101s, kur ir iesp\u0113jams &scaron;\u0101ds piesl\u0113gums piecentr\u0101lapkures sist\u0113mas un apavu \u017e\u0101v\u0113&scaron;ana galvenok\u0101rt ir nepiecie&scaron;ama apkures sezonasm\u0113ne&scaron;os.Zems ener\u0123ijas pat\u0113ri\u0146&scaron;, k\u0101 ar\u012b zems remonta iesp\u0113jam\u012bbas risks pamato &scaron;o \u017e\u0101v\u0113&scaron;anas sist\u0113masuzst\u0101d\u012b&scaron;anu. [&hellip;]<\/p>\n","protected":false},"featured_media":0,"template":"","meta":[],"product_brand":[],"product_cat":[4582,4615,4640],"product_tag":[],"class_list":{"0":"post-79544","1":"product","2":"type-product","3":"status-publish","5":"product_cat-shoe-dryers-winter-boots","6":"product_cat-winter-boots-recreation","7":"product_cat-recreation","9":"first","10":"instock","11":"shipping-taxable","12":"purchasable","13":"product-type-simple"},"_links":{"self":[{"href":"https:\/\/sezona.lv\/en\/wp-json\/wp\/v2\/product\/79544","targetHints":{"allow":["GET"]}}],"collection":[{"href":"https:\/\/sezona.lv\/en\/wp-json\/wp\/v2\/product"}],"about":[{"href":"https:\/\/sezona.lv\/en\/wp-json\/wp\/v2\/types\/product"}],"wp:attachment":[{"href":"https:\/\/sezona.lv\/en\/wp-json\/wp\/v2\/media?parent=79544"}],"wp:term":[{"taxonomy":"product_brand","embeddable":true,"href":"https:\/\/sezona.lv\/en\/wp-json\/wp\/v2\/product_brand?post=79544"},{"taxonomy":"product_cat","embeddable":true,"href":"https:\/\/sezona.lv\/en\/wp-json\/wp\/v2\/product_cat?post=79544"},{"taxonomy":"product_tag","embeddable":true,"href":"https:\/\/sezona.lv\/en\/wp-json\/wp\/v2\/product_tag?post=79544"}],"curies":[{"name":"wp","href":"https:\/\/api.w.org\/{rel}","templated":true}]}}