{"id":79549,"date":"2025-07-14T15:41:52","date_gmt":"2025-07-14T12:41:52","guid":{"rendered":"https:\/\/demo8.ecube.lv\/sezona.lv\/products\/apavu-un-cimdu-zavetajs-osma-family-4-pariem\/"},"modified":"2025-07-14T15:41:52","modified_gmt":"2025-07-14T12:41:52","slug":"apavu-un-cimdu-zavetajs-osma-family-4-pariem","status":"publish","type":"product","link":"https:\/\/sezona.lv\/en\/products\/apavu-un-cimdu-zavetajs-osma-family-4-pariem\/","title":{"rendered":"Apavu un cimdu \u017e\u0101v\u0113t\u0101js OSMA Family 4 p\u0101riem"},"content":{"rendered":"<p><span style=\"left: 94.4px;top: 156.88px;font-size: 20px;font-family: sans-serif\">Family 4- \u017e\u0101v\u0113&scaron;ana notiek ar apsild\u0101miem rokturiem un silt\u0101 gaisa pl\u016bsmu.<\/span><\/p>\n<p>OSMA apavu \u017eav\u0113t\u0101ju Family 4 s\u0113rij\u0101 paredz\u0113ta apavu un cimdu \u017e\u0101v\u0113&scaron;anai nelieliem apjomiem,<br \/>lieto&scaron;anai m\u0101jsaimiec\u012bb\u0101. Izliekt\u0101 rokturu forma \u013cauj viegli iz\u017e\u0101v\u0113t darba apavus, sporta un b\u0113rnu<br \/>ziemas apavus.<br \/>Apavu \u017e\u0101v\u0113&scaron;ana ir maksim\u0101li efekt\u012bva, kad apavu purngali ir v\u0113rsti uz aug&scaron;u. &Scaron;\u0101di \u017e\u0101v\u0113jot apavus<br \/>tiek nov\u0113rsta ar\u012b to deform\u0101cija. Pane\u013ca priek&scaron;\u0113j\u0101 virsma ir gluda un viegli t\u012br\u0101ma. CE sertific\u0113ts.<\/p>\n<p>Ra\u017eot\u0101js- OSMA TrockNERsysteme GmbH (Austrija).<\/p>\n<p><strong>Priek&scaron;roc\u012bbas<\/strong><br \/>&bull; Viegli izvietot ziemas z\u0101bakus un<br \/>sporta apavus;<br \/>&bull; \u0112rta un \u0101tra \u017e\u0101v\u0113&scaron;ana;<br \/>&bull; Viegli t\u012br\u0101ma iek\u0101rta;<br \/>&bull; Program\u0113jams 24 stundu taimeris;<br \/>&bull; 8 rokturiem ir speci\u0101li izstr\u0101d\u0101ta<br \/>izpl\u016bdes sist\u0113ma.<br \/><strong>Papildus apr\u012bkojums<\/strong><br \/>&bull; Izgaismots iesl\u0113g&scaron;an\u0101s sl\u0113dzis;<br \/>&bull; 6 h taimeris;<br \/>&bull; Cimdu adapteris;<br \/>&bull; Stat\u012bvs br\u012bvai novieto&scaron;anai uz gr\u012bdas.<br \/><strong>Tehnisk\u0101 inform\u0101cija<\/strong><br \/>&bull; Elektr: 230V~\/50Hz (Euro plug);<br \/>&bull; Ra\u017eots no augstas kvalit\u0101tes<br \/>ner\u016bs\u0113jos\u0101 t\u0113rauda;<br \/>&bull; 24 h taimeris;<br \/>&bull; Radi\u0101lais ventilators (iz\u0146emot Family4<br \/>WARM modeli).<br \/>&bull; 4 h stundu taimeris.<\/p>\n<p><span style=\"left: 833.4px;top: 156.88px;font-size: 20px;font-family: sans-serif\"><span style=\"left: 755.015px;top: 308.122px;font-size: 18.4px;font-family: sans-serif\"><\/span><\/span><\/p>\n<address>* Augstums (mm): 660<br \/><\/address>\n<address>* Platums (mm): 580<br \/><\/address>\n<address>* Dzi\u013cums (mm): 370<br \/><\/address>\n<address>* Svars (kg): 15<br \/><\/address>\n<p>* Ener\u0123ijas pat\u0113ri\u0146&scaron; (W): 130<\/p>\n","protected":false},"excerpt":{"rendered":"<p>Family 4- \u017e\u0101v\u0113&scaron;ana notiek ar apsild\u0101miem rokturiem un silt\u0101 gaisa pl\u016bsmu. OSMA apavu \u017eav\u0113t\u0101ju Family 4 s\u0113rij\u0101 paredz\u0113ta apavu un cimdu \u017e\u0101v\u0113&scaron;anai nelieliem apjomiem,lieto&scaron;anai m\u0101jsaimiec\u012bb\u0101. Izliekt\u0101 rokturu forma \u013cauj viegli iz\u017e\u0101v\u0113t darba apavus, sporta un b\u0113rnuziemas apavus.Apavu \u017e\u0101v\u0113&scaron;ana ir maksim\u0101li efekt\u012bva, kad apavu purngali ir v\u0113rsti uz aug&scaron;u. &Scaron;\u0101di \u017e\u0101v\u0113jot apavustiek nov\u0113rsta ar\u012b to deform\u0101cija. [&hellip;]<\/p>\n","protected":false},"featured_media":0,"template":"","meta":[],"product_brand":[],"product_cat":[4582,4615,4640],"product_tag":[],"class_list":{"0":"post-79549","1":"product","2":"type-product","3":"status-publish","5":"product_cat-shoe-dryers-winter-boots","6":"product_cat-winter-boots-recreation","7":"product_cat-recreation","9":"first","10":"instock","11":"shipping-taxable","12":"purchasable","13":"product-type-simple"},"_links":{"self":[{"href":"https:\/\/sezona.lv\/en\/wp-json\/wp\/v2\/product\/79549","targetHints":{"allow":["GET"]}}],"collection":[{"href":"https:\/\/sezona.lv\/en\/wp-json\/wp\/v2\/product"}],"about":[{"href":"https:\/\/sezona.lv\/en\/wp-json\/wp\/v2\/types\/product"}],"wp:attachment":[{"href":"https:\/\/sezona.lv\/en\/wp-json\/wp\/v2\/media?parent=79549"}],"wp:term":[{"taxonomy":"product_brand","embeddable":true,"href":"https:\/\/sezona.lv\/en\/wp-json\/wp\/v2\/product_brand?post=79549"},{"taxonomy":"product_cat","embeddable":true,"href":"https:\/\/sezona.lv\/en\/wp-json\/wp\/v2\/product_cat?post=79549"},{"taxonomy":"product_tag","embeddable":true,"href":"https:\/\/sezona.lv\/en\/wp-json\/wp\/v2\/product_tag?post=79549"}],"curies":[{"name":"wp","href":"https:\/\/api.w.org\/{rel}","templated":true}]}}