{"id":79551,"date":"2025-07-14T15:41:54","date_gmt":"2025-07-14T12:41:54","guid":{"rendered":"https:\/\/demo8.ecube.lv\/sezona.lv\/products\/cimdu-adapteris-osma-apavu-zavetajiem\/"},"modified":"2025-07-14T15:41:54","modified_gmt":"2025-07-14T12:41:54","slug":"cimdu-adapteris-osma-apavu-zavetajiem","status":"publish","type":"product","link":"https:\/\/sezona.lv\/en\/products\/cimdu-adapteris-osma-apavu-zavetajiem\/","title":{"rendered":"Cimdu adapteris OSMA apavu \u017e\u0101v\u0113t\u0101jiem"},"content":{"rendered":"<p>Jaunie cimdu \u017e\u0101v\u0113&scaron;anas adapteri ir lielisks risin\u0101jums mitru un slapju cimdu \u017e\u0101v\u0113&scaron;anai.<\/p>\n<p>Elast\u012bgie adapteri ar groz\u0101miem pirkstiem ir lieliski ja nepiecie&scaron;ams  iz\u017e\u0101v\u0113t da\u017e\u0101da tipa cimdus! OSMA cimdu \u017e\u0101v\u0113t\u0101ji&nbsp;samazina \u017e\u016b&scaron;anas  laiku&nbsp;un&nbsp;\u017e\u0101v\u0113 cimdus saudz\u012bgi!<\/p>\n<p>Siltais gaiss pl\u016bst tie&scaron;i l\u012bdz pirkstgaliem,&nbsp;kustin\u0101mi pirksti \u013cauj \u0113rti pozicion\u0113t cimdus.<br \/> Regul\u0113jam\u0101 piltuve notur siltumu iek&scaron;\u0101 cimd\u0101, bet mitrums tiek izvad\u012bts \u0101r\u0101 caur piltuves spraug\u0101m.<\/p>\n<p>Cimdu adapteri ir&nbsp;izgatavoti no iztur\u012bga poliam\u012bda un elast\u012bg\u0101 PVC caurule \u013cauj \u0113rti uzst\u0101d\u012bt adapteri OSMA apavu \u017e\u0101v\u0113t\u0101jiem.<br \/> Paredz\u0113ti tikai OSMA BLOW &amp; VACU apavu \u017e\u0101v\u0113t\u0101jiem.<\/p>\n<p>* Platums (mm): 150<\/p>\n<p>* Svars (kg): 500g p\u0101ris<\/p>\n<p>* Kr\u0101sa: Melns<\/p>\n","protected":false},"excerpt":{"rendered":"<p>Jaunie cimdu \u017e\u0101v\u0113&scaron;anas adapteri ir lielisks risin\u0101jums mitru un slapju cimdu \u017e\u0101v\u0113&scaron;anai. Elast\u012bgie adapteri ar groz\u0101miem pirkstiem ir lieliski ja nepiecie&scaron;ams iz\u017e\u0101v\u0113t da\u017e\u0101da tipa cimdus! OSMA cimdu \u017e\u0101v\u0113t\u0101ji&nbsp;samazina \u017e\u016b&scaron;anas laiku&nbsp;un&nbsp;\u017e\u0101v\u0113 cimdus saudz\u012bgi! Siltais gaiss pl\u016bst tie&scaron;i l\u012bdz pirkstgaliem,&nbsp;kustin\u0101mi pirksti \u013cauj \u0113rti pozicion\u0113t cimdus. Regul\u0113jam\u0101 piltuve notur siltumu iek&scaron;\u0101 cimd\u0101, bet mitrums tiek izvad\u012bts \u0101r\u0101 caur [&hellip;]<\/p>\n","protected":false},"featured_media":0,"template":"","meta":[],"product_brand":[],"product_cat":[4582,4615,4640],"product_tag":[],"class_list":{"0":"post-79551","1":"product","2":"type-product","3":"status-publish","5":"product_cat-shoe-dryers-winter-boots","6":"product_cat-winter-boots-recreation","7":"product_cat-recreation","9":"first","10":"instock","11":"shipping-taxable","12":"purchasable","13":"product-type-simple"},"_links":{"self":[{"href":"https:\/\/sezona.lv\/en\/wp-json\/wp\/v2\/product\/79551","targetHints":{"allow":["GET"]}}],"collection":[{"href":"https:\/\/sezona.lv\/en\/wp-json\/wp\/v2\/product"}],"about":[{"href":"https:\/\/sezona.lv\/en\/wp-json\/wp\/v2\/types\/product"}],"wp:attachment":[{"href":"https:\/\/sezona.lv\/en\/wp-json\/wp\/v2\/media?parent=79551"}],"wp:term":[{"taxonomy":"product_brand","embeddable":true,"href":"https:\/\/sezona.lv\/en\/wp-json\/wp\/v2\/product_brand?post=79551"},{"taxonomy":"product_cat","embeddable":true,"href":"https:\/\/sezona.lv\/en\/wp-json\/wp\/v2\/product_cat?post=79551"},{"taxonomy":"product_tag","embeddable":true,"href":"https:\/\/sezona.lv\/en\/wp-json\/wp\/v2\/product_tag?post=79551"}],"curies":[{"name":"wp","href":"https:\/\/api.w.org\/{rel}","templated":true}]}}