{"id":79555,"date":"2025-07-14T15:41:57","date_gmt":"2025-07-14T12:41:57","guid":{"rendered":"https:\/\/demo8.ecube.lv\/sezona.lv\/products\/apavu-zavetajs-osma-wrs-5-2-5-pariem\/"},"modified":"2025-07-14T15:41:57","modified_gmt":"2025-07-14T12:41:57","slug":"apavu-zavetajs-osma-wrs-5-2-5-pariem","status":"publish","type":"product","link":"https:\/\/sezona.lv\/en\/products\/apavu-zavetajs-osma-wrs-5-2-5-pariem\/","title":{"rendered":"Apavu \u017e\u0101v\u0113t\u0101js OSMA WRS 5 2,5 p\u0101riem"},"content":{"rendered":"<div class=\"woocommerce-product-details__short-description\">\n<p>OSMA WRS modul\u0101r\u0101s caurules apavu \u017e\u0101v\u0113&scaron;anai:<\/p>\n<ul>\n<li>\u0112rti savienot nepiecie&scaron;amo skaitu apavu \u017e\u0101v\u0113&scaron;anai;<\/li>\n<li>apkures sist\u0113mas izmanto&scaron;ana apavu \u017e\u0101v\u0113&scaron;anai;<\/li>\n<li>vienlaic\u012bgi apsilda telpu.<\/li>\n<\/ul>\n<div>\n<p>Apavu un cimdu \u017e\u0101v\u0113t\u0101js OSMA WRS&nbsp; \u017e\u0101v\u0113&scaron;ana notiek ar apkures sit\u0113mas silto \u016bdeni.<\/p>\n<p>&Scaron;\u012bm \u012bpa&scaron;aj\u0101m cauru\u013cu spol\u0113m ir pastiprin\u0101ta muguras siena. Caurules  ir izgatavotas no augstas kvalit\u0101tes t\u0113rauda V&sup2;A, saliekamas mont\u0101\u017eai uz  sienas, ieskaitot mont\u0101\u017eas komplektu (iz\u0146emot savienot\u0101jelementu-  j\u0101pas\u016bta papildus). Atsevi&scaron;\u0137ie modu\u013ci var b\u016bt savstarp\u0113ji savienoti,  t\u0101d\u0113\u013c ir viegli apvienot da\u017e\u0101dus izm\u0113rus.<\/p>\n<p>Ra\u017eots Austrij\u0101. CE sertific\u0113ts.<\/p>\n<\/div>\n<\/div>\n","protected":false},"excerpt":{"rendered":"<p>OSMA WRS modul\u0101r\u0101s caurules apavu \u017e\u0101v\u0113&scaron;anai: \u0112rti savienot nepiecie&scaron;amo skaitu apavu \u017e\u0101v\u0113&scaron;anai; apkures sist\u0113mas izmanto&scaron;ana apavu \u017e\u0101v\u0113&scaron;anai; vienlaic\u012bgi apsilda telpu. Apavu un cimdu \u017e\u0101v\u0113t\u0101js OSMA WRS&nbsp; \u017e\u0101v\u0113&scaron;ana notiek ar apkures sit\u0113mas silto \u016bdeni. &Scaron;\u012bm \u012bpa&scaron;aj\u0101m cauru\u013cu spol\u0113m ir pastiprin\u0101ta muguras siena. Caurules ir izgatavotas no augstas kvalit\u0101tes t\u0113rauda V&sup2;A, saliekamas mont\u0101\u017eai uz sienas, ieskaitot mont\u0101\u017eas [&hellip;]<\/p>\n","protected":false},"featured_media":0,"template":"","meta":[],"product_brand":[],"product_cat":[4582,4615,4640],"product_tag":[],"class_list":{"0":"post-79555","1":"product","2":"type-product","3":"status-publish","5":"product_cat-shoe-dryers-winter-boots","6":"product_cat-winter-boots-recreation","7":"product_cat-recreation","9":"first","10":"instock","11":"shipping-taxable","12":"purchasable","13":"product-type-simple"},"_links":{"self":[{"href":"https:\/\/sezona.lv\/en\/wp-json\/wp\/v2\/product\/79555","targetHints":{"allow":["GET"]}}],"collection":[{"href":"https:\/\/sezona.lv\/en\/wp-json\/wp\/v2\/product"}],"about":[{"href":"https:\/\/sezona.lv\/en\/wp-json\/wp\/v2\/types\/product"}],"wp:attachment":[{"href":"https:\/\/sezona.lv\/en\/wp-json\/wp\/v2\/media?parent=79555"}],"wp:term":[{"taxonomy":"product_brand","embeddable":true,"href":"https:\/\/sezona.lv\/en\/wp-json\/wp\/v2\/product_brand?post=79555"},{"taxonomy":"product_cat","embeddable":true,"href":"https:\/\/sezona.lv\/en\/wp-json\/wp\/v2\/product_cat?post=79555"},{"taxonomy":"product_tag","embeddable":true,"href":"https:\/\/sezona.lv\/en\/wp-json\/wp\/v2\/product_tag?post=79555"}],"curies":[{"name":"wp","href":"https:\/\/api.w.org\/{rel}","templated":true}]}}