{"id":79556,"date":"2025-07-14T15:41:58","date_gmt":"2025-07-14T12:41:58","guid":{"rendered":"https:\/\/demo8.ecube.lv\/sezona.lv\/products\/mobilais-ramis-osma-mo-200-apavu-zavetajiem-blow-warm\/"},"modified":"2025-07-14T15:41:58","modified_gmt":"2025-07-14T12:41:58","slug":"mobilais-ramis-osma-mo-200-apavu-zavetajiem-blow-warm","status":"publish","type":"product","link":"https:\/\/sezona.lv\/en\/products\/mobilais-ramis-osma-mo-200-apavu-zavetajiem-blow-warm\/","title":{"rendered":"Mobilais r\u0101mis OSMA MO 200 apavu \u017e\u0101v\u0113t\u0101jiem Blow\/Warm"},"content":{"rendered":"<p>R\u0101mis paredz\u0113ts OSMA apavu \u017e\u0101v\u0113t\u0101jiem WARM un BLOW no 4 l\u012bdz 21 p\u0101rim. \u017d\u0101v\u0113t\u0101ja mont\u0101\u017ea&nbsp;gan vien\u0101 , gan ab\u0101s pus\u0113s.<\/p>\n","protected":false},"excerpt":{"rendered":"<p>R\u0101mis paredz\u0113ts OSMA apavu \u017e\u0101v\u0113t\u0101jiem WARM un BLOW no 4 l\u012bdz 21 p\u0101rim. \u017d\u0101v\u0113t\u0101ja mont\u0101\u017ea&nbsp;gan vien\u0101 , gan ab\u0101s pus\u0113s.<\/p>\n","protected":false},"featured_media":0,"template":"","meta":[],"product_brand":[],"product_cat":[4582,4615,4640],"product_tag":[],"class_list":{"0":"post-79556","1":"product","2":"type-product","3":"status-publish","5":"product_cat-shoe-dryers-winter-boots","6":"product_cat-winter-boots-recreation","7":"product_cat-recreation","9":"first","10":"instock","11":"shipping-taxable","12":"purchasable","13":"product-type-simple"},"_links":{"self":[{"href":"https:\/\/sezona.lv\/en\/wp-json\/wp\/v2\/product\/79556","targetHints":{"allow":["GET"]}}],"collection":[{"href":"https:\/\/sezona.lv\/en\/wp-json\/wp\/v2\/product"}],"about":[{"href":"https:\/\/sezona.lv\/en\/wp-json\/wp\/v2\/types\/product"}],"wp:attachment":[{"href":"https:\/\/sezona.lv\/en\/wp-json\/wp\/v2\/media?parent=79556"}],"wp:term":[{"taxonomy":"product_brand","embeddable":true,"href":"https:\/\/sezona.lv\/en\/wp-json\/wp\/v2\/product_brand?post=79556"},{"taxonomy":"product_cat","embeddable":true,"href":"https:\/\/sezona.lv\/en\/wp-json\/wp\/v2\/product_cat?post=79556"},{"taxonomy":"product_tag","embeddable":true,"href":"https:\/\/sezona.lv\/en\/wp-json\/wp\/v2\/product_tag?post=79556"}],"curies":[{"name":"wp","href":"https:\/\/api.w.org\/{rel}","templated":true}]}}