{"id":79557,"date":"2025-07-11T17:07:33","date_gmt":"2025-07-11T14:07:33","guid":{"rendered":"https:\/\/demo8.ecube.lv\/sezona.lv\/products\/wilson-bumbu-pumpis-ncaa-dual-action-pump\/"},"modified":"2025-07-14T15:41:59","modified_gmt":"2025-07-14T12:41:59","slug":"wilson-bumbu-pumpis-ncaa-dual-action-pump","status":"publish","type":"product","link":"https:\/\/sezona.lv\/en\/products\/wilson-bumbu-pumpis-ncaa-dual-action-pump\/","title":{"rendered":"Wilson bumbu pumpis NCAA DUAL ACTION PUMP"},"content":{"rendered":"<ul>\n<\/ul>\n<div id=\"panel2a\" class=\"product-features content active\">\n<div class=\"product-features-specs-container\">\n<div class=\"product-description\">Pieejamas da\u017e\u0101das kr\u0101sas: melns, sarkans, zils.<\/div>\n<div class=\"product-description\">\n<div id=\"panel2a\" class=\"product-features content active\">\n<div class=\"product-features-specs-container\">\n<div class=\"product-description\">\n<ul>\n<li>6&#8243; Dual Action Pump<\/li>\n<li>Inflates on both the up stroke and down stroke<\/li>\n<li>Needle included and stored in pump handle<\/li>\n<\/ul>\n<\/div>\n<\/div>\n<\/div>\n<\/div>\n<\/div>\n<\/div>\n<ul>\n<\/ul>\n","protected":false},"excerpt":{"rendered":"<p>Pieejamas da\u017e\u0101das kr\u0101sas: melns, sarkans, zils. 6&#8243; Dual Action Pump Inflates on both the up stroke and down stroke Needle included and stored in pump handle<\/p>\n","protected":false},"featured_media":73366,"template":"","meta":[],"product_brand":[920],"product_cat":[4602,4667,4668],"product_tag":[],"class_list":{"0":"post-79557","1":"product","2":"type-product","3":"status-publish","4":"has-post-thumbnail","6":"product_brand-wilson","7":"product_cat-summer-sports-sports","8":"product_cat-basketball-summer-sports-sports","9":"product_cat-basketballs-basketball-summer-sports-sports","11":"first","12":"instock","13":"shipping-taxable","14":"purchasable","15":"product-type-simple"},"_links":{"self":[{"href":"https:\/\/sezona.lv\/en\/wp-json\/wp\/v2\/product\/79557","targetHints":{"allow":["GET"]}}],"collection":[{"href":"https:\/\/sezona.lv\/en\/wp-json\/wp\/v2\/product"}],"about":[{"href":"https:\/\/sezona.lv\/en\/wp-json\/wp\/v2\/types\/product"}],"wp:featuredmedia":[{"embeddable":true,"href":"https:\/\/sezona.lv\/en\/wp-json\/wp\/v2\/media\/73366"}],"wp:attachment":[{"href":"https:\/\/sezona.lv\/en\/wp-json\/wp\/v2\/media?parent=79557"}],"wp:term":[{"taxonomy":"product_brand","embeddable":true,"href":"https:\/\/sezona.lv\/en\/wp-json\/wp\/v2\/product_brand?post=79557"},{"taxonomy":"product_cat","embeddable":true,"href":"https:\/\/sezona.lv\/en\/wp-json\/wp\/v2\/product_cat?post=79557"},{"taxonomy":"product_tag","embeddable":true,"href":"https:\/\/sezona.lv\/en\/wp-json\/wp\/v2\/product_tag?post=79557"}],"curies":[{"name":"wp","href":"https:\/\/api.w.org\/{rel}","templated":true}]}}