{"id":79560,"date":"2025-07-11T17:07:38","date_gmt":"2025-07-11T14:07:38","guid":{"rendered":"https:\/\/demo8.ecube.lv\/sezona.lv\/products\/christopeit-airesanas-trenazieris-horse-glider\/"},"modified":"2025-07-14T15:42:01","modified_gmt":"2025-07-14T12:42:01","slug":"christopeit-airesanas-trenazieris-horse-glider","status":"publish","type":"product","link":"https:\/\/sezona.lv\/en\/products\/christopeit-airesanas-trenazieris-horse-glider\/","title":{"rendered":"Christopeit Air\u0113\u0161anas trena\u017eieris Horse Glider"},"content":{"rendered":"<p><strong>Air\u0113&scaron;anas trena\u017eieris Christopeit Horse Glider<\/strong><\/p>\n<ul>\n<li>Svars: 21,8 kg<\/li>\n<li>LCD displejs par\u0101da: laiku, kalorijas<\/li>\n<li>&#8220;&Scaron;\u0137\u0113rveida&#8221; sist\u0113ma<\/li>\n<li>Maksim\u0101lais lietot\u0101ja svars: 120kg<\/li>\n<li>Izm\u0113ri: 125 x 54 x 84 cm<\/li>\n<\/ul>\n","protected":false},"excerpt":{"rendered":"<p>Air\u0113&scaron;anas trena\u017eieris Christopeit Horse Glider Svars: 21,8 kg LCD displejs par\u0101da: laiku, kalorijas &#8220;&Scaron;\u0137\u0113rveida&#8221; sist\u0113ma Maksim\u0101lais lietot\u0101ja svars: 120kg Izm\u0113ri: 125 x 54 x 84 cm<\/p>\n","protected":false},"featured_media":73372,"template":"","meta":[],"product_brand":[897],"product_cat":[4588,4593],"product_tag":[],"class_list":{"0":"post-79560","1":"product","2":"type-product","3":"status-publish","4":"has-post-thumbnail","6":"product_brand-christopeit","7":"product_cat-trainers-sports","8":"product_cat-rowing-machines-trainers-sports","10":"first","11":"instock","12":"shipping-taxable","13":"purchasable","14":"product-type-simple"},"_links":{"self":[{"href":"https:\/\/sezona.lv\/en\/wp-json\/wp\/v2\/product\/79560","targetHints":{"allow":["GET"]}}],"collection":[{"href":"https:\/\/sezona.lv\/en\/wp-json\/wp\/v2\/product"}],"about":[{"href":"https:\/\/sezona.lv\/en\/wp-json\/wp\/v2\/types\/product"}],"wp:featuredmedia":[{"embeddable":true,"href":"https:\/\/sezona.lv\/en\/wp-json\/wp\/v2\/media\/73372"}],"wp:attachment":[{"href":"https:\/\/sezona.lv\/en\/wp-json\/wp\/v2\/media?parent=79560"}],"wp:term":[{"taxonomy":"product_brand","embeddable":true,"href":"https:\/\/sezona.lv\/en\/wp-json\/wp\/v2\/product_brand?post=79560"},{"taxonomy":"product_cat","embeddable":true,"href":"https:\/\/sezona.lv\/en\/wp-json\/wp\/v2\/product_cat?post=79560"},{"taxonomy":"product_tag","embeddable":true,"href":"https:\/\/sezona.lv\/en\/wp-json\/wp\/v2\/product_tag?post=79560"}],"curies":[{"name":"wp","href":"https:\/\/api.w.org\/{rel}","templated":true}]}}