{"id":79564,"date":"2025-07-11T17:07:42","date_gmt":"2025-07-11T14:07:42","guid":{"rendered":"https:\/\/demo8.ecube.lv\/sezona.lv\/products\/christopeit-vinila-hanteles-beauty-bells-2x2kg-paris\/"},"modified":"2025-07-14T15:42:07","modified_gmt":"2025-07-14T12:42:07","slug":"christopeit-vinila-hanteles-beauty-bells-2x2kg-paris","status":"publish","type":"product","link":"https:\/\/sezona.lv\/en\/products\/christopeit-vinila-hanteles-beauty-bells-2x2kg-paris\/","title":{"rendered":"Christopeit Vinila hanteles \u2013 Beauty Bells 2x2kg (p\u0101ris)"},"content":{"rendered":"<p>Ergonomiskas formas svari ir lieliski piem\u0113roti tiem, kas v\u0113las ieg\u016bt  papildu spriedzi musku\u013cu veido&scaron;anai gan m\u0101j\u0101s, gan sporta z\u0101l\u0113.  Ilgm\u016b\u017e\u012bgi svari ar \u010duguna kodolu un vinila p\u0101rkl\u0101jumu, \u0113rti satverami,  lai j\u016bs var\u0113tu baud\u012bt intens\u012bvus un efekt\u012bvus rezult\u0101tus.&nbsp;<\/p>\n<p> Svari pal\u012bdz\u0113s nostiprin\u0101t visu \u0137erme\u0146a muskulat\u016bru. Visbie\u017e\u0101kais m\u0113r\u0137is  musku\u013cu grupu treni\u0146am ar roku svariem ir kakla \/ plecu zona, rokas,  v\u0113ders, k\u0101jas un s\u0113\u017eamvieta.&nbsp;\u012as\u0101 laika period\u0101, intens\u012bvi treni\u0146i var  stiprin\u0101t musku\u013cus, palielin\u0101t elast\u012bbu, uzlabo iztur\u012bbu, vienlaikus  veicinot vielmai\u0146u.<\/p>\n<ul>\n<li>Divu svaru komplekts;<\/li>\n<li>Izgatavots no: \u010duguna, vinila;<\/li>\n<li>T\u0101s neskr\u0101p\u0113 gr\u012bdu, neizraisa troksni;<\/li>\n<li>\u0112rts ergonomisks rokturis;<\/li>\n<li>Kr\u0101sa: melna;<\/li>\n<li>Svars 2 kg (vienam svaram).<\/li>\n<li>Komplekt\u0101 2 gab.<\/li>\n<\/ul>\n","protected":false},"excerpt":{"rendered":"<p>Ergonomiskas formas svari ir lieliski piem\u0113roti tiem, kas v\u0113las ieg\u016bt papildu spriedzi musku\u013cu veido&scaron;anai gan m\u0101j\u0101s, gan sporta z\u0101l\u0113. Ilgm\u016b\u017e\u012bgi svari ar \u010duguna kodolu un vinila p\u0101rkl\u0101jumu, \u0113rti satverami, lai j\u016bs var\u0113tu baud\u012bt intens\u012bvus un efekt\u012bvus rezult\u0101tus.&nbsp; Svari pal\u012bdz\u0113s nostiprin\u0101t visu \u0137erme\u0146a muskulat\u016bru. Visbie\u017e\u0101kais m\u0113r\u0137is musku\u013cu grupu treni\u0146am ar roku svariem ir kakla \/ plecu [&hellip;]<\/p>\n","protected":false},"featured_media":73383,"template":"","meta":[],"product_brand":[897],"product_cat":[4599,4614],"product_tag":[],"class_list":{"0":"post-79564","1":"product","2":"type-product","3":"status-publish","4":"has-post-thumbnail","6":"product_brand-christopeit","7":"product_cat-fitness-2-sports","8":"product_cat-fitness-accessories-fitness-2-sports","10":"first","11":"instock","12":"shipping-taxable","13":"purchasable","14":"product-type-simple"},"_links":{"self":[{"href":"https:\/\/sezona.lv\/en\/wp-json\/wp\/v2\/product\/79564","targetHints":{"allow":["GET"]}}],"collection":[{"href":"https:\/\/sezona.lv\/en\/wp-json\/wp\/v2\/product"}],"about":[{"href":"https:\/\/sezona.lv\/en\/wp-json\/wp\/v2\/types\/product"}],"wp:featuredmedia":[{"embeddable":true,"href":"https:\/\/sezona.lv\/en\/wp-json\/wp\/v2\/media\/73383"}],"wp:attachment":[{"href":"https:\/\/sezona.lv\/en\/wp-json\/wp\/v2\/media?parent=79564"}],"wp:term":[{"taxonomy":"product_brand","embeddable":true,"href":"https:\/\/sezona.lv\/en\/wp-json\/wp\/v2\/product_brand?post=79564"},{"taxonomy":"product_cat","embeddable":true,"href":"https:\/\/sezona.lv\/en\/wp-json\/wp\/v2\/product_cat?post=79564"},{"taxonomy":"product_tag","embeddable":true,"href":"https:\/\/sezona.lv\/en\/wp-json\/wp\/v2\/product_tag?post=79564"}],"curies":[{"name":"wp","href":"https:\/\/api.w.org\/{rel}","templated":true}]}}