{"id":79567,"date":"2025-07-14T15:42:10","date_gmt":"2025-07-14T12:42:10","guid":{"rendered":"https:\/\/demo8.ecube.lv\/sezona.lv\/products\/masku-zavetajs-osma-mth-800\/"},"modified":"2025-07-14T15:42:10","modified_gmt":"2025-07-14T12:42:10","slug":"masku-zavetajs-osma-mth-800","status":"publish","type":"product","link":"https:\/\/sezona.lv\/en\/products\/masku-zavetajs-osma-mth-800\/","title":{"rendered":"Masku \u017e\u0101v\u0113t\u0101js OSMA MTH 800"},"content":{"rendered":"<div class=\"woocommerce-product-details__short-description\">\n<p>Elpo&scaron;anas masku \u017e\u0101v\u0113t\u0101js OSMA MTH:<\/p>\n<ul>\n<li>Saudz\u012bgi un kvalitat\u012bvi iz\u017e\u0101v\u0113s elpo&scaron;anas maskas;<\/li>\n<li>\u017d\u0101v\u0113&scaron;anas notiek ar gaisa pl\u016bsmu;<\/li>\n<li>Vienlaic\u012bgi var \u017e\u0101v\u0113t 8 elpo&scaron;anas maskas.<\/li>\n<\/ul>\n<div>Masku \u017e\u0101v\u0113t\u0101js OSMA MTH 800\/900 paredz\u0113ts 8 elpo&scaron;anas masku  saudz\u012bgai \u017e\u0101v\u0113&scaron;anai. \u017d\u0101v\u0113&scaron;anas laiks no 1-2 stund\u0101m. Pateicoties rokturu  konfigur\u0101cijai gaisa pl\u016bsma nodro&scaron;ina vienm\u0113r\u012bgu \u017e\u0101v\u0113&scaron;anas procesu.  Papildus iesp\u0113jas- r\u0101mis br\u012bvai novieto&scaron;anai, 6 stundu taimeris,  savienot\u0101ji cauru\u013cu \u017e\u0101v\u0113&scaron;anai.&nbsp;Ra\u017eots Austrij\u0101. CE sertific\u0113ts.<\/div>\n<\/div>\n","protected":false},"excerpt":{"rendered":"<p>Elpo&scaron;anas masku \u017e\u0101v\u0113t\u0101js OSMA MTH: Saudz\u012bgi un kvalitat\u012bvi iz\u017e\u0101v\u0113s elpo&scaron;anas maskas; \u017d\u0101v\u0113&scaron;anas notiek ar gaisa pl\u016bsmu; Vienlaic\u012bgi var \u017e\u0101v\u0113t 8 elpo&scaron;anas maskas. Masku \u017e\u0101v\u0113t\u0101js OSMA MTH 800\/900 paredz\u0113ts 8 elpo&scaron;anas masku saudz\u012bgai \u017e\u0101v\u0113&scaron;anai. \u017d\u0101v\u0113&scaron;anas laiks no 1-2 stund\u0101m. Pateicoties rokturu konfigur\u0101cijai gaisa pl\u016bsma nodro&scaron;ina vienm\u0113r\u012bgu \u017e\u0101v\u0113&scaron;anas procesu. Papildus iesp\u0113jas- r\u0101mis br\u012bvai novieto&scaron;anai, 6 stundu taimeris, [&hellip;]<\/p>\n","protected":false},"featured_media":0,"template":"","meta":[],"product_brand":[],"product_cat":[4582,4615,4640],"product_tag":[],"class_list":{"0":"post-79567","1":"product","2":"type-product","3":"status-publish","5":"product_cat-shoe-dryers-winter-boots","6":"product_cat-winter-boots-recreation","7":"product_cat-recreation","9":"first","10":"instock","11":"shipping-taxable","12":"purchasable","13":"product-type-simple"},"_links":{"self":[{"href":"https:\/\/sezona.lv\/en\/wp-json\/wp\/v2\/product\/79567","targetHints":{"allow":["GET"]}}],"collection":[{"href":"https:\/\/sezona.lv\/en\/wp-json\/wp\/v2\/product"}],"about":[{"href":"https:\/\/sezona.lv\/en\/wp-json\/wp\/v2\/types\/product"}],"wp:attachment":[{"href":"https:\/\/sezona.lv\/en\/wp-json\/wp\/v2\/media?parent=79567"}],"wp:term":[{"taxonomy":"product_brand","embeddable":true,"href":"https:\/\/sezona.lv\/en\/wp-json\/wp\/v2\/product_brand?post=79567"},{"taxonomy":"product_cat","embeddable":true,"href":"https:\/\/sezona.lv\/en\/wp-json\/wp\/v2\/product_cat?post=79567"},{"taxonomy":"product_tag","embeddable":true,"href":"https:\/\/sezona.lv\/en\/wp-json\/wp\/v2\/product_tag?post=79567"}],"curies":[{"name":"wp","href":"https:\/\/api.w.org\/{rel}","templated":true}]}}