{"id":79569,"date":"2025-07-14T15:42:12","date_gmt":"2025-07-14T12:42:12","guid":{"rendered":"https:\/\/demo8.ecube.lv\/sezona.lv\/products\/apgerbu-zavesanas-skapis-osma-kts-2000\/"},"modified":"2025-07-14T15:42:12","modified_gmt":"2025-07-14T12:42:12","slug":"apgerbu-zavesanas-skapis-osma-kts-2000","status":"publish","type":"product","link":"https:\/\/sezona.lv\/en\/products\/apgerbu-zavesanas-skapis-osma-kts-2000\/","title":{"rendered":"Ap\u0123\u0113rbu \u017e\u0101v\u0113\u0161anas skapis OSMA KTS 2000"},"content":{"rendered":"<div class=\"woocommerce-product-details__short-description\">\n<div class=\"woocommerce-product-details__short-description\">\u017d\u0101v\u0113&scaron;anas skapis OSMA KTS 2000&nbsp;paredz\u0113ts ap\u0123\u0113rbu \u017e\u0101v\u0113&scaron;anai. Vienm\u0113r\u012bgu  ap\u0123\u0113rbu \u017e\u0101v\u0113&scaron;anu nodro&scaron;ina griestu \u0101\u0137i (18 gab.) uz rot\u0113jo&scaron;a diska.  Skapja dzi\u013cums ir 75 cm, kas \u013cauj br\u012bvi izk\u0101rt samirku&scaron;u darba  ap\u0123\u0113rbu.&nbsp;Ra\u017eots Austrij\u0101. CE sertific\u0113ts.<\/div>\n<div class=\"woocommerce-product-details__short-description\"><\/div>\n<div class=\"woocommerce-product-details__short-description\"><strong>Ir nepiecie&scaron;ama \u0101r\u0113j\u0101 ventil\u0101cija. Liel\u0101s un v\u0113din\u0101m\u0101s telp\u0101s,  un ja skapis netiek intens\u012bvi izmantots, skapi var nepievienot pie  ventil\u0101cijas sist\u0113mas.<\/strong><\/div>\n<div class=\"woocommerce-product-details__short-description\"><\/div>\n<div class=\"woocommerce-product-details__short-description\">Papildu inform\u0101cija:<\/div>\n<div class=\"woocommerce-product-details__short-description\"><\/div>\n<div class=\"woocommerce-product-details__short-description\">Augstums mm: 1950<\/div>\n<div class=\"woocommerce-product-details__short-description\">Dzi\u013cums mm: 780<\/div>\n<div class=\"woocommerce-product-details__short-description\">Platums mm: 750<\/div>\n<div class=\"woocommerce-product-details__short-description\">Ier\u012bces jauda kW: 1200 W<\/div>\n<div class=\"woocommerce-product-details__short-description\">Svars kg: 140<\/div>\n<div class=\"woocommerce-product-details__short-description\">Kr\u0101sa: Pel\u0113ks<\/div>\n<div class=\"woocommerce-product-details__short-description\">Mitruma izvade: Ventil\u0101cijas sist\u0113ma<\/div>\n<div class=\"woocommerce-product-details__short-description\">Novietojums: Br\u012bvi novietojams<\/div>\n<div class=\"woocommerce-product-details__short-description\">Plaukti un stie\u0146i: 18 gab \u0101\u0137i griestos uz rot\u0113jo&scaron;a diska<\/div>\n<div class=\"woocommerce-product-details__short-description\">Iek\u0101rtas vad\u012bba: 24 h taimeris, 6 h taimeris<\/div>\n<div class=\"woocommerce-product-details__short-description\">Materi\u0101ls: lok&scaron;\u0146u t\u0113rauds, cinkots, kr\u0101sots<\/div>\n<p>Iek\u0101rtas piesl\u0113gums: 230V\/50Hz<\/p><\/div>\n","protected":false},"excerpt":{"rendered":"<p>\u017d\u0101v\u0113&scaron;anas skapis OSMA KTS 2000&nbsp;paredz\u0113ts ap\u0123\u0113rbu \u017e\u0101v\u0113&scaron;anai. Vienm\u0113r\u012bgu ap\u0123\u0113rbu \u017e\u0101v\u0113&scaron;anu nodro&scaron;ina griestu \u0101\u0137i (18 gab.) uz rot\u0113jo&scaron;a diska. Skapja dzi\u013cums ir 75 cm, kas \u013cauj br\u012bvi izk\u0101rt samirku&scaron;u darba ap\u0123\u0113rbu.&nbsp;Ra\u017eots Austrij\u0101. CE sertific\u0113ts. Ir nepiecie&scaron;ama \u0101r\u0113j\u0101 ventil\u0101cija. Liel\u0101s un v\u0113din\u0101m\u0101s telp\u0101s, un ja skapis netiek intens\u012bvi izmantots, skapi var nepievienot pie ventil\u0101cijas sist\u0113mas. Papildu inform\u0101cija: [&hellip;]<\/p>\n","protected":false},"featured_media":0,"template":"","meta":[],"product_brand":[],"product_cat":[4582,4615,4640],"product_tag":[],"class_list":{"0":"post-79569","1":"product","2":"type-product","3":"status-publish","5":"product_cat-shoe-dryers-winter-boots","6":"product_cat-winter-boots-recreation","7":"product_cat-recreation","9":"first","10":"instock","11":"shipping-taxable","12":"purchasable","13":"product-type-simple"},"_links":{"self":[{"href":"https:\/\/sezona.lv\/en\/wp-json\/wp\/v2\/product\/79569","targetHints":{"allow":["GET"]}}],"collection":[{"href":"https:\/\/sezona.lv\/en\/wp-json\/wp\/v2\/product"}],"about":[{"href":"https:\/\/sezona.lv\/en\/wp-json\/wp\/v2\/types\/product"}],"wp:attachment":[{"href":"https:\/\/sezona.lv\/en\/wp-json\/wp\/v2\/media?parent=79569"}],"wp:term":[{"taxonomy":"product_brand","embeddable":true,"href":"https:\/\/sezona.lv\/en\/wp-json\/wp\/v2\/product_brand?post=79569"},{"taxonomy":"product_cat","embeddable":true,"href":"https:\/\/sezona.lv\/en\/wp-json\/wp\/v2\/product_cat?post=79569"},{"taxonomy":"product_tag","embeddable":true,"href":"https:\/\/sezona.lv\/en\/wp-json\/wp\/v2\/product_tag?post=79569"}],"curies":[{"name":"wp","href":"https:\/\/api.w.org\/{rel}","templated":true}]}}