{"id":79570,"date":"2025-07-14T15:42:13","date_gmt":"2025-07-14T12:42:13","guid":{"rendered":"https:\/\/demo8.ecube.lv\/sezona.lv\/products\/apgerbu-zavesanas-skapis-osma-kts-2000-ideal\/"},"modified":"2025-07-14T15:42:13","modified_gmt":"2025-07-14T12:42:13","slug":"apgerbu-zavesanas-skapis-osma-kts-2000-ideal","status":"publish","type":"product","link":"https:\/\/sezona.lv\/en\/products\/apgerbu-zavesanas-skapis-osma-kts-2000-ideal\/","title":{"rendered":"Ap\u0123\u0113rbu \u017e\u0101v\u0113\u0161anas skapis OSMA KTS 2000 Ideal"},"content":{"rendered":"<div class=\"woocommerce-product-details__short-description\">\n<div class=\"woocommerce-product-details__short-description\">\u017d\u0101v\u0113&scaron;anas skapis OSMA KTS 2000 ideal paredz\u0113ts ap\u0123\u0113rbu un apavu  \u017e\u0101v\u0113&scaron;anai. Vienm\u0113r\u012bgu ap\u0123\u0113rbu \u017e\u0101v\u0113&scaron;anu nodro&scaron;ina griestu \u0101\u0137i (18 gab.) <strong>uz rot\u0113jo&scaron;a diska<\/strong>.  Skapja dzi\u013cums ir 75 cm, kas \u013cauj br\u012bvi izk\u0101rt samirku&scaron;u darba ap\u0123\u0113rbu.  Papildus &scaron;im modelim \u017e\u0101v\u0113&scaron;anas skapja s\u0101nos (labais un\/vai kreisais)  &nbsp;ir uzst\u0101d\u012bts apavu \u017e\u0101v\u0113t\u0101js BLOW 10, kas \u013cauj samazin\u0101t \u017e\u0101v\u0113t\u0101jam  izmantojamo plat\u012bbu, maz\u0101k k\u0101 1 m2. Ra\u017eots Austrij\u0101. CE sertific\u0113ts.<\/div>\n<div class=\"woocommerce-product-details__short-description\"><\/div>\n<div class=\"woocommerce-product-details__short-description\"><strong>Ir nepiecie&scaron;ama \u0101r\u0113j\u0101 ventil\u0101cija. <br \/><\/strong><\/div>\n<div class=\"woocommerce-product-details__short-description\"><\/div>\n<div class=\"woocommerce-product-details__short-description\">Papildu inform\u0101cija:<\/div>\n<div class=\"woocommerce-product-details__short-description\"><\/div>\n<div class=\"woocommerce-product-details__short-description\">Augstums mm: 1950<\/div>\n<div class=\"woocommerce-product-details__short-description\">Dzi\u013cums mm: 780<\/div>\n<div class=\"woocommerce-product-details__short-description\">Platums mm: 1130<\/div>\n<div class=\"woocommerce-product-details__short-description\">Ier\u012bces jauda kW: 1200 W, 210 W<\/div>\n<div class=\"woocommerce-product-details__short-description\">Svars kg: 140, 30<\/div>\n<div class=\"woocommerce-product-details__short-description\">Kr\u0101sa: Pel\u0113ks<\/div>\n<div class=\"woocommerce-product-details__short-description\">Mitruma izvade: Ventil\u0101cijas sist\u0113m\u0101<\/div>\n<div class=\"woocommerce-product-details__short-description\">Novietojums: Br\u012bvi novietojams<\/div>\n<div class=\"woocommerce-product-details__short-description\">Plaukti un stie\u0146i: 18 gab \u0101\u0137i griestos uz rot\u0113jo&scaron;a diska<\/div>\n<div class=\"woocommerce-product-details__short-description\">Iek\u0101rtas vad\u012bba: 24 h taimeris, 6 h taimeris<\/div>\n<div class=\"woocommerce-product-details__short-description\">Materi\u0101ls: lok&scaron;\u0146u t\u0113rauds, cinkots, kr\u0101sots, ner\u016bs\u0113jo&scaron;s t\u0113rauds<\/div>\n<div class=\"woocommerce-product-details__short-description\">P\u0101ru daudzums: 10 p\u0101ri, 20 p\u0101ri<\/div>\n<p>Iek\u0101rtas piesl\u0113gums: 230V\/50Hz<\/p><\/div>\n","protected":false},"excerpt":{"rendered":"<p>\u017d\u0101v\u0113&scaron;anas skapis OSMA KTS 2000 ideal paredz\u0113ts ap\u0123\u0113rbu un apavu \u017e\u0101v\u0113&scaron;anai. Vienm\u0113r\u012bgu ap\u0123\u0113rbu \u017e\u0101v\u0113&scaron;anu nodro&scaron;ina griestu \u0101\u0137i (18 gab.) uz rot\u0113jo&scaron;a diska. Skapja dzi\u013cums ir 75 cm, kas \u013cauj br\u012bvi izk\u0101rt samirku&scaron;u darba ap\u0123\u0113rbu. Papildus &scaron;im modelim \u017e\u0101v\u0113&scaron;anas skapja s\u0101nos (labais un\/vai kreisais) &nbsp;ir uzst\u0101d\u012bts apavu \u017e\u0101v\u0113t\u0101js BLOW 10, kas \u013cauj samazin\u0101t \u017e\u0101v\u0113t\u0101jam izmantojamo plat\u012bbu, [&hellip;]<\/p>\n","protected":false},"featured_media":0,"template":"","meta":[],"product_brand":[],"product_cat":[4582,4615,4640],"product_tag":[],"class_list":{"0":"post-79570","1":"product","2":"type-product","3":"status-publish","5":"product_cat-shoe-dryers-winter-boots","6":"product_cat-winter-boots-recreation","7":"product_cat-recreation","9":"first","10":"instock","11":"shipping-taxable","12":"purchasable","13":"product-type-simple"},"_links":{"self":[{"href":"https:\/\/sezona.lv\/en\/wp-json\/wp\/v2\/product\/79570","targetHints":{"allow":["GET"]}}],"collection":[{"href":"https:\/\/sezona.lv\/en\/wp-json\/wp\/v2\/product"}],"about":[{"href":"https:\/\/sezona.lv\/en\/wp-json\/wp\/v2\/types\/product"}],"wp:attachment":[{"href":"https:\/\/sezona.lv\/en\/wp-json\/wp\/v2\/media?parent=79570"}],"wp:term":[{"taxonomy":"product_brand","embeddable":true,"href":"https:\/\/sezona.lv\/en\/wp-json\/wp\/v2\/product_brand?post=79570"},{"taxonomy":"product_cat","embeddable":true,"href":"https:\/\/sezona.lv\/en\/wp-json\/wp\/v2\/product_cat?post=79570"},{"taxonomy":"product_tag","embeddable":true,"href":"https:\/\/sezona.lv\/en\/wp-json\/wp\/v2\/product_tag?post=79570"}],"curies":[{"name":"wp","href":"https:\/\/api.w.org\/{rel}","templated":true}]}}