{"id":79572,"date":"2025-07-14T15:42:15","date_gmt":"2025-07-14T12:42:15","guid":{"rendered":"https:\/\/demo8.ecube.lv\/sezona.lv\/products\/kimisko-aizsargterpu-mazgatajs-un-zavetajs-osma-ht-102-a\/"},"modified":"2025-07-14T15:42:15","modified_gmt":"2025-07-14T12:42:15","slug":"kimisko-aizsargterpu-mazgatajs-un-zavetajs-osma-ht-102-a","status":"publish","type":"product","link":"https:\/\/sezona.lv\/en\/products\/kimisko-aizsargterpu-mazgatajs-un-zavetajs-osma-ht-102-a\/","title":{"rendered":"\u0136\u012bmisko aizsargt\u0113rpu mazg\u0101t\u0101js un \u017e\u0101v\u0113t\u0101js OSMA HT 102-A"},"content":{"rendered":"<div class=\"woocommerce-product-details__short-description\">\n<div class=\"woocommerce-product-details__short-description\">\n<p>\u0136\u012bmisko aizsargt\u0113rpu mazg\u0101t\u0101js un \u017e\u0101v\u0113t\u0101js&nbsp; paredz\u0113ts vienlaic\u012bgai divu aizsargt\u0113rpu  mazg\u0101&scaron;anai un \u017e\u0101v\u0113&scaron;anai. pilns mazg\u0101&scaron;anas , dezinfekcijas un \u017e\u016b&scaron;anas  laiks 4 stundas. Ra\u017eots Austrij\u0101. CE sertific\u0113ts.<\/p>\n<p>&nbsp;<\/p>\n<div class=\"woocommerce-product-details__short-description\">Papildu inform\u0101cija:<\/div>\n<div class=\"woocommerce-product-details__short-description\"><\/div>\n<div class=\"woocommerce-product-details__short-description\">Augstums mm: 2400<\/div>\n<div class=\"woocommerce-product-details__short-description\">Dzi\u013cums mm: 2200<\/div>\n<div class=\"woocommerce-product-details__short-description\">Platums mm: 1200, 800<\/div>\n<div class=\"woocommerce-product-details__short-description\">Ier\u012bces jauda kW: 1800 W<\/div>\n<div class=\"woocommerce-product-details__short-description\">Iek\u0101rtas vad\u012bba: 6 h taimeris<\/div>\n<p>Iek\u0101rtas piesl\u0113gums: 230V\/50Hz<\/p>\n<\/div>\n<\/div>\n","protected":false},"excerpt":{"rendered":"<p>\u0136\u012bmisko aizsargt\u0113rpu mazg\u0101t\u0101js un \u017e\u0101v\u0113t\u0101js&nbsp; paredz\u0113ts vienlaic\u012bgai divu aizsargt\u0113rpu mazg\u0101&scaron;anai un \u017e\u0101v\u0113&scaron;anai. pilns mazg\u0101&scaron;anas , dezinfekcijas un \u017e\u016b&scaron;anas laiks 4 stundas. Ra\u017eots Austrij\u0101. CE sertific\u0113ts. &nbsp; Papildu inform\u0101cija: Augstums mm: 2400 Dzi\u013cums mm: 2200 Platums mm: 1200, 800 Ier\u012bces jauda kW: 1800 W Iek\u0101rtas vad\u012bba: 6 h taimeris Iek\u0101rtas piesl\u0113gums: 230V\/50Hz<\/p>\n","protected":false},"featured_media":0,"template":"","meta":[],"product_brand":[],"product_cat":[4582,4615,4640],"product_tag":[],"class_list":{"0":"post-79572","1":"product","2":"type-product","3":"status-publish","5":"product_cat-shoe-dryers-winter-boots","6":"product_cat-winter-boots-recreation","7":"product_cat-recreation","9":"first","10":"instock","11":"shipping-taxable","12":"purchasable","13":"product-type-simple"},"_links":{"self":[{"href":"https:\/\/sezona.lv\/en\/wp-json\/wp\/v2\/product\/79572","targetHints":{"allow":["GET"]}}],"collection":[{"href":"https:\/\/sezona.lv\/en\/wp-json\/wp\/v2\/product"}],"about":[{"href":"https:\/\/sezona.lv\/en\/wp-json\/wp\/v2\/types\/product"}],"wp:attachment":[{"href":"https:\/\/sezona.lv\/en\/wp-json\/wp\/v2\/media?parent=79572"}],"wp:term":[{"taxonomy":"product_brand","embeddable":true,"href":"https:\/\/sezona.lv\/en\/wp-json\/wp\/v2\/product_brand?post=79572"},{"taxonomy":"product_cat","embeddable":true,"href":"https:\/\/sezona.lv\/en\/wp-json\/wp\/v2\/product_cat?post=79572"},{"taxonomy":"product_tag","embeddable":true,"href":"https:\/\/sezona.lv\/en\/wp-json\/wp\/v2\/product_tag?post=79572"}],"curies":[{"name":"wp","href":"https:\/\/api.w.org\/{rel}","templated":true}]}}