{"id":79576,"date":"2025-07-14T15:42:19","date_gmt":"2025-07-14T12:42:19","guid":{"rendered":"https:\/\/demo8.ecube.lv\/sezona.lv\/products\/aizsargapgerbu-zavesanas-iekarta-osma-fireman\/"},"modified":"2025-07-14T15:42:19","modified_gmt":"2025-07-14T12:42:19","slug":"aizsargapgerbu-zavesanas-iekarta-osma-fireman","status":"publish","type":"product","link":"https:\/\/sezona.lv\/en\/products\/aizsargapgerbu-zavesanas-iekarta-osma-fireman\/","title":{"rendered":"Aizsargap\u0123\u0113rbu \u017e\u0101v\u0113\u0161anas iek\u0101rta OSMA FIREMAN"},"content":{"rendered":"<div class=\"woocommerce-product-details__short-description\">\n<p>Ugunsdz\u0113s\u0113ju aizsargt\u0113rpu OSMA FIREMAN&nbsp;\u017e\u0101v\u0113t\u0101js galvenok\u0101rt paredz\u0113ts  darba kombinezonu \u017e\u0101v\u0113&scaron;anai, k\u0101 ar\u012b \u016bdens necaurlaid\u012bgu ap\u0123erbu  \u017e\u0101v\u0113&scaron;nai. \u017d\u0101v\u0113&scaron;ana notiek ar silt\u0101 gaisa pl\u016bsmu par cauru\u013cu atv\u0113rumiem,  nodro&scaron;inot vienm\u0113r\u012bgu ap\u0123\u0113rba \u017e\u016b&scaron;anu. \u017d\u0101v\u0113t\u0101ju ir iesp\u0113jams apr\u012bkot l\u012bdz  pat 6 ap\u0123erbu \u017e\u0101v\u0113&scaron;anas komplektu r\u0101mjiem. Ra\u017eots Austrij\u0101. CE sertific\u0113ts.<\/p>\n<p>Pamatmodulis bez \u017e\u0101v\u0113&scaron;anas r\u0101mjiem- 1960.-EUR<\/p>\n<p>\u017d\u0101v\u0113&scaron;anas r\u0101mis jakai, cena par vienu vien\u012bbu- 351.- EUR<\/p>\n<p>\u017d\u0101v\u0113&scaron;anas r\u0101mis biks\u0113m, cena par vienu vien\u012bbu- 306.- EUR<\/p>\n<p>\u017d\u0101v\u0113&scaron;anas r\u0101mis kombinezonam, cena par vienu vien\u012bbu- 431.- EUR<\/p>\n<p>R\u0101mja tur\u0113t\u0101js- nepiecie&scaron;ams tikai kop\u0101 ar- tikai jaku r\u0101mji, tikai bik&scaron;u r\u0101mji vai tikai kombinezonu r\u0101mji- 359.- EUR<\/p>\n<div class=\"woocommerce-product-details__short-description\">\n<address>Augstums mm: 1920<\/address>\n<\/div>\n<address>Ier\u012bces jauda kW: 1200 W<\/address>\n<address>Ietilp\u012bba: l\u012bdz 6 ap\u0123\u0113rbu komplektiem<br \/><\/address>\n<address> Iek\u0101rtas piesl\u0113gums: 230V\/50Hz<\/address>\n<\/div>\n","protected":false},"excerpt":{"rendered":"<p>Ugunsdz\u0113s\u0113ju aizsargt\u0113rpu OSMA FIREMAN&nbsp;\u017e\u0101v\u0113t\u0101js galvenok\u0101rt paredz\u0113ts darba kombinezonu \u017e\u0101v\u0113&scaron;anai, k\u0101 ar\u012b \u016bdens necaurlaid\u012bgu ap\u0123erbu \u017e\u0101v\u0113&scaron;nai. \u017d\u0101v\u0113&scaron;ana notiek ar silt\u0101 gaisa pl\u016bsmu par cauru\u013cu atv\u0113rumiem, nodro&scaron;inot vienm\u0113r\u012bgu ap\u0123\u0113rba \u017e\u016b&scaron;anu. \u017d\u0101v\u0113t\u0101ju ir iesp\u0113jams apr\u012bkot l\u012bdz pat 6 ap\u0123erbu \u017e\u0101v\u0113&scaron;anas komplektu r\u0101mjiem. Ra\u017eots Austrij\u0101. CE sertific\u0113ts. Pamatmodulis bez \u017e\u0101v\u0113&scaron;anas r\u0101mjiem- 1960.-EUR \u017d\u0101v\u0113&scaron;anas r\u0101mis jakai, cena par vienu vien\u012bbu- [&hellip;]<\/p>\n","protected":false},"featured_media":0,"template":"","meta":[],"product_brand":[],"product_cat":[4582,4615,4640],"product_tag":[],"class_list":{"0":"post-79576","1":"product","2":"type-product","3":"status-publish","5":"product_cat-shoe-dryers-winter-boots","6":"product_cat-winter-boots-recreation","7":"product_cat-recreation","9":"first","10":"instock","11":"shipping-taxable","12":"purchasable","13":"product-type-simple"},"_links":{"self":[{"href":"https:\/\/sezona.lv\/en\/wp-json\/wp\/v2\/product\/79576","targetHints":{"allow":["GET"]}}],"collection":[{"href":"https:\/\/sezona.lv\/en\/wp-json\/wp\/v2\/product"}],"about":[{"href":"https:\/\/sezona.lv\/en\/wp-json\/wp\/v2\/types\/product"}],"wp:attachment":[{"href":"https:\/\/sezona.lv\/en\/wp-json\/wp\/v2\/media?parent=79576"}],"wp:term":[{"taxonomy":"product_brand","embeddable":true,"href":"https:\/\/sezona.lv\/en\/wp-json\/wp\/v2\/product_brand?post=79576"},{"taxonomy":"product_cat","embeddable":true,"href":"https:\/\/sezona.lv\/en\/wp-json\/wp\/v2\/product_cat?post=79576"},{"taxonomy":"product_tag","embeddable":true,"href":"https:\/\/sezona.lv\/en\/wp-json\/wp\/v2\/product_tag?post=79576"}],"curies":[{"name":"wp","href":"https:\/\/api.w.org\/{rel}","templated":true}]}}