{"id":79577,"date":"2025-07-14T15:42:20","date_gmt":"2025-07-14T12:42:20","guid":{"rendered":"https:\/\/demo8.ecube.lv\/sezona.lv\/products\/spiediena-slutenu-ugunsdzesibas-zavesanas-skapis-osma-sts-900\/"},"modified":"2025-07-14T15:42:20","modified_gmt":"2025-07-14T12:42:20","slug":"spiediena-slutenu-ugunsdzesibas-zavesanas-skapis-osma-sts-900","status":"publish","type":"product","link":"https:\/\/sezona.lv\/en\/products\/spiediena-slutenu-ugunsdzesibas-zavesanas-skapis-osma-sts-900\/","title":{"rendered":"Spiediena \u0161\u013c\u016bte\u0146u (ugunsdz\u0113s\u012bbas) \u017e\u0101v\u0113\u0161anas skapis OSMA STS 900"},"content":{"rendered":"<div class=\"woocommerce-product-details__short-description\">\n<p>\u017d\u0101v\u0113&scaron;anas skapis OSMA STS 2000&nbsp;paredz\u0113ts ugunsdz\u0113s\u012bbas &scaron;\u013c\u016bte\u0146u  \u017e\u0101v\u0113&scaron;anai. Skapis ir apr\u012bkots ar plauktiem. Plauktu daudzums un  izvietojums p\u0113c piepras\u012bjuma. Skap\u012b iesp\u0113jams ar\u012b \u017e\u0101v\u0113t ekip\u0113jumu.  Ra\u017eots Austrij\u0101. CE sertific\u0113ts.<br \/> Plaukta cena 74.00 EUR<\/p>\n<p><strong>Ir nepiecie&scaron;ama \u0101r\u0113j\u0101 ventil\u0101cija.&nbsp;Liel\u0101s un v\u0113din\u0101m\u0101s telp\u0101s,  un ja skapis netiek intens\u012bvi izmantots, skapi var nesl\u0113gt pie  ventil\u0101cijas.<\/strong><\/p>\n<p>Papildu inform\u0101cija:<\/p>\n<address>Augstums mm:1950<\/address>\n<address>Dzi\u013cums mm: 780<br \/><\/address>\n<address>Platums mm: 750<br \/><\/address>\n<address>Ier\u012bces jauda kW: 1200 W<\/address>\n<address>Svars kg: 140<\/address>\n<address>Kr\u0101sa: Pel\u0113ks<\/address>\n<address>Mitruma izvade: Ventil\u0101cijas sist\u0113m\u0101<\/address>\n<address>Novietojums: Br\u012bvi novietojams<\/address>\n<address>Plaukti un stie\u0146i: 18 gab. \u0101\u0137i griestos uz rot\u0113jo&scaron;a diska<\/address>\n<address>Iek\u0101rtas vad\u012bba: 24 h taimeris, 6 h taimeris<\/address>\n<address>Materi\u0101ls: lok&scaron;\u0146u t\u0113rauds, cinkots, kr\u0101sots<br \/><\/address>\n<p>Iek\u0101rtas piesl\u0113gums: 230V\/50Hz<\/p><\/div>\n","protected":false},"excerpt":{"rendered":"<p>\u017d\u0101v\u0113&scaron;anas skapis OSMA STS 2000&nbsp;paredz\u0113ts ugunsdz\u0113s\u012bbas &scaron;\u013c\u016bte\u0146u \u017e\u0101v\u0113&scaron;anai. Skapis ir apr\u012bkots ar plauktiem. Plauktu daudzums un izvietojums p\u0113c piepras\u012bjuma. Skap\u012b iesp\u0113jams ar\u012b \u017e\u0101v\u0113t ekip\u0113jumu. Ra\u017eots Austrij\u0101. CE sertific\u0113ts. Plaukta cena 74.00 EUR Ir nepiecie&scaron;ama \u0101r\u0113j\u0101 ventil\u0101cija.&nbsp;Liel\u0101s un v\u0113din\u0101m\u0101s telp\u0101s, un ja skapis netiek intens\u012bvi izmantots, skapi var nesl\u0113gt pie ventil\u0101cijas. Papildu inform\u0101cija: Augstums mm:1950 Dzi\u013cums [&hellip;]<\/p>\n","protected":false},"featured_media":0,"template":"","meta":[],"product_brand":[],"product_cat":[4582,4615,4640],"product_tag":[],"class_list":{"0":"post-79577","1":"product","2":"type-product","3":"status-publish","5":"product_cat-shoe-dryers-winter-boots","6":"product_cat-winter-boots-recreation","7":"product_cat-recreation","9":"first","10":"instock","11":"shipping-taxable","12":"purchasable","13":"product-type-simple"},"_links":{"self":[{"href":"https:\/\/sezona.lv\/en\/wp-json\/wp\/v2\/product\/79577","targetHints":{"allow":["GET"]}}],"collection":[{"href":"https:\/\/sezona.lv\/en\/wp-json\/wp\/v2\/product"}],"about":[{"href":"https:\/\/sezona.lv\/en\/wp-json\/wp\/v2\/types\/product"}],"wp:attachment":[{"href":"https:\/\/sezona.lv\/en\/wp-json\/wp\/v2\/media?parent=79577"}],"wp:term":[{"taxonomy":"product_brand","embeddable":true,"href":"https:\/\/sezona.lv\/en\/wp-json\/wp\/v2\/product_brand?post=79577"},{"taxonomy":"product_cat","embeddable":true,"href":"https:\/\/sezona.lv\/en\/wp-json\/wp\/v2\/product_cat?post=79577"},{"taxonomy":"product_tag","embeddable":true,"href":"https:\/\/sezona.lv\/en\/wp-json\/wp\/v2\/product_tag?post=79577"}],"curies":[{"name":"wp","href":"https:\/\/api.w.org\/{rel}","templated":true}]}}