{"id":79578,"date":"2025-07-14T15:42:22","date_gmt":"2025-07-14T12:42:22","guid":{"rendered":"https:\/\/demo8.ecube.lv\/sezona.lv\/products\/osma-gaisa-attiritajs-cleanair-mini-cell\/"},"modified":"2025-07-14T15:42:22","modified_gmt":"2025-07-14T12:42:22","slug":"osma-gaisa-attiritajs-cleanair-mini-cell","status":"publish","type":"product","link":"https:\/\/sezona.lv\/en\/products\/osma-gaisa-attiritajs-cleanair-mini-cell\/","title":{"rendered":"OSMA gaisa att\u012br\u012bt\u0101js \u201cCLeanAir mini cell\u201d"},"content":{"rendered":"<div class=\"woocommerce-product-details__short-description\">OSMA&nbsp;<span lang=\"EN-US\">CLeanAir mini cell- gaisa&nbsp;dezinfekcijai un smaku no\u0146em&scaron;anai. Apavu \u017e\u0101v\u0113t\u0101jiem Blow, Vacu un Family.<\/span><\/div>\n","protected":false},"excerpt":{"rendered":"<p>OSMA&nbsp;CLeanAir mini cell- gaisa&nbsp;dezinfekcijai un smaku no\u0146em&scaron;anai. Apavu \u017e\u0101v\u0113t\u0101jiem Blow, Vacu un Family.<\/p>\n","protected":false},"featured_media":0,"template":"","meta":[],"product_brand":[],"product_cat":[4582,4615,4640],"product_tag":[],"class_list":{"0":"post-79578","1":"product","2":"type-product","3":"status-publish","5":"product_cat-shoe-dryers-winter-boots","6":"product_cat-winter-boots-recreation","7":"product_cat-recreation","9":"first","10":"instock","11":"shipping-taxable","12":"purchasable","13":"product-type-simple"},"_links":{"self":[{"href":"https:\/\/sezona.lv\/en\/wp-json\/wp\/v2\/product\/79578","targetHints":{"allow":["GET"]}}],"collection":[{"href":"https:\/\/sezona.lv\/en\/wp-json\/wp\/v2\/product"}],"about":[{"href":"https:\/\/sezona.lv\/en\/wp-json\/wp\/v2\/types\/product"}],"wp:attachment":[{"href":"https:\/\/sezona.lv\/en\/wp-json\/wp\/v2\/media?parent=79578"}],"wp:term":[{"taxonomy":"product_brand","embeddable":true,"href":"https:\/\/sezona.lv\/en\/wp-json\/wp\/v2\/product_brand?post=79578"},{"taxonomy":"product_cat","embeddable":true,"href":"https:\/\/sezona.lv\/en\/wp-json\/wp\/v2\/product_cat?post=79578"},{"taxonomy":"product_tag","embeddable":true,"href":"https:\/\/sezona.lv\/en\/wp-json\/wp\/v2\/product_tag?post=79578"}],"curies":[{"name":"wp","href":"https:\/\/api.w.org\/{rel}","templated":true}]}}