{"id":79580,"date":"2025-07-14T15:42:23","date_gmt":"2025-07-14T12:42:23","guid":{"rendered":"https:\/\/demo8.ecube.lv\/sezona.lv\/products\/masku-zavetajs-osma-mts-1800\/"},"modified":"2025-07-14T15:42:23","modified_gmt":"2025-07-14T12:42:23","slug":"masku-zavetajs-osma-mts-1800","status":"publish","type":"product","link":"https:\/\/sezona.lv\/en\/products\/masku-zavetajs-osma-mts-1800\/","title":{"rendered":"Masku \u017e\u0101v\u0113t\u0101js OSMA MTS 1800"},"content":{"rendered":"<div class=\"woocommerce-product-details__short-description\">\n<p>Masku \u017e\u0101v\u0113t\u0101js OSMA MTS 1800 paredz\u0113ts l\u012bdz 9 elpo&scaron;anas masku  saudz\u012bgai  \u017e\u0101v\u0113&scaron;anai. \u017d\u0101v\u0113&scaron;anas laiks no 15-30 min\u016bt\u0113m. Ra\u017eots no  augstas  kvalitr\u0101tes ner\u016bs\u0113jo&scaron;\u0101 t\u0113rauda, apr\u012bkots ar div\u0101m sl\u0113dzam\u0101m  durv\u012bm,  iesp\u0113jama mont\u0101\u017ea pie sienas.<br \/> Pieejams paplidus apr\u012bkojums- Inform\u0101cija un cenas p\u0113c piepras\u012bjuma.<br \/> Ra\u017eots Austrij\u0101. CE sertific\u0113ts.<\/p>\n<p>Papildus:<br \/> Rot\u0113jo&scaron;ais disks 6 mask\u0101m- 417.00 EUR;<br \/> Rot\u0113jo&scaron;ais diks 8 mask\u0101m- 497.00 EUR;<br \/> Rot\u0113jo&scaron;ais disks 9 mask\u0101m- 557.00 EUR .<\/p>\n<p>Papildu inform\u0101cija<\/p>\n<address>Augstums mm: 995<\/address>\n<address>Dzi\u013cums mm: 550<\/address>\n<address>Platums mm: 900<\/address>\n<address>Ier\u012bces jauda kW: 1200 W<\/address>\n<address>Ietilp\u012bba: 9 maskas<\/address>\n<address>Papildus  opcijas: Digit\u0101lais displejs, grozs s\u012bk\u0101m liet\u0101m, PHI Clean Air (smaku  no\u0146\u0113m\u0113js un dezinfekcija) , UV dezinfekcija, uzga\u013cu cauru\u013cu \u017e\u0101v\u0113&scaron;anai,  mobilais r\u0101mis uz 4 rite\u0146iem<\/address>\n<address>Iek\u0101rtas piesl\u0113gums: 230V\/50Hz<br \/><\/address>\n<p>&nbsp;<\/p>\n<\/div>\n","protected":false},"excerpt":{"rendered":"<p>Masku \u017e\u0101v\u0113t\u0101js OSMA MTS 1800 paredz\u0113ts l\u012bdz 9 elpo&scaron;anas masku saudz\u012bgai \u017e\u0101v\u0113&scaron;anai. \u017d\u0101v\u0113&scaron;anas laiks no 15-30 min\u016bt\u0113m. Ra\u017eots no augstas kvalitr\u0101tes ner\u016bs\u0113jo&scaron;\u0101 t\u0113rauda, apr\u012bkots ar div\u0101m sl\u0113dzam\u0101m durv\u012bm, iesp\u0113jama mont\u0101\u017ea pie sienas. Pieejams paplidus apr\u012bkojums- Inform\u0101cija un cenas p\u0113c piepras\u012bjuma. Ra\u017eots Austrij\u0101. CE sertific\u0113ts. Papildus: Rot\u0113jo&scaron;ais disks 6 mask\u0101m- 417.00 EUR; Rot\u0113jo&scaron;ais diks 8 mask\u0101m- [&hellip;]<\/p>\n","protected":false},"featured_media":0,"template":"","meta":[],"product_brand":[],"product_cat":[4582,4615,4640],"product_tag":[],"class_list":{"0":"post-79580","1":"product","2":"type-product","3":"status-publish","5":"product_cat-shoe-dryers-winter-boots","6":"product_cat-winter-boots-recreation","7":"product_cat-recreation","9":"first","10":"instock","11":"shipping-taxable","12":"purchasable","13":"product-type-simple"},"_links":{"self":[{"href":"https:\/\/sezona.lv\/en\/wp-json\/wp\/v2\/product\/79580","targetHints":{"allow":["GET"]}}],"collection":[{"href":"https:\/\/sezona.lv\/en\/wp-json\/wp\/v2\/product"}],"about":[{"href":"https:\/\/sezona.lv\/en\/wp-json\/wp\/v2\/types\/product"}],"wp:attachment":[{"href":"https:\/\/sezona.lv\/en\/wp-json\/wp\/v2\/media?parent=79580"}],"wp:term":[{"taxonomy":"product_brand","embeddable":true,"href":"https:\/\/sezona.lv\/en\/wp-json\/wp\/v2\/product_brand?post=79580"},{"taxonomy":"product_cat","embeddable":true,"href":"https:\/\/sezona.lv\/en\/wp-json\/wp\/v2\/product_cat?post=79580"},{"taxonomy":"product_tag","embeddable":true,"href":"https:\/\/sezona.lv\/en\/wp-json\/wp\/v2\/product_tag?post=79580"}],"curies":[{"name":"wp","href":"https:\/\/api.w.org\/{rel}","templated":true}]}}