{"id":79581,"date":"2025-07-14T15:42:25","date_gmt":"2025-07-14T12:42:25","guid":{"rendered":"https:\/\/demo8.ecube.lv\/sezona.lv\/products\/masku-mazgasanas-un-zavesanas-skapis-osma-dts\/"},"modified":"2025-07-14T15:42:25","modified_gmt":"2025-07-14T12:42:25","slug":"masku-mazgasanas-un-zavesanas-skapis-osma-dts","status":"publish","type":"product","link":"https:\/\/sezona.lv\/en\/products\/masku-mazgasanas-un-zavesanas-skapis-osma-dts\/","title":{"rendered":"Masku mazg\u0101\u0161anas un \u017e\u0101v\u0113\u0161anas skapis OSMA DTS+"},"content":{"rendered":"<div class=\"woocommerce-product-details__short-description\">\n<p>Masku mazg\u0101&scaron;anas un \u017e\u0101v\u0113&scaron;anas skapis OSMA DTS+ paredz\u0113ts l\u012bdz 9 gab.  elpo&scaron;anas masku, \u0137iveru u.c. aksesu\u0101ru mazg\u0101&scaron;anai un saudz\u012bgai  \u017e\u0101v\u0113&scaron;anai, komplekt\u0101 UV lampa gaisa dezinfekcijai. Izgatavots no  ner\u016bs\u0113jo&scaron;\u0101 t\u0113rauda. Ra\u017eots Austrij\u0101. CE sertific\u0113ts.<\/p>\n<p>Papildus:<br \/> Rot\u0113jo&scaron;ais disks 6 mask\u0101m- 417.00 EUR;<br \/> Rot\u0113jo&scaron;ais diks 8 mask\u0101m- 497.00 EUR;<br \/> Rot\u0113jo&scaron;ais disks 9 mask\u0101m- 557.00 EUR .<br \/> Mont\u0101\u017eas komplekts- 94.00 EUR<\/p>\n<p>Papildu inform\u0101cija<\/p>\n<address>Augstums mm: 2000<\/address>\n<address>Dzi\u013cums mm: 665<br \/><\/address>\n<address>Platums mm: 1060<br \/><\/address>\n<address>Ier\u012bces jauda kW: 3.0kW<\/address>\n<address>Ietilp\u012bba: l\u012bdz 9 mask\u0101m<\/address>\n<address>Papildus opcijas: rot\u0101cijas disks no 6 l\u012bdz 9 mask\u0101m, \u016bdens sild\u012b&scaron;ana<br \/><\/address>\n<p>Iek\u0101rtas piesl\u0113gums: 230V\/50Hz, \u016bdens piesl\u0113gums, D15<\/p>\n<p>&nbsp;<\/p>\n<\/div>\n","protected":false},"excerpt":{"rendered":"<p>Masku mazg\u0101&scaron;anas un \u017e\u0101v\u0113&scaron;anas skapis OSMA DTS+ paredz\u0113ts l\u012bdz 9 gab. elpo&scaron;anas masku, \u0137iveru u.c. aksesu\u0101ru mazg\u0101&scaron;anai un saudz\u012bgai \u017e\u0101v\u0113&scaron;anai, komplekt\u0101 UV lampa gaisa dezinfekcijai. Izgatavots no ner\u016bs\u0113jo&scaron;\u0101 t\u0113rauda. Ra\u017eots Austrij\u0101. CE sertific\u0113ts. Papildus: Rot\u0113jo&scaron;ais disks 6 mask\u0101m- 417.00 EUR; Rot\u0113jo&scaron;ais diks 8 mask\u0101m- 497.00 EUR; Rot\u0113jo&scaron;ais disks 9 mask\u0101m- 557.00 EUR . Mont\u0101\u017eas komplekts- [&hellip;]<\/p>\n","protected":false},"featured_media":0,"template":"","meta":[],"product_brand":[],"product_cat":[4582,4615,4640],"product_tag":[],"class_list":{"0":"post-79581","1":"product","2":"type-product","3":"status-publish","5":"product_cat-shoe-dryers-winter-boots","6":"product_cat-winter-boots-recreation","7":"product_cat-recreation","9":"first","10":"instock","11":"shipping-taxable","12":"purchasable","13":"product-type-simple"},"_links":{"self":[{"href":"https:\/\/sezona.lv\/en\/wp-json\/wp\/v2\/product\/79581","targetHints":{"allow":["GET"]}}],"collection":[{"href":"https:\/\/sezona.lv\/en\/wp-json\/wp\/v2\/product"}],"about":[{"href":"https:\/\/sezona.lv\/en\/wp-json\/wp\/v2\/types\/product"}],"wp:attachment":[{"href":"https:\/\/sezona.lv\/en\/wp-json\/wp\/v2\/media?parent=79581"}],"wp:term":[{"taxonomy":"product_brand","embeddable":true,"href":"https:\/\/sezona.lv\/en\/wp-json\/wp\/v2\/product_brand?post=79581"},{"taxonomy":"product_cat","embeddable":true,"href":"https:\/\/sezona.lv\/en\/wp-json\/wp\/v2\/product_cat?post=79581"},{"taxonomy":"product_tag","embeddable":true,"href":"https:\/\/sezona.lv\/en\/wp-json\/wp\/v2\/product_tag?post=79581"}],"curies":[{"name":"wp","href":"https:\/\/api.w.org\/{rel}","templated":true}]}}