{"id":79582,"date":"2025-07-14T15:42:26","date_gmt":"2025-07-14T12:42:26","guid":{"rendered":"https:\/\/demo8.ecube.lv\/sezona.lv\/products\/mammut-magic-guide-high-gtx\/"},"modified":"2025-07-14T15:42:26","modified_gmt":"2025-07-14T12:42:26","slug":"mammut-magic-guide-high-gtx","status":"publish","type":"product","link":"https:\/\/sezona.lv\/en\/products\/mammut-magic-guide-high-gtx\/","title":{"rendered":"Mammut Magic Guide High GTX\u00ae"},"content":{"rendered":"<p>Svars: [g] UK 8.5 870g<br \/> Specifik\u0101cija:<br \/> Pamatmateri\u0101ls:<br \/> <span class=\"mm-product-description__feature\">Idro-Perwanger leather (3.0 \/ 2.4 mm) | textile<\/span><br \/> Zole:<br \/> <span class=\"mm-product-description__feature\">vibram&reg; Maton | Light PU &amp; Poro wedge | Insulated carbon insole<\/span><br \/> \u012aek&scaron;\u0113jais materi\u0101ls:<br \/> <span class=\"mm-product-description__feature\">GORE-TEX&reg; Insulated Comfort Footwear 72% PA \/ 28% PES<br \/> <\/span><\/p>\n<p>Insulation (EN ISO 20334)-25 &deg;C<\/p>\n","protected":false},"excerpt":{"rendered":"<p>Svars: [g] UK 8.5 870g Specifik\u0101cija: Pamatmateri\u0101ls: Idro-Perwanger leather (3.0 \/ 2.4 mm) | textile Zole: vibram&reg; Maton | Light PU &amp; Poro wedge | Insulated carbon insole \u012aek&scaron;\u0113jais materi\u0101ls: GORE-TEX&reg; Insulated Comfort Footwear 72% PA \/ 28% PES Insulation (EN ISO 20334)-25 &deg;C<\/p>\n","protected":false},"featured_media":0,"template":"","meta":[],"product_brand":[3386],"product_cat":[4558,4640,5023,5024],"product_tag":[],"class_list":{"0":"post-79582","1":"product","2":"type-product","3":"status-publish","5":"product_brand-mammut","6":"product_cat-for-tourism-recreation","7":"product_cat-recreation","8":"product_cat-footwear-for-tourism-recreation","9":"product_cat-climbing-boots-footwear-for-tourism-recreation","11":"first","12":"instock","13":"shipping-taxable","14":"purchasable","15":"product-type-simple"},"_links":{"self":[{"href":"https:\/\/sezona.lv\/en\/wp-json\/wp\/v2\/product\/79582","targetHints":{"allow":["GET"]}}],"collection":[{"href":"https:\/\/sezona.lv\/en\/wp-json\/wp\/v2\/product"}],"about":[{"href":"https:\/\/sezona.lv\/en\/wp-json\/wp\/v2\/types\/product"}],"wp:attachment":[{"href":"https:\/\/sezona.lv\/en\/wp-json\/wp\/v2\/media?parent=79582"}],"wp:term":[{"taxonomy":"product_brand","embeddable":true,"href":"https:\/\/sezona.lv\/en\/wp-json\/wp\/v2\/product_brand?post=79582"},{"taxonomy":"product_cat","embeddable":true,"href":"https:\/\/sezona.lv\/en\/wp-json\/wp\/v2\/product_cat?post=79582"},{"taxonomy":"product_tag","embeddable":true,"href":"https:\/\/sezona.lv\/en\/wp-json\/wp\/v2\/product_tag?post=79582"}],"curies":[{"name":"wp","href":"https:\/\/api.w.org\/{rel}","templated":true}]}}