{"id":79583,"date":"2025-07-11T17:08:05","date_gmt":"2025-07-11T14:08:05","guid":{"rendered":"https:\/\/demo8.ecube.lv\/sezona.lv\/products\/mammut-magic-advanced-high-gtx-men\/"},"modified":"2025-07-14T15:42:26","modified_gmt":"2025-07-14T12:42:26","slug":"mammut-magic-advanced-high-gtx-men","status":"publish","type":"product","link":"https:\/\/sezona.lv\/en\/products\/mammut-magic-advanced-high-gtx-men\/","title":{"rendered":"Mammut Magic Advanced High GTX Men"},"content":{"rendered":"<p>Materi\u0101ls: Microfiber Racing, GORE-TEX&reg; Performance Comfort Footwear, Vibram&reg; Maton<\/p>\n<p>&Scaron;ie alp\u012bnisma z\u0101baki izce\u013cas ar savu vieglumu, tehnisko pielietojumu  un modernu izskatu. Dubultais v\u012b\u013cu &scaron;uvums, Motion Control un Base Fit&reg;  2.0 patent\u0113t\u0101 tehnolo\u0123ija nodro&scaron;ina v\u0113l liel\u0101ku pot\u012btes atbalstu un  dro&scaron;umu, k\u0101 ar\u012b v\u0113l maz\u0101ku tulznu veido&scaron;an\u0101s iesp\u0113jam\u012bbu. Memo Foam, kas  piel\u0101gojas p\u0113dai, bez &scaron;uvju pap\u0113\u017ea odere, Elastic GORE-TEX&reg; m\u0113l\u012btes  konstrukcija un 3-zonu sadal\u012bjums palielina komfortu jebkur\u0101s kalnu  aktivit\u0101t\u0113s. Vibram zole nodro&scaron;ina labu sa\u0137eri un stabilit\u0101ti uz da\u017e\u0101d\u0101m  virsm\u0101m. Iesp\u0113ja savienot ar jebkuriem dzelk&scaron;\u0146iem. Izol\u0101cijas v\u0113rt\u012bba:  -20 &deg;C (EN ISO 20344). Piem\u0113roti klasiskajam alp\u012bnismam, miltipi\u010du  klin&scaron;k\u0101p&scaron;anai aukstos laikapst\u0101k\u013cos, ViaFerrata un kalnu p\u0101rg\u0101jieniem.<\/p>\n<p>Svars: 1662g<\/p>\n","protected":false},"excerpt":{"rendered":"<p>Materi\u0101ls: Microfiber Racing, GORE-TEX&reg; Performance Comfort Footwear, Vibram&reg; Maton &Scaron;ie alp\u012bnisma z\u0101baki izce\u013cas ar savu vieglumu, tehnisko pielietojumu un modernu izskatu. Dubultais v\u012b\u013cu &scaron;uvums, Motion Control un Base Fit&reg; 2.0 patent\u0113t\u0101 tehnolo\u0123ija nodro&scaron;ina v\u0113l liel\u0101ku pot\u012btes atbalstu un dro&scaron;umu, k\u0101 ar\u012b v\u0113l maz\u0101ku tulznu veido&scaron;an\u0101s iesp\u0113jam\u012bbu. Memo Foam, kas piel\u0101gojas p\u0113dai, bez &scaron;uvju pap\u0113\u017ea odere, [&hellip;]<\/p>\n","protected":false},"featured_media":73424,"template":"","meta":[],"product_brand":[3386],"product_cat":[4558,5023,5024],"product_tag":[],"class_list":{"0":"post-79583","1":"product","2":"type-product","3":"status-publish","4":"has-post-thumbnail","6":"product_brand-mammut","7":"product_cat-for-tourism-recreation","8":"product_cat-footwear-for-tourism-recreation","9":"product_cat-climbing-boots-footwear-for-tourism-recreation","11":"first","12":"instock","13":"shipping-taxable","14":"purchasable","15":"product-type-simple"},"_links":{"self":[{"href":"https:\/\/sezona.lv\/en\/wp-json\/wp\/v2\/product\/79583","targetHints":{"allow":["GET"]}}],"collection":[{"href":"https:\/\/sezona.lv\/en\/wp-json\/wp\/v2\/product"}],"about":[{"href":"https:\/\/sezona.lv\/en\/wp-json\/wp\/v2\/types\/product"}],"wp:featuredmedia":[{"embeddable":true,"href":"https:\/\/sezona.lv\/en\/wp-json\/wp\/v2\/media\/73424"}],"wp:attachment":[{"href":"https:\/\/sezona.lv\/en\/wp-json\/wp\/v2\/media?parent=79583"}],"wp:term":[{"taxonomy":"product_brand","embeddable":true,"href":"https:\/\/sezona.lv\/en\/wp-json\/wp\/v2\/product_brand?post=79583"},{"taxonomy":"product_cat","embeddable":true,"href":"https:\/\/sezona.lv\/en\/wp-json\/wp\/v2\/product_cat?post=79583"},{"taxonomy":"product_tag","embeddable":true,"href":"https:\/\/sezona.lv\/en\/wp-json\/wp\/v2\/product_tag?post=79583"}],"curies":[{"name":"wp","href":"https:\/\/api.w.org\/{rel}","templated":true}]}}