{"id":79585,"date":"2025-07-11T17:08:09","date_gmt":"2025-07-11T14:08:09","guid":{"rendered":"https:\/\/demo8.ecube.lv\/sezona.lv\/products\/mammut-trekinga-apavi-t-aenergy-high-gtx-women\/"},"modified":"2025-07-14T15:42:29","modified_gmt":"2025-07-14T12:42:29","slug":"mammut-trekinga-apavi-t-aenergy-high-gtx-women","status":"publish","type":"product","link":"https:\/\/sezona.lv\/en\/products\/mammut-trekinga-apavi-t-aenergy-high-gtx-women\/","title":{"rendered":"Mammut trekinga apavi T Aenergy High GTX\u00ae Women"},"content":{"rendered":"<p>Trekinga apavi<\/p>\n<p>Multi-day hikes, Trekking, Backpacking, Mountain Hiking, Hiking<\/p>\n<p>Svars: [g] UK 5.5 511 g.<br \/> Pamatmateri\u0101ls: Dropstop textil<br \/> Zole: Vibram scale, high rebound EVA wedge<br \/> \u012aek&scaron;\u0113jais materi\u0101ls: Gore-Tex Performance Comfort footwear.<\/p>\n","protected":false},"excerpt":{"rendered":"<p>Trekinga apavi Multi-day hikes, Trekking, Backpacking, Mountain Hiking, Hiking Svars: [g] UK 5.5 511 g. Pamatmateri\u0101ls: Dropstop textil Zole: Vibram scale, high rebound EVA wedge \u012aek&scaron;\u0113jais materi\u0101ls: Gore-Tex Performance Comfort footwear.<\/p>\n","protected":false},"featured_media":73430,"template":"","meta":[],"product_brand":[3386],"product_cat":[4558,5023,5025],"product_tag":[],"class_list":{"0":"post-79585","1":"product","2":"type-product","3":"status-publish","4":"has-post-thumbnail","6":"product_brand-mammut","7":"product_cat-for-tourism-recreation","8":"product_cat-footwear-for-tourism-recreation","9":"product_cat-hiking-footwear-for-tourism-recreation","11":"first","12":"instock","13":"shipping-taxable","14":"purchasable","15":"product-type-simple"},"_links":{"self":[{"href":"https:\/\/sezona.lv\/en\/wp-json\/wp\/v2\/product\/79585","targetHints":{"allow":["GET"]}}],"collection":[{"href":"https:\/\/sezona.lv\/en\/wp-json\/wp\/v2\/product"}],"about":[{"href":"https:\/\/sezona.lv\/en\/wp-json\/wp\/v2\/types\/product"}],"wp:featuredmedia":[{"embeddable":true,"href":"https:\/\/sezona.lv\/en\/wp-json\/wp\/v2\/media\/73430"}],"wp:attachment":[{"href":"https:\/\/sezona.lv\/en\/wp-json\/wp\/v2\/media?parent=79585"}],"wp:term":[{"taxonomy":"product_brand","embeddable":true,"href":"https:\/\/sezona.lv\/en\/wp-json\/wp\/v2\/product_brand?post=79585"},{"taxonomy":"product_cat","embeddable":true,"href":"https:\/\/sezona.lv\/en\/wp-json\/wp\/v2\/product_cat?post=79585"},{"taxonomy":"product_tag","embeddable":true,"href":"https:\/\/sezona.lv\/en\/wp-json\/wp\/v2\/product_tag?post=79585"}],"curies":[{"name":"wp","href":"https:\/\/api.w.org\/{rel}","templated":true}]}}