{"id":79590,"date":"2025-07-11T17:08:19","date_gmt":"2025-07-11T14:08:19","guid":{"rendered":"https:\/\/demo8.ecube.lv\/sezona.lv\/products\/mammut-pargajiena-apavi-hueco-advanced-mid-gtx-men\/"},"modified":"2025-07-14T15:42:35","modified_gmt":"2025-07-14T12:42:35","slug":"mammut-pargajiena-apavi-hueco-advanced-mid-gtx-men","status":"publish","type":"product","link":"https:\/\/sezona.lv\/en\/products\/mammut-pargajiena-apavi-hueco-advanced-mid-gtx-men\/","title":{"rendered":"Mammut p\u0101rg\u0101jiena apavi Hueco Advanced Mid GTX\u00ae Men"},"content":{"rendered":"<p>P\u0101rg\u0101jiena apavi<\/p>\n<p>Approach, Every day<\/p>\n<p>Svars: [g] UK 8.5 415 g.<br \/> Pamatmateri\u0101ls: Volleder.<br \/> Zole: EVA wedge.<br \/> \u012aek&scaron;\u0113jais materi\u0101ls: Gore-Tex Performance Comfort footwear.<\/p>\n","protected":false},"excerpt":{"rendered":"<p>P\u0101rg\u0101jiena apavi Approach, Every day Svars: [g] UK 8.5 415 g. Pamatmateri\u0101ls: Volleder. Zole: EVA wedge. \u012aek&scaron;\u0113jais materi\u0101ls: Gore-Tex Performance Comfort footwear.<\/p>\n","protected":false},"featured_media":73475,"template":"","meta":[],"product_brand":[3386],"product_cat":[4558,5023,5025],"product_tag":[],"class_list":{"0":"post-79590","1":"product","2":"type-product","3":"status-publish","4":"has-post-thumbnail","6":"product_brand-mammut","7":"product_cat-for-tourism-recreation","8":"product_cat-footwear-for-tourism-recreation","9":"product_cat-hiking-footwear-for-tourism-recreation","11":"first","12":"instock","13":"shipping-taxable","14":"purchasable","15":"product-type-simple"},"_links":{"self":[{"href":"https:\/\/sezona.lv\/en\/wp-json\/wp\/v2\/product\/79590","targetHints":{"allow":["GET"]}}],"collection":[{"href":"https:\/\/sezona.lv\/en\/wp-json\/wp\/v2\/product"}],"about":[{"href":"https:\/\/sezona.lv\/en\/wp-json\/wp\/v2\/types\/product"}],"wp:featuredmedia":[{"embeddable":true,"href":"https:\/\/sezona.lv\/en\/wp-json\/wp\/v2\/media\/73475"}],"wp:attachment":[{"href":"https:\/\/sezona.lv\/en\/wp-json\/wp\/v2\/media?parent=79590"}],"wp:term":[{"taxonomy":"product_brand","embeddable":true,"href":"https:\/\/sezona.lv\/en\/wp-json\/wp\/v2\/product_brand?post=79590"},{"taxonomy":"product_cat","embeddable":true,"href":"https:\/\/sezona.lv\/en\/wp-json\/wp\/v2\/product_cat?post=79590"},{"taxonomy":"product_tag","embeddable":true,"href":"https:\/\/sezona.lv\/en\/wp-json\/wp\/v2\/product_tag?post=79590"}],"curies":[{"name":"wp","href":"https:\/\/api.w.org\/{rel}","templated":true}]}}