{"id":79591,"date":"2025-07-14T15:42:36","date_gmt":"2025-07-14T12:42:36","guid":{"rendered":"https:\/\/demo8.ecube.lv\/sezona.lv\/products\/mammut-trekinga-apavi-alnasca-knit-low-gtx-men\/"},"modified":"2025-07-14T15:42:36","modified_gmt":"2025-07-14T12:42:36","slug":"mammut-trekinga-apavi-alnasca-knit-low-gtx-men","status":"publish","type":"product","link":"https:\/\/sezona.lv\/en\/products\/mammut-trekinga-apavi-alnasca-knit-low-gtx-men\/","title":{"rendered":"Mammut trekinga apavi Alnasca Knit Low GTX Men"},"content":{"rendered":"<p><span class=\"navigation_page\">Trekinga apavi.<\/span><\/p>\n<p>Svars: [g] UK 8,5 690 g.<\/p>\n<p>Specifik\u0101cija:<br \/> Pamatmateri\u0101ls:<br \/> 3D knitted; Vent mesh<br \/> Zole:<br \/> Michelin Rock Tech<br \/> \u012aek&scaron;\u0113jais materi\u0101ls:<br \/> GORE-TEX&reg; Stretch mesh<\/p>\n","protected":false},"excerpt":{"rendered":"<p>Trekinga apavi. Svars: [g] UK 8,5 690 g. Specifik\u0101cija: Pamatmateri\u0101ls: 3D knitted; Vent mesh Zole: Michelin Rock Tech \u012aek&scaron;\u0113jais materi\u0101ls: GORE-TEX&reg; Stretch mesh<\/p>\n","protected":false},"featured_media":0,"template":"","meta":[],"product_brand":[3386],"product_cat":[4558,4640,5023,5025],"product_tag":[],"class_list":{"0":"post-79591","1":"product","2":"type-product","3":"status-publish","5":"product_brand-mammut","6":"product_cat-for-tourism-recreation","7":"product_cat-recreation","8":"product_cat-footwear-for-tourism-recreation","9":"product_cat-hiking-footwear-for-tourism-recreation","11":"first","12":"instock","13":"shipping-taxable","14":"purchasable","15":"product-type-simple"},"_links":{"self":[{"href":"https:\/\/sezona.lv\/en\/wp-json\/wp\/v2\/product\/79591","targetHints":{"allow":["GET"]}}],"collection":[{"href":"https:\/\/sezona.lv\/en\/wp-json\/wp\/v2\/product"}],"about":[{"href":"https:\/\/sezona.lv\/en\/wp-json\/wp\/v2\/types\/product"}],"wp:attachment":[{"href":"https:\/\/sezona.lv\/en\/wp-json\/wp\/v2\/media?parent=79591"}],"wp:term":[{"taxonomy":"product_brand","embeddable":true,"href":"https:\/\/sezona.lv\/en\/wp-json\/wp\/v2\/product_brand?post=79591"},{"taxonomy":"product_cat","embeddable":true,"href":"https:\/\/sezona.lv\/en\/wp-json\/wp\/v2\/product_cat?post=79591"},{"taxonomy":"product_tag","embeddable":true,"href":"https:\/\/sezona.lv\/en\/wp-json\/wp\/v2\/product_tag?post=79591"}],"curies":[{"name":"wp","href":"https:\/\/api.w.org\/{rel}","templated":true}]}}