{"id":79594,"date":"2025-07-11T17:08:27","date_gmt":"2025-07-11T14:08:27","guid":{"rendered":"https:\/\/demo8.ecube.lv\/sezona.lv\/products\/mammut-mercury-tour-high-gtx\/"},"modified":"2025-07-14T15:42:41","modified_gmt":"2025-07-14T12:42:41","slug":"mammut-mercury-tour-high-gtx","status":"publish","type":"product","link":"https:\/\/sezona.lv\/en\/products\/mammut-mercury-tour-high-gtx\/","title":{"rendered":"Mammut Mercury Tour High GTX\u00ae"},"content":{"rendered":"<p>Svars: [g] UK 8.5 659 g.<\/p>\n<p>Specifik\u0101cija:<br \/> Pamatmateri\u0101ls:<br \/> <span class=\"mm-product-description__feature\"><span class=\"mm-product-description__feature\">Nubuk leather | Velours leather | textile<\/span><\/span><br \/> Zole:<br \/> <span class=\"mm-product-description__feature\"><span class=\"mm-product-description__feature\">vibram&reg; Scale | EVA wedge <\/span><\/span><br \/> \u012aek&scaron;\u0113jais materi\u0101ls:<br \/> <span class=\"mm-product-description__feature\"><span class=\"mm-product-description__feature\"><span class=\"mm-product-description__feature\"><span class=\"mm-product-description__feature\">GORE-TEX Performance Comfort Footwear<\/span><\/span><\/span><\/span><\/p>\n","protected":false},"excerpt":{"rendered":"<p>Svars: [g] UK 8.5 659 g. Specifik\u0101cija: Pamatmateri\u0101ls: Nubuk leather | Velours leather | textile Zole: vibram&reg; Scale | EVA wedge \u012aek&scaron;\u0113jais materi\u0101ls: GORE-TEX Performance Comfort Footwear<\/p>\n","protected":false},"featured_media":73502,"template":"","meta":[],"product_brand":[3386],"product_cat":[4558,5023,5025],"product_tag":[],"class_list":{"0":"post-79594","1":"product","2":"type-product","3":"status-publish","4":"has-post-thumbnail","6":"product_brand-mammut","7":"product_cat-for-tourism-recreation","8":"product_cat-footwear-for-tourism-recreation","9":"product_cat-hiking-footwear-for-tourism-recreation","11":"first","12":"instock","13":"shipping-taxable","14":"purchasable","15":"product-type-simple"},"_links":{"self":[{"href":"https:\/\/sezona.lv\/en\/wp-json\/wp\/v2\/product\/79594","targetHints":{"allow":["GET"]}}],"collection":[{"href":"https:\/\/sezona.lv\/en\/wp-json\/wp\/v2\/product"}],"about":[{"href":"https:\/\/sezona.lv\/en\/wp-json\/wp\/v2\/types\/product"}],"wp:featuredmedia":[{"embeddable":true,"href":"https:\/\/sezona.lv\/en\/wp-json\/wp\/v2\/media\/73502"}],"wp:attachment":[{"href":"https:\/\/sezona.lv\/en\/wp-json\/wp\/v2\/media?parent=79594"}],"wp:term":[{"taxonomy":"product_brand","embeddable":true,"href":"https:\/\/sezona.lv\/en\/wp-json\/wp\/v2\/product_brand?post=79594"},{"taxonomy":"product_cat","embeddable":true,"href":"https:\/\/sezona.lv\/en\/wp-json\/wp\/v2\/product_cat?post=79594"},{"taxonomy":"product_tag","embeddable":true,"href":"https:\/\/sezona.lv\/en\/wp-json\/wp\/v2\/product_tag?post=79594"}],"curies":[{"name":"wp","href":"https:\/\/api.w.org\/{rel}","templated":true}]}}