{"id":79598,"date":"2025-07-11T17:08:35","date_gmt":"2025-07-11T14:08:35","guid":{"rendered":"https:\/\/demo8.ecube.lv\/sezona.lv\/products\/mammut-nova-iii-mid-gtx-w\/"},"modified":"2025-07-14T15:42:45","modified_gmt":"2025-07-14T12:42:45","slug":"mammut-nova-iii-mid-gtx-w","status":"publish","type":"product","link":"https:\/\/sezona.lv\/en\/products\/mammut-nova-iii-mid-gtx-w\/","title":{"rendered":"Mammut Nova III Mid GTX W"},"content":{"rendered":"<p>&nbsp;<\/p>\n<p><p>Svars: [g] UK 5.5 460g<\/p>\n<p>Specifik\u0101cija:<br \/> Pamatmateri\u0101ls:<br \/> Nubuk Leder | Velours Leder | Softshell<br \/> Zole:<br \/> vibram&reg; Frog Grip EVA wedge<br \/> \u012aek&scaron;\u0113jais materi\u0101ls:<br \/> GORE-TEX Performance Comfort Footwear<\/p>\n<\/p>\n<p>&nbsp;<\/p>\n","protected":false},"excerpt":{"rendered":"<p>&nbsp; Svars: [g] UK 5.5 460g Specifik\u0101cija: Pamatmateri\u0101ls: Nubuk Leder | Velours Leder | Softshell Zole: vibram&reg; Frog Grip EVA wedge \u012aek&scaron;\u0113jais materi\u0101ls: GORE-TEX Performance Comfort Footwear &nbsp;<\/p>\n","protected":false},"featured_media":73525,"template":"","meta":[],"product_brand":[3386],"product_cat":[4558,5023,5025],"product_tag":[],"class_list":{"0":"post-79598","1":"product","2":"type-product","3":"status-publish","4":"has-post-thumbnail","6":"product_brand-mammut","7":"product_cat-for-tourism-recreation","8":"product_cat-footwear-for-tourism-recreation","9":"product_cat-hiking-footwear-for-tourism-recreation","11":"first","12":"instock","13":"shipping-taxable","14":"purchasable","15":"product-type-simple"},"_links":{"self":[{"href":"https:\/\/sezona.lv\/en\/wp-json\/wp\/v2\/product\/79598","targetHints":{"allow":["GET"]}}],"collection":[{"href":"https:\/\/sezona.lv\/en\/wp-json\/wp\/v2\/product"}],"about":[{"href":"https:\/\/sezona.lv\/en\/wp-json\/wp\/v2\/types\/product"}],"wp:featuredmedia":[{"embeddable":true,"href":"https:\/\/sezona.lv\/en\/wp-json\/wp\/v2\/media\/73525"}],"wp:attachment":[{"href":"https:\/\/sezona.lv\/en\/wp-json\/wp\/v2\/media?parent=79598"}],"wp:term":[{"taxonomy":"product_brand","embeddable":true,"href":"https:\/\/sezona.lv\/en\/wp-json\/wp\/v2\/product_brand?post=79598"},{"taxonomy":"product_cat","embeddable":true,"href":"https:\/\/sezona.lv\/en\/wp-json\/wp\/v2\/product_cat?post=79598"},{"taxonomy":"product_tag","embeddable":true,"href":"https:\/\/sezona.lv\/en\/wp-json\/wp\/v2\/product_tag?post=79598"}],"curies":[{"name":"wp","href":"https:\/\/api.w.org\/{rel}","templated":true}]}}