{"id":79599,"date":"2025-07-14T15:42:46","date_gmt":"2025-07-14T12:42:46","guid":{"rendered":"https:\/\/demo8.ecube.lv\/sezona.lv\/products\/mammut-ultimate-pro-low-gtx-w\/"},"modified":"2025-07-14T15:42:46","modified_gmt":"2025-07-14T12:42:46","slug":"mammut-ultimate-pro-low-gtx-w","status":"publish","type":"product","link":"https:\/\/sezona.lv\/en\/products\/mammut-ultimate-pro-low-gtx-w\/","title":{"rendered":"Mammut Ultimate Pro Low GTX W"},"content":{"rendered":"<p>Svars: [g] UK 5.5 285g<\/p>\n<p>Specifik\u0101cija:<br \/> Pamatmateri\u0101ls:<br \/> schoeller | soft shell | non sew TPU<br \/> Zole:<br \/> gripex | Tri Traction | Eva wedge Base Cage<br \/> \u012aek&scaron;\u0113jais materi\u0101ls:<br \/> GORE-TEX Extended Comfort Footwerar<\/p>\n","protected":false},"excerpt":{"rendered":"<p>Svars: [g] UK 5.5 285g Specifik\u0101cija: Pamatmateri\u0101ls: schoeller | soft shell | non sew TPU Zole: gripex | Tri Traction | Eva wedge Base Cage \u012aek&scaron;\u0113jais materi\u0101ls: GORE-TEX Extended Comfort Footwerar<\/p>\n","protected":false},"featured_media":0,"template":"","meta":[],"product_brand":[3386],"product_cat":[4558,4640,5023,5025],"product_tag":[],"class_list":{"0":"post-79599","1":"product","2":"type-product","3":"status-publish","5":"product_brand-mammut","6":"product_cat-for-tourism-recreation","7":"product_cat-recreation","8":"product_cat-footwear-for-tourism-recreation","9":"product_cat-hiking-footwear-for-tourism-recreation","11":"first","12":"instock","13":"shipping-taxable","14":"purchasable","15":"product-type-simple"},"_links":{"self":[{"href":"https:\/\/sezona.lv\/en\/wp-json\/wp\/v2\/product\/79599","targetHints":{"allow":["GET"]}}],"collection":[{"href":"https:\/\/sezona.lv\/en\/wp-json\/wp\/v2\/product"}],"about":[{"href":"https:\/\/sezona.lv\/en\/wp-json\/wp\/v2\/types\/product"}],"wp:attachment":[{"href":"https:\/\/sezona.lv\/en\/wp-json\/wp\/v2\/media?parent=79599"}],"wp:term":[{"taxonomy":"product_brand","embeddable":true,"href":"https:\/\/sezona.lv\/en\/wp-json\/wp\/v2\/product_brand?post=79599"},{"taxonomy":"product_cat","embeddable":true,"href":"https:\/\/sezona.lv\/en\/wp-json\/wp\/v2\/product_cat?post=79599"},{"taxonomy":"product_tag","embeddable":true,"href":"https:\/\/sezona.lv\/en\/wp-json\/wp\/v2\/product_tag?post=79599"}],"curies":[{"name":"wp","href":"https:\/\/api.w.org\/{rel}","templated":true}]}}