{"id":79600,"date":"2025-07-11T17:08:40","date_gmt":"2025-07-11T14:08:40","guid":{"rendered":"https:\/\/demo8.ecube.lv\/sezona.lv\/products\/mammut-alvra-low-lth-women\/"},"modified":"2025-07-14T15:42:47","modified_gmt":"2025-07-14T12:42:47","slug":"mammut-alvra-low-lth-women","status":"publish","type":"product","link":"https:\/\/sezona.lv\/en\/products\/mammut-alvra-low-lth-women\/","title":{"rendered":"Mammut Alvra Low LTH Women"},"content":{"rendered":"<p>Svars: [g] UK 8.5 388g<\/p>\n<p>Specifik\u0101cija:<br \/> Pamatmateri\u0101ls:<br \/> Full grain leather | textile<br \/> Zole:<br \/> vibram&reg; Predator<br \/> \u012aek&scaron;\u0113jais materi\u0101ls:<br \/> Leather<\/p>\n","protected":false},"excerpt":{"rendered":"<p>Svars: [g] UK 8.5 388g Specifik\u0101cija: Pamatmateri\u0101ls: Full grain leather | textile Zole: vibram&reg; Predator \u012aek&scaron;\u0113jais materi\u0101ls: Leather<\/p>\n","protected":false},"featured_media":73528,"template":"","meta":[],"product_brand":[3386],"product_cat":[4558,5023,5025],"product_tag":[],"class_list":{"0":"post-79600","1":"product","2":"type-product","3":"status-publish","4":"has-post-thumbnail","6":"product_brand-mammut","7":"product_cat-for-tourism-recreation","8":"product_cat-footwear-for-tourism-recreation","9":"product_cat-hiking-footwear-for-tourism-recreation","11":"first","12":"instock","13":"shipping-taxable","14":"purchasable","15":"product-type-simple"},"_links":{"self":[{"href":"https:\/\/sezona.lv\/en\/wp-json\/wp\/v2\/product\/79600","targetHints":{"allow":["GET"]}}],"collection":[{"href":"https:\/\/sezona.lv\/en\/wp-json\/wp\/v2\/product"}],"about":[{"href":"https:\/\/sezona.lv\/en\/wp-json\/wp\/v2\/types\/product"}],"wp:featuredmedia":[{"embeddable":true,"href":"https:\/\/sezona.lv\/en\/wp-json\/wp\/v2\/media\/73528"}],"wp:attachment":[{"href":"https:\/\/sezona.lv\/en\/wp-json\/wp\/v2\/media?parent=79600"}],"wp:term":[{"taxonomy":"product_brand","embeddable":true,"href":"https:\/\/sezona.lv\/en\/wp-json\/wp\/v2\/product_brand?post=79600"},{"taxonomy":"product_cat","embeddable":true,"href":"https:\/\/sezona.lv\/en\/wp-json\/wp\/v2\/product_cat?post=79600"},{"taxonomy":"product_tag","embeddable":true,"href":"https:\/\/sezona.lv\/en\/wp-json\/wp\/v2\/product_tag?post=79600"}],"curies":[{"name":"wp","href":"https:\/\/api.w.org\/{rel}","templated":true}]}}