{"id":79602,"date":"2025-07-11T17:08:46","date_gmt":"2025-07-11T14:08:46","guid":{"rendered":"https:\/\/demo8.ecube.lv\/sezona.lv\/products\/mammut-chamuera-mid-wp-men\/"},"modified":"2025-07-14T15:42:49","modified_gmt":"2025-07-14T12:42:49","slug":"mammut-chamuera-mid-wp-men","status":"publish","type":"product","link":"https:\/\/sezona.lv\/en\/products\/mammut-chamuera-mid-wp-men\/","title":{"rendered":"Mammut Chamuera Mid WP Men"},"content":{"rendered":"<p><strong>Svars:&nbsp;[g] UK 8.5 422g<\/strong><\/p>\n<p>&nbsp;<\/p>\n<p><strong>Specifik\u0101cija:<br \/> Pamatmateri\u0101ls:<\/strong><br \/> Volleder | Velours Leder | Textil<br \/> <strong>Zole:<br \/> <\/strong>vibram&reg; Predator<br \/> <strong>\u012aek&scaron;\u0113jais materi\u0101ls:<br \/> <\/strong>WaterProof Warm Lining 100% PES<\/p>\n","protected":false},"excerpt":{"rendered":"<p>Svars:&nbsp;[g] UK 8.5 422g &nbsp; Specifik\u0101cija: Pamatmateri\u0101ls: Volleder | Velours Leder | Textil Zole: vibram&reg; Predator \u012aek&scaron;\u0113jais materi\u0101ls: WaterProof Warm Lining 100% PES<\/p>\n","protected":false},"featured_media":73552,"template":"","meta":[],"product_brand":[3386],"product_cat":[4558,5023,5025],"product_tag":[],"class_list":{"0":"post-79602","1":"product","2":"type-product","3":"status-publish","4":"has-post-thumbnail","6":"product_brand-mammut","7":"product_cat-for-tourism-recreation","8":"product_cat-footwear-for-tourism-recreation","9":"product_cat-hiking-footwear-for-tourism-recreation","11":"first","12":"instock","13":"shipping-taxable","14":"purchasable","15":"product-type-simple"},"_links":{"self":[{"href":"https:\/\/sezona.lv\/en\/wp-json\/wp\/v2\/product\/79602","targetHints":{"allow":["GET"]}}],"collection":[{"href":"https:\/\/sezona.lv\/en\/wp-json\/wp\/v2\/product"}],"about":[{"href":"https:\/\/sezona.lv\/en\/wp-json\/wp\/v2\/types\/product"}],"wp:featuredmedia":[{"embeddable":true,"href":"https:\/\/sezona.lv\/en\/wp-json\/wp\/v2\/media\/73552"}],"wp:attachment":[{"href":"https:\/\/sezona.lv\/en\/wp-json\/wp\/v2\/media?parent=79602"}],"wp:term":[{"taxonomy":"product_brand","embeddable":true,"href":"https:\/\/sezona.lv\/en\/wp-json\/wp\/v2\/product_brand?post=79602"},{"taxonomy":"product_cat","embeddable":true,"href":"https:\/\/sezona.lv\/en\/wp-json\/wp\/v2\/product_cat?post=79602"},{"taxonomy":"product_tag","embeddable":true,"href":"https:\/\/sezona.lv\/en\/wp-json\/wp\/v2\/product_tag?post=79602"}],"curies":[{"name":"wp","href":"https:\/\/api.w.org\/{rel}","templated":true}]}}