{"id":79603,"date":"2025-07-11T17:08:47","date_gmt":"2025-07-11T14:08:47","guid":{"rendered":"https:\/\/demo8.ecube.lv\/sezona.lv\/products\/mammut-pargajiena-apavi-t-aenergy-high-gtx-m\/"},"modified":"2025-07-14T15:42:50","modified_gmt":"2025-07-14T12:42:50","slug":"mammut-pargajiena-apavi-t-aenergy-high-gtx-m","status":"publish","type":"product","link":"https:\/\/sezona.lv\/en\/products\/mammut-pargajiena-apavi-t-aenergy-high-gtx-m\/","title":{"rendered":"Mammut p\u0101rg\u0101jiena apavi T Aenergy High GTX M"},"content":{"rendered":"<p>Augsti ce\u013co&scaron;anas, p\u0101rg\u0101jienu, pastaigu v\u012brie&scaron;u apavi, pasarg\u0101s no lietus un pot\u012bti no same\u0123\u012bjumiem.<\/p>\n<p>Materi\u0101ls:&nbsp; SoftShell, GTX, Vibram.<\/p>\n","protected":false},"excerpt":{"rendered":"<p>Augsti ce\u013co&scaron;anas, p\u0101rg\u0101jienu, pastaigu v\u012brie&scaron;u apavi, pasarg\u0101s no lietus un pot\u012bti no same\u0123\u012bjumiem. Materi\u0101ls:&nbsp; SoftShell, GTX, Vibram.<\/p>\n","protected":false},"featured_media":73561,"template":"","meta":[],"product_brand":[3386],"product_cat":[4558,5023,5025],"product_tag":[],"class_list":{"0":"post-79603","1":"product","2":"type-product","3":"status-publish","4":"has-post-thumbnail","6":"product_brand-mammut","7":"product_cat-for-tourism-recreation","8":"product_cat-footwear-for-tourism-recreation","9":"product_cat-hiking-footwear-for-tourism-recreation","11":"first","12":"instock","13":"shipping-taxable","14":"purchasable","15":"product-type-simple"},"_links":{"self":[{"href":"https:\/\/sezona.lv\/en\/wp-json\/wp\/v2\/product\/79603","targetHints":{"allow":["GET"]}}],"collection":[{"href":"https:\/\/sezona.lv\/en\/wp-json\/wp\/v2\/product"}],"about":[{"href":"https:\/\/sezona.lv\/en\/wp-json\/wp\/v2\/types\/product"}],"wp:featuredmedia":[{"embeddable":true,"href":"https:\/\/sezona.lv\/en\/wp-json\/wp\/v2\/media\/73561"}],"wp:attachment":[{"href":"https:\/\/sezona.lv\/en\/wp-json\/wp\/v2\/media?parent=79603"}],"wp:term":[{"taxonomy":"product_brand","embeddable":true,"href":"https:\/\/sezona.lv\/en\/wp-json\/wp\/v2\/product_brand?post=79603"},{"taxonomy":"product_cat","embeddable":true,"href":"https:\/\/sezona.lv\/en\/wp-json\/wp\/v2\/product_cat?post=79603"},{"taxonomy":"product_tag","embeddable":true,"href":"https:\/\/sezona.lv\/en\/wp-json\/wp\/v2\/product_tag?post=79603"}],"curies":[{"name":"wp","href":"https:\/\/api.w.org\/{rel}","templated":true}]}}