{"id":79605,"date":"2025-07-11T17:08:49","date_gmt":"2025-07-11T14:08:49","guid":{"rendered":"https:\/\/demo8.ecube.lv\/sezona.lv\/products\/mammut-pargajiena-apavi-alto-high-gtx-m\/"},"modified":"2025-07-14T15:42:52","modified_gmt":"2025-07-14T12:42:52","slug":"mammut-pargajiena-apavi-alto-high-gtx-m","status":"publish","type":"product","link":"https:\/\/sezona.lv\/en\/products\/mammut-pargajiena-apavi-alto-high-gtx-m\/","title":{"rendered":"Mammut p\u0101rg\u0101jiena apavi Alto High GTX M"},"content":{"rendered":"<p>Viegli augsti v\u012brie&scaron;u apavi&nbsp; ar \u012bpa&scaron;i veidotu zoli paredz\u0113ti Via  Ferrata, haikingam un p\u0101rg\u0101jieniem; pasarg\u0101s no lietus un pot\u012bti no  same\u017e\u0123\u012bjumiem, ar neopr\u0113na aug&scaron;da\u013cu.<\/p>\n<p>Materi\u0101ls:&nbsp; SoftShell, GTX.<\/p>\n","protected":false},"excerpt":{"rendered":"<p>Viegli augsti v\u012brie&scaron;u apavi&nbsp; ar \u012bpa&scaron;i veidotu zoli paredz\u0113ti Via Ferrata, haikingam un p\u0101rg\u0101jieniem; pasarg\u0101s no lietus un pot\u012bti no same\u017e\u0123\u012bjumiem, ar neopr\u0113na aug&scaron;da\u013cu. Materi\u0101ls:&nbsp; SoftShell, GTX.<\/p>\n","protected":false},"featured_media":73567,"template":"","meta":[],"product_brand":[3386],"product_cat":[4558,5023,5025],"product_tag":[],"class_list":{"0":"post-79605","1":"product","2":"type-product","3":"status-publish","4":"has-post-thumbnail","6":"product_brand-mammut","7":"product_cat-for-tourism-recreation","8":"product_cat-footwear-for-tourism-recreation","9":"product_cat-hiking-footwear-for-tourism-recreation","11":"first","12":"instock","13":"shipping-taxable","14":"purchasable","15":"product-type-simple"},"_links":{"self":[{"href":"https:\/\/sezona.lv\/en\/wp-json\/wp\/v2\/product\/79605","targetHints":{"allow":["GET"]}}],"collection":[{"href":"https:\/\/sezona.lv\/en\/wp-json\/wp\/v2\/product"}],"about":[{"href":"https:\/\/sezona.lv\/en\/wp-json\/wp\/v2\/types\/product"}],"wp:featuredmedia":[{"embeddable":true,"href":"https:\/\/sezona.lv\/en\/wp-json\/wp\/v2\/media\/73567"}],"wp:attachment":[{"href":"https:\/\/sezona.lv\/en\/wp-json\/wp\/v2\/media?parent=79605"}],"wp:term":[{"taxonomy":"product_brand","embeddable":true,"href":"https:\/\/sezona.lv\/en\/wp-json\/wp\/v2\/product_brand?post=79605"},{"taxonomy":"product_cat","embeddable":true,"href":"https:\/\/sezona.lv\/en\/wp-json\/wp\/v2\/product_cat?post=79605"},{"taxonomy":"product_tag","embeddable":true,"href":"https:\/\/sezona.lv\/en\/wp-json\/wp\/v2\/product_tag?post=79605"}],"curies":[{"name":"wp","href":"https:\/\/api.w.org\/{rel}","templated":true}]}}