{"id":79607,"date":"2025-07-14T15:42:54","date_gmt":"2025-07-14T12:42:54","guid":{"rendered":"https:\/\/demo8.ecube.lv\/sezona.lv\/products\/source-sandales-urban-women\/"},"modified":"2025-07-14T15:42:54","modified_gmt":"2025-07-14T12:42:54","slug":"source-sandales-urban-women","status":"publish","type":"product","link":"https:\/\/sezona.lv\/en\/products\/source-sandales-urban-women\/","title":{"rendered":"Source sandales Urban Women"},"content":{"rendered":"<p>Vieglas un \u0113rtas sandales paredz\u0113tas pils\u0113tvidei, ce\u013cojot vai ikdienai.<\/p>\n","protected":false},"excerpt":{"rendered":"<p>Vieglas un \u0113rtas sandales paredz\u0113tas pils\u0113tvidei, ce\u013cojot vai ikdienai.<\/p>\n","protected":false},"featured_media":0,"template":"","meta":[],"product_brand":[],"product_cat":[4558,4640,5023,5026],"product_tag":[],"class_list":{"0":"post-79607","1":"product","2":"type-product","3":"status-publish","5":"product_cat-for-tourism-recreation","6":"product_cat-recreation","7":"product_cat-footwear-for-tourism-recreation","8":"product_cat-sandals-footwear-for-tourism-recreation","10":"first","11":"instock","12":"shipping-taxable","13":"purchasable","14":"product-type-simple"},"_links":{"self":[{"href":"https:\/\/sezona.lv\/en\/wp-json\/wp\/v2\/product\/79607","targetHints":{"allow":["GET"]}}],"collection":[{"href":"https:\/\/sezona.lv\/en\/wp-json\/wp\/v2\/product"}],"about":[{"href":"https:\/\/sezona.lv\/en\/wp-json\/wp\/v2\/types\/product"}],"wp:attachment":[{"href":"https:\/\/sezona.lv\/en\/wp-json\/wp\/v2\/media?parent=79607"}],"wp:term":[{"taxonomy":"product_brand","embeddable":true,"href":"https:\/\/sezona.lv\/en\/wp-json\/wp\/v2\/product_brand?post=79607"},{"taxonomy":"product_cat","embeddable":true,"href":"https:\/\/sezona.lv\/en\/wp-json\/wp\/v2\/product_cat?post=79607"},{"taxonomy":"product_tag","embeddable":true,"href":"https:\/\/sezona.lv\/en\/wp-json\/wp\/v2\/product_tag?post=79607"}],"curies":[{"name":"wp","href":"https:\/\/api.w.org\/{rel}","templated":true}]}}