{"id":79609,"date":"2025-07-14T15:42:56","date_gmt":"2025-07-14T12:42:56","guid":{"rendered":"https:\/\/demo8.ecube.lv\/sezona.lv\/products\/keen-sandales-clearwater-cnx-m\/"},"modified":"2025-07-14T15:42:56","modified_gmt":"2025-07-14T12:42:56","slug":"keen-sandales-clearwater-cnx-m","status":"publish","type":"product","link":"https:\/\/sezona.lv\/en\/products\/keen-sandales-clearwater-cnx-m\/","title":{"rendered":"Keen sandales Clearwater CNX M"},"content":{"rendered":"<p>&nbsp;<\/p>\n<p>Vieglas zandales ar pl\u0101nu zoli un pirkstu aizsardz\u012bbu. Lieliski  piem\u0113rotas \u016bdens aktivitat\u0113m. \u0100tri \u017e\u016bst un neopr\u0113na ie&scaron;uves pat slapj\u0101m  zandalem ne\u013cauj uzberzt tulznas.<br \/> &ndash; Kont\u016brveida arka papildus stabilitatei p\u0113das izliekumam.<br \/> &ndash; Neopr\u0113na ie&scaron;uves<br \/> &ndash; Pastiprin\u0101ts reljevs zol\u0113 lab\u0101kai sa\u0137erei ar slapju virsmu.<br \/> &ndash; Gumijas zole neatst\u0101j nospiedumus uz gr\u012bdas.<br \/> &ndash; Poliuret\u0101na starpzole<br \/> &ndash; \u0112rta sasie&scaron;anas sit\u0113ma Secure Fit<br \/> &ndash; Mazgajama poiestera virsma<\/p>\n<p>&nbsp;<\/p>\n<p>Svars: 238 g<\/p>\n<p>&nbsp;<\/p>\n","protected":false},"excerpt":{"rendered":"<p>&nbsp; Vieglas zandales ar pl\u0101nu zoli un pirkstu aizsardz\u012bbu. Lieliski piem\u0113rotas \u016bdens aktivitat\u0113m. \u0100tri \u017e\u016bst un neopr\u0113na ie&scaron;uves pat slapj\u0101m zandalem ne\u013cauj uzberzt tulznas. &ndash; Kont\u016brveida arka papildus stabilitatei p\u0113das izliekumam. &ndash; Neopr\u0113na ie&scaron;uves &ndash; Pastiprin\u0101ts reljevs zol\u0113 lab\u0101kai sa\u0137erei ar slapju virsmu. &ndash; Gumijas zole neatst\u0101j nospiedumus uz gr\u012bdas. &ndash; Poliuret\u0101na starpzole &ndash; \u0112rta [&hellip;]<\/p>\n","protected":false},"featured_media":0,"template":"","meta":[],"product_brand":[],"product_cat":[4558,4640,5023,5026],"product_tag":[],"class_list":{"0":"post-79609","1":"product","2":"type-product","3":"status-publish","5":"product_cat-for-tourism-recreation","6":"product_cat-recreation","7":"product_cat-footwear-for-tourism-recreation","8":"product_cat-sandals-footwear-for-tourism-recreation","10":"first","11":"instock","12":"shipping-taxable","13":"purchasable","14":"product-type-simple"},"_links":{"self":[{"href":"https:\/\/sezona.lv\/en\/wp-json\/wp\/v2\/product\/79609","targetHints":{"allow":["GET"]}}],"collection":[{"href":"https:\/\/sezona.lv\/en\/wp-json\/wp\/v2\/product"}],"about":[{"href":"https:\/\/sezona.lv\/en\/wp-json\/wp\/v2\/types\/product"}],"wp:attachment":[{"href":"https:\/\/sezona.lv\/en\/wp-json\/wp\/v2\/media?parent=79609"}],"wp:term":[{"taxonomy":"product_brand","embeddable":true,"href":"https:\/\/sezona.lv\/en\/wp-json\/wp\/v2\/product_brand?post=79609"},{"taxonomy":"product_cat","embeddable":true,"href":"https:\/\/sezona.lv\/en\/wp-json\/wp\/v2\/product_cat?post=79609"},{"taxonomy":"product_tag","embeddable":true,"href":"https:\/\/sezona.lv\/en\/wp-json\/wp\/v2\/product_tag?post=79609"}],"curies":[{"name":"wp","href":"https:\/\/api.w.org\/{rel}","templated":true}]}}