{"id":79613,"date":"2025-07-11T17:09:00","date_gmt":"2025-07-11T14:09:00","guid":{"rendered":"https:\/\/demo8.ecube.lv\/sezona.lv\/products\/source-sandales-jubo-men\/"},"modified":"2025-07-14T15:43:07","modified_gmt":"2025-07-14T12:43:07","slug":"source-sandales-jubo-men","status":"publish","type":"product","link":"https:\/\/sezona.lv\/en\/products\/source-sandales-jubo-men\/","title":{"rendered":"Source sandales JUBO MEN"},"content":{"rendered":"<p><p>Ori\u0123in\u0101las, \u012bpa&scaron;i \u0113rtas ikdienas sandales,&nbsp;kas izgatavotas&nbsp;no labu materi\u0101lu kombin\u0101cijas.<\/p>\n<p>Komplekt\u0101 n\u0101k \u016bdensdro&scaron;a somi\u0146a, kas \u013caus ne tikai uzglab\u0101t t\u012br\u0101 veid\u0101,<br \/> bet ar\u012b dro&scaron;i iepakot, kad net\u012bras, nesasm\u0113r\u0113jot p\u0101r\u0113jo mugursomas \/somas saturu!<\/p>\n<\/p>\n<p>&nbsp;<\/p>\n<p>&nbsp;<\/p>\n<p>&nbsp;<\/p>\n","protected":false},"excerpt":{"rendered":"<p>Ori\u0123in\u0101las, \u012bpa&scaron;i \u0113rtas ikdienas sandales,&nbsp;kas izgatavotas&nbsp;no labu materi\u0101lu kombin\u0101cijas. Komplekt\u0101 n\u0101k \u016bdensdro&scaron;a somi\u0146a, kas \u013caus ne tikai uzglab\u0101t t\u012br\u0101 veid\u0101, bet ar\u012b dro&scaron;i iepakot, kad net\u012bras, nesasm\u0113r\u0113jot p\u0101r\u0113jo mugursomas \/somas saturu! &nbsp; &nbsp; &nbsp;<\/p>\n","protected":false},"featured_media":73582,"template":"","meta":[],"product_brand":[],"product_cat":[4558,5023,5026],"product_tag":[],"class_list":{"0":"post-79613","1":"product","2":"type-product","3":"status-publish","4":"has-post-thumbnail","6":"product_cat-for-tourism-recreation","7":"product_cat-footwear-for-tourism-recreation","8":"product_cat-sandals-footwear-for-tourism-recreation","10":"first","11":"instock","12":"shipping-taxable","13":"purchasable","14":"product-type-simple"},"_links":{"self":[{"href":"https:\/\/sezona.lv\/en\/wp-json\/wp\/v2\/product\/79613","targetHints":{"allow":["GET"]}}],"collection":[{"href":"https:\/\/sezona.lv\/en\/wp-json\/wp\/v2\/product"}],"about":[{"href":"https:\/\/sezona.lv\/en\/wp-json\/wp\/v2\/types\/product"}],"wp:featuredmedia":[{"embeddable":true,"href":"https:\/\/sezona.lv\/en\/wp-json\/wp\/v2\/media\/73582"}],"wp:attachment":[{"href":"https:\/\/sezona.lv\/en\/wp-json\/wp\/v2\/media?parent=79613"}],"wp:term":[{"taxonomy":"product_brand","embeddable":true,"href":"https:\/\/sezona.lv\/en\/wp-json\/wp\/v2\/product_brand?post=79613"},{"taxonomy":"product_cat","embeddable":true,"href":"https:\/\/sezona.lv\/en\/wp-json\/wp\/v2\/product_cat?post=79613"},{"taxonomy":"product_tag","embeddable":true,"href":"https:\/\/sezona.lv\/en\/wp-json\/wp\/v2\/product_tag?post=79613"}],"curies":[{"name":"wp","href":"https:\/\/api.w.org\/{rel}","templated":true}]}}