{"id":79615,"date":"2025-07-14T15:43:09","date_gmt":"2025-07-14T12:43:09","guid":{"rendered":"https:\/\/demo8.ecube.lv\/sezona.lv\/products\/mammut-gulammaiss-creon-down-3-season-195\/"},"modified":"2025-07-14T15:43:09","modified_gmt":"2025-07-14T12:43:09","slug":"mammut-gulammaiss-creon-down-3-season-195","status":"publish","type":"product","link":"https:\/\/sezona.lv\/en\/products\/mammut-gulammaiss-creon-down-3-season-195\/","title":{"rendered":"Mammut gu\u013cammaiss Creon Down 3-Season 195"},"content":{"rendered":"<p>Tr\u012bs sezonu segas tipa d\u016bnu gu\u013cammaiss.<\/p>\n<p><strong>Svars [g] <\/strong>1380<\/p>\n<p><strong>R\u0101v\u0113jsl\u0113dz\u0113ja garums [cm] <\/strong>263<\/p>\n<p><strong>Tilpums [l] <\/strong>9,3<\/p>\n<p><strong>Siltin\u0101juma daudzums [g] <\/strong>440<\/p>\n<p><strong>Maksim\u0101lais auguma garums<\/strong> 195 cm<\/p>\n<p><strong>Iek&scaron;\u0113jais garums (EN 13537: 2012)<\/strong> 214 cm<\/p>\n<p><strong>Iek&scaron;\u0113jais platums k\u0101ju zon\u0101 (EN 13537: 2012<\/strong>) 65 cm<\/p>\n<p><strong>Minim\u0101l\u0101 Komforta temperat\u016bras &deg; C (EN 13537: 2012)<\/strong> -3 &deg; C<\/p>\n<p><strong>Ekstrem\u0101l\u0101 temperat\u016bra &deg; C (EN 13537: 2012)<\/strong> -19 &deg; C<\/p>\n<p><strong>Komforta temperat\u016bra &deg; C (EN 13537: 2012)<\/strong> 3 &deg; C<\/p>\n<p><strong>Maksim\u0101lais iek&scaron;\u0113jais platums EN (13537: 2012)<\/strong> 75 cm<\/p>\n<p><strong>Pamat materi\u0101ls<\/strong> 100% Polyester<\/p>\n<p><strong>Pild\u012bjums <\/strong>90% White goose down | 10% White goose feathe<\/p>\n<p><strong>Oder\u0113juma materi\u0101ls <\/strong>100% Polyester<\/p>\n","protected":false},"excerpt":{"rendered":"<p>Tr\u012bs sezonu segas tipa d\u016bnu gu\u013cammaiss. Svars [g] 1380 R\u0101v\u0113jsl\u0113dz\u0113ja garums [cm] 263 Tilpums [l] 9,3 Siltin\u0101juma daudzums [g] 440 Maksim\u0101lais auguma garums 195 cm Iek&scaron;\u0113jais garums (EN 13537: 2012) 214 cm Iek&scaron;\u0113jais platums k\u0101ju zon\u0101 (EN 13537: 2012) 65 cm Minim\u0101l\u0101 Komforta temperat\u016bras &deg; C (EN 13537: 2012) -3 &deg; C Ekstrem\u0101l\u0101 temperat\u016bra &deg; [&hellip;]<\/p>\n","protected":false},"featured_media":0,"template":"","meta":[],"product_brand":[3386],"product_cat":[4558,4569,4640],"product_tag":[],"class_list":{"0":"post-79615","1":"product","2":"type-product","3":"status-publish","5":"product_brand-mammut","6":"product_cat-for-tourism-recreation","7":"product_cat-sleeping-bags-for-tourism-recreation","8":"product_cat-recreation","10":"first","11":"instock","12":"shipping-taxable","13":"purchasable","14":"product-type-simple"},"_links":{"self":[{"href":"https:\/\/sezona.lv\/en\/wp-json\/wp\/v2\/product\/79615","targetHints":{"allow":["GET"]}}],"collection":[{"href":"https:\/\/sezona.lv\/en\/wp-json\/wp\/v2\/product"}],"about":[{"href":"https:\/\/sezona.lv\/en\/wp-json\/wp\/v2\/types\/product"}],"wp:attachment":[{"href":"https:\/\/sezona.lv\/en\/wp-json\/wp\/v2\/media?parent=79615"}],"wp:term":[{"taxonomy":"product_brand","embeddable":true,"href":"https:\/\/sezona.lv\/en\/wp-json\/wp\/v2\/product_brand?post=79615"},{"taxonomy":"product_cat","embeddable":true,"href":"https:\/\/sezona.lv\/en\/wp-json\/wp\/v2\/product_cat?post=79615"},{"taxonomy":"product_tag","embeddable":true,"href":"https:\/\/sezona.lv\/en\/wp-json\/wp\/v2\/product_tag?post=79615"}],"curies":[{"name":"wp","href":"https:\/\/api.w.org\/{rel}","templated":true}]}}