{"id":79616,"date":"2025-07-11T17:09:06","date_gmt":"2025-07-11T14:09:06","guid":{"rendered":"https:\/\/demo8.ecube.lv\/sezona.lv\/products\/mammut-gulammaiss-creon-down-3-season-180\/"},"modified":"2025-07-14T15:43:10","modified_gmt":"2025-07-14T12:43:10","slug":"mammut-gulammaiss-creon-down-3-season-180","status":"publish","type":"product","link":"https:\/\/sezona.lv\/en\/products\/mammut-gulammaiss-creon-down-3-season-180\/","title":{"rendered":"Mammut gu\u013cammaiss Creon Down 3-Season 180"},"content":{"rendered":"<p><p>Tr\u012bs sezonu segas tipa d\u016bnu gu\u013cammaiss.<\/p>\n<p><strong>Svars [g] <\/strong>1240<\/p>\n<p><strong>R\u0101v\u0113jsl\u0113dz\u0113ja garums [cm] <\/strong>250<\/p>\n<p><strong>Tilpums [l] <\/strong>9,1<\/p>\n<p><strong>Siltin\u0101juma daudzums [g] <\/strong>400<\/p>\n<p><strong>Maksim\u0101lais auguma garums<\/strong> 180 cm<\/p>\n<p><strong>Iek&scaron;\u0113jais garums (EN 13537: 2012)<\/strong> 199 cm<\/p>\n<p><strong>Iek&scaron;\u0113jais platums k\u0101ju zon\u0101 (EN 13537: 2012<\/strong>) 65 cm<\/p>\n<p><strong>Minim\u0101l\u0101 Komforta temperat\u016bras &deg; C (EN 13537: 2012)<\/strong> -3 &deg; C<\/p>\n<p><strong>Ekstrem\u0101l\u0101 temperat\u016bra &deg; C (EN 13537: 2012)<\/strong> -19 &deg; C<\/p>\n<p><strong>Komforta temperat\u016bra &deg; C (EN 13537: 2012)<\/strong> 3 &deg; C<\/p>\n<p><strong>Maksim\u0101lais iek&scaron;\u0113jais platums EN (13537: 2012)<\/strong> 75 cm<\/p>\n<p><strong>Pamat materi\u0101ls<\/strong> 100% Polyester<\/p>\n<p><strong>Pild\u012bjums <\/strong>90% White goose down | 10% White goose feathe<\/p>\n<p><strong>Oder\u0113juma materi\u0101ls <\/strong>100% Polyester<\/p><\/p>\n","protected":false},"excerpt":{"rendered":"<p>Tr\u012bs sezonu segas tipa d\u016bnu gu\u013cammaiss. Svars [g] 1240 R\u0101v\u0113jsl\u0113dz\u0113ja garums [cm] 250 Tilpums [l] 9,1 Siltin\u0101juma daudzums [g] 400 Maksim\u0101lais auguma garums 180 cm Iek&scaron;\u0113jais garums (EN 13537: 2012) 199 cm Iek&scaron;\u0113jais platums k\u0101ju zon\u0101 (EN 13537: 2012) 65 cm Minim\u0101l\u0101 Komforta temperat\u016bras &deg; C (EN 13537: 2012) -3 &deg; C Ekstrem\u0101l\u0101 temperat\u016bra &deg; [&hellip;]<\/p>\n","protected":false},"featured_media":73597,"template":"","meta":[],"product_brand":[3386],"product_cat":[4558,4569],"product_tag":[],"class_list":{"0":"post-79616","1":"product","2":"type-product","3":"status-publish","4":"has-post-thumbnail","6":"product_brand-mammut","7":"product_cat-for-tourism-recreation","8":"product_cat-sleeping-bags-for-tourism-recreation","10":"first","11":"instock","12":"shipping-taxable","13":"purchasable","14":"product-type-simple"},"_links":{"self":[{"href":"https:\/\/sezona.lv\/en\/wp-json\/wp\/v2\/product\/79616","targetHints":{"allow":["GET"]}}],"collection":[{"href":"https:\/\/sezona.lv\/en\/wp-json\/wp\/v2\/product"}],"about":[{"href":"https:\/\/sezona.lv\/en\/wp-json\/wp\/v2\/types\/product"}],"wp:featuredmedia":[{"embeddable":true,"href":"https:\/\/sezona.lv\/en\/wp-json\/wp\/v2\/media\/73597"}],"wp:attachment":[{"href":"https:\/\/sezona.lv\/en\/wp-json\/wp\/v2\/media?parent=79616"}],"wp:term":[{"taxonomy":"product_brand","embeddable":true,"href":"https:\/\/sezona.lv\/en\/wp-json\/wp\/v2\/product_brand?post=79616"},{"taxonomy":"product_cat","embeddable":true,"href":"https:\/\/sezona.lv\/en\/wp-json\/wp\/v2\/product_cat?post=79616"},{"taxonomy":"product_tag","embeddable":true,"href":"https:\/\/sezona.lv\/en\/wp-json\/wp\/v2\/product_tag?post=79616"}],"curies":[{"name":"wp","href":"https:\/\/api.w.org\/{rel}","templated":true}]}}