{"id":79619,"date":"2025-07-11T17:09:12","date_gmt":"2025-07-11T14:09:12","guid":{"rendered":"https:\/\/demo8.ecube.lv\/sezona.lv\/products\/mammut-gulammaiss-little-mammut-mti-140\/"},"modified":"2025-07-14T15:43:13","modified_gmt":"2025-07-14T12:43:13","slug":"mammut-gulammaiss-little-mammut-mti-140","status":"publish","type":"product","link":"https:\/\/sezona.lv\/en\/products\/mammut-gulammaiss-little-mammut-mti-140\/","title":{"rendered":"Mammut gu\u013cammaiss Little Mammut MTI 140"},"content":{"rendered":"<p><strong>Svars [g] <\/strong>850<\/p>\n<p><strong>R\u0101v\u0113jsl\u0113dz\u0113ja garums [cm] <\/strong>90<\/p>\n<p><strong>Tilpums [l] <\/strong>4,3<\/p>\n<p><strong>Siltin\u0101juma daudzums [g] <\/strong>500<\/p>\n<p><strong>Maksim\u0101lais auguma garums<\/strong> 140 cm<\/p>\n<p><strong>Iek&scaron;\u0113jais garums (EN 13537: 2012)<\/strong> 149 cm<\/p>\n<p><strong>Iek&scaron;\u0113jais platums k\u0101ju zon\u0101 (EN 13537: 2012<\/strong>) 45 cm<\/p>\n<p><strong>Maksim\u0101lais iek&scaron;\u0113jais platums EN (13537: 2012)<\/strong> 65 cm<\/p>\n<p><strong>Pamat materi\u0101ls<\/strong> 100% Polyester<\/p>\n<p><strong>Pild\u012bjums <\/strong>100% Polyester<\/p>\n<p><strong>Oder\u0113juma materi\u0101ls <\/strong>100% Polyester<\/p>\n","protected":false},"excerpt":{"rendered":"<p>Svars [g] 850 R\u0101v\u0113jsl\u0113dz\u0113ja garums [cm] 90 Tilpums [l] 4,3 Siltin\u0101juma daudzums [g] 500 Maksim\u0101lais auguma garums 140 cm Iek&scaron;\u0113jais garums (EN 13537: 2012) 149 cm Iek&scaron;\u0113jais platums k\u0101ju zon\u0101 (EN 13537: 2012) 45 cm Maksim\u0101lais iek&scaron;\u0113jais platums EN (13537: 2012) 65 cm Pamat materi\u0101ls 100% Polyester Pild\u012bjums 100% Polyester Oder\u0113juma materi\u0101ls 100% Polyester<\/p>\n","protected":false},"featured_media":73620,"template":"","meta":[],"product_brand":[3386],"product_cat":[4558,4569,4983],"product_tag":[],"class_list":{"0":"post-79619","1":"product","2":"type-product","3":"status-publish","4":"has-post-thumbnail","6":"product_brand-mammut","7":"product_cat-for-tourism-recreation","8":"product_cat-sleeping-bags-for-tourism-recreation","9":"product_cat-mammut-sleeping-bags-sleeping-bags-for-tourism-recreation","11":"first","12":"instock","13":"shipping-taxable","14":"purchasable","15":"product-type-simple"},"_links":{"self":[{"href":"https:\/\/sezona.lv\/en\/wp-json\/wp\/v2\/product\/79619","targetHints":{"allow":["GET"]}}],"collection":[{"href":"https:\/\/sezona.lv\/en\/wp-json\/wp\/v2\/product"}],"about":[{"href":"https:\/\/sezona.lv\/en\/wp-json\/wp\/v2\/types\/product"}],"wp:featuredmedia":[{"embeddable":true,"href":"https:\/\/sezona.lv\/en\/wp-json\/wp\/v2\/media\/73620"}],"wp:attachment":[{"href":"https:\/\/sezona.lv\/en\/wp-json\/wp\/v2\/media?parent=79619"}],"wp:term":[{"taxonomy":"product_brand","embeddable":true,"href":"https:\/\/sezona.lv\/en\/wp-json\/wp\/v2\/product_brand?post=79619"},{"taxonomy":"product_cat","embeddable":true,"href":"https:\/\/sezona.lv\/en\/wp-json\/wp\/v2\/product_cat?post=79619"},{"taxonomy":"product_tag","embeddable":true,"href":"https:\/\/sezona.lv\/en\/wp-json\/wp\/v2\/product_tag?post=79619"}],"curies":[{"name":"wp","href":"https:\/\/api.w.org\/{rel}","templated":true}]}}