{"id":79621,"date":"2025-07-11T17:09:16","date_gmt":"2025-07-11T14:09:16","guid":{"rendered":"https:\/\/demo8.ecube.lv\/sezona.lv\/products\/mammut-gulammaiss-creon-mti-3-season-180r\/"},"modified":"2025-07-14T15:43:15","modified_gmt":"2025-07-14T12:43:15","slug":"mammut-gulammaiss-creon-mti-3-season-180r","status":"publish","type":"product","link":"https:\/\/sezona.lv\/en\/products\/mammut-gulammaiss-creon-mti-3-season-180r\/","title":{"rendered":"Mammut gu\u013cammaiss Creon MTI 3-Season 180R"},"content":{"rendered":"<p>Tr\u012bssezonu segas tipa gu\u013cammaiss ar sint\u0113tisko siltin\u0101t\u0101ju ajungilak MTI Element.<\/p>\n<p><strong>Svars [g] <\/strong>1680<\/p>\n<p><strong>R\u0101v\u0113jsl\u0113dz\u0113ja garums [cm] <\/strong>250<\/p>\n<p><strong>Tilpums [l] <\/strong>8<\/p>\n<p><strong>Siltin\u0101juma daudzums [g] <\/strong>940<\/p>\n<p><strong>Maksim\u0101lais auguma garums<\/strong> 180 cm<\/p>\n<p><strong>Iek&scaron;\u0113jais garums (EN 13537: 2012)<\/strong> 199 cm<\/p>\n<p><strong>Iek&scaron;\u0113jais platums k\u0101ju zon\u0101 (EN 13537: 2012<\/strong>) 65 cm<\/p>\n<p><strong>Minim\u0101l\u0101 Komforta temperat\u016bras &deg; C (EN 13537: 2012)<\/strong> -1 &deg; C<\/p>\n<p><strong>Ekstrem\u0101l\u0101 temperat\u016bra &deg; C (EN 13537: 2012)<\/strong> -17 &deg; C<\/p>\n<p><strong>Komforta temperat\u016bra &deg; C (EN 13537: 2012)<\/strong> 4 &deg; C<\/p>\n<p><strong>Maksim\u0101lais iek&scaron;\u0113jais platums EN (13537: 2012)<\/strong> 75 cm<\/p>\n<p><strong>Nosiltin\u0101ta apkakle: <\/strong>N\u0113<\/p>\n<p><strong>Pamat materi\u0101ls<\/strong> 100% Polyester<\/p>\n<p><strong>Pild\u012bjums <\/strong>100% Polyester<\/p>\n<p><strong>Oder\u0113juma materi\u0101ls <\/strong>100% Polyester<\/p>\n","protected":false},"excerpt":{"rendered":"<p>Tr\u012bssezonu segas tipa gu\u013cammaiss ar sint\u0113tisko siltin\u0101t\u0101ju ajungilak MTI Element. Svars [g] 1680 R\u0101v\u0113jsl\u0113dz\u0113ja garums [cm] 250 Tilpums [l] 8 Siltin\u0101juma daudzums [g] 940 Maksim\u0101lais auguma garums 180 cm Iek&scaron;\u0113jais garums (EN 13537: 2012) 199 cm Iek&scaron;\u0113jais platums k\u0101ju zon\u0101 (EN 13537: 2012) 65 cm Minim\u0101l\u0101 Komforta temperat\u016bras &deg; C (EN 13537: 2012) -1 &deg; [&hellip;]<\/p>\n","protected":false},"featured_media":73636,"template":"","meta":[],"product_brand":[3386],"product_cat":[4558,4569,4983],"product_tag":[],"class_list":{"0":"post-79621","1":"product","2":"type-product","3":"status-publish","4":"has-post-thumbnail","6":"product_brand-mammut","7":"product_cat-for-tourism-recreation","8":"product_cat-sleeping-bags-for-tourism-recreation","9":"product_cat-mammut-sleeping-bags-sleeping-bags-for-tourism-recreation","11":"first","12":"instock","13":"shipping-taxable","14":"purchasable","15":"product-type-simple"},"_links":{"self":[{"href":"https:\/\/sezona.lv\/en\/wp-json\/wp\/v2\/product\/79621","targetHints":{"allow":["GET"]}}],"collection":[{"href":"https:\/\/sezona.lv\/en\/wp-json\/wp\/v2\/product"}],"about":[{"href":"https:\/\/sezona.lv\/en\/wp-json\/wp\/v2\/types\/product"}],"wp:featuredmedia":[{"embeddable":true,"href":"https:\/\/sezona.lv\/en\/wp-json\/wp\/v2\/media\/73636"}],"wp:attachment":[{"href":"https:\/\/sezona.lv\/en\/wp-json\/wp\/v2\/media?parent=79621"}],"wp:term":[{"taxonomy":"product_brand","embeddable":true,"href":"https:\/\/sezona.lv\/en\/wp-json\/wp\/v2\/product_brand?post=79621"},{"taxonomy":"product_cat","embeddable":true,"href":"https:\/\/sezona.lv\/en\/wp-json\/wp\/v2\/product_cat?post=79621"},{"taxonomy":"product_tag","embeddable":true,"href":"https:\/\/sezona.lv\/en\/wp-json\/wp\/v2\/product_tag?post=79621"}],"curies":[{"name":"wp","href":"https:\/\/api.w.org\/{rel}","templated":true}]}}